{"id":5847,"date":"2024-05-20T13:51:25","date_gmt":"2024-05-20T11:51:25","guid":{"rendered":"https:\/\/www.elpedrueco.com\/?page_id=5847"},"modified":"2024-10-23T14:12:20","modified_gmt":"2024-10-23T12:12:20","slug":"condiciones-de-reserva-y-cancelacion","status":"publish","type":"page","link":"https:\/\/www.elpedrueco.com\/fr\/condiciones-de-reserva-y-cancelacion\/","title":{"rendered":"Conditions de r\u00e9servation et d&#039;annulation"},"content":{"rendered":"<div data-elementor-type=\"wp-page\" data-elementor-id=\"5847\" class=\"elementor elementor-5847\" data-elementor-post-type=\"page\">\n\t\t\t\t\t\t<section class=\"elementor-section elementor-top-section elementor-element elementor-element-e7f24bb elementor-section-stretched elementor-section-full_width elementor-section-height-default elementor-section-height-default\" data-id=\"e7f24bb\" data-element_type=\"section\" data-settings=\"{&quot;stretch_section&quot;:&quot;section-stretched&quot;}\">\n\t\t\t\t\t\t<div class=\"elementor-container elementor-column-gap-default\">\n\t\t\t\t\t<div class=\"elementor-column elementor-col-100 elementor-top-column elementor-element elementor-element-fddaf76\" data-id=\"fddaf76\" data-element_type=\"column\">\n\t\t\t<div class=\"elementor-widget-wrap elementor-element-populated\">\n\t\t\t\t\t\t<div class=\"elementor-element elementor-element-d9424b8 elementor-invisible elementor-widget elementor-widget-heading\" data-id=\"d9424b8\" data-element_type=\"widget\" data-settings=\"{&quot;_animation&quot;:&quot;fadeInUp&quot;}\" data-widget_type=\"heading.default\">\n\t\t\t\t<div class=\"elementor-widget-container\">\n\t\t\t\t\t<h1 class=\"elementor-heading-title elementor-size-default\">Conditions de r\u00e9servation et d&#039;annulation<\/h1>\t\t\t\t<\/div>\n\t\t\t\t<\/div>\n\t\t\t\t<div class=\"elementor-element elementor-element-6e8ac69 elementor-widget-divider--view-line elementor-widget elementor-widget-divider\" data-id=\"6e8ac69\" data-element_type=\"widget\" data-widget_type=\"divider.default\">\n\t\t\t\t<div class=\"elementor-widget-container\">\n\t\t\t\t\t\t\t<div class=\"elementor-divider\">\n\t\t\t<span class=\"elementor-divider-separator\">\n\t\t\t\t\t\t<\/span>\n\t\t<\/div>\n\t\t\t\t\t\t<\/div>\n\t\t\t\t<\/div>\n\t\t\t\t<section class=\"elementor-section elementor-inner-section elementor-element elementor-element-3789270 elementor-section-boxed elementor-section-height-default elementor-section-height-default\" data-id=\"3789270\" data-element_type=\"section\">\n\t\t\t\t\t\t<div class=\"elementor-container elementor-column-gap-default\">\n\t\t\t\t\t<div class=\"elementor-column elementor-col-100 elementor-inner-column elementor-element elementor-element-4205363\" data-id=\"4205363\" data-element_type=\"column\">\n\t\t\t<div class=\"elementor-widget-wrap elementor-element-populated\">\n\t\t\t\t\t\t<div class=\"elementor-element elementor-element-843e3fe elementor-widget elementor-widget-text-editor\" data-id=\"843e3fe\" data-element_type=\"widget\" data-widget_type=\"text-editor.default\">\n\t\t\t\t<div class=\"elementor-widget-container\">\n\t\t\t\t\t\t\t\t\t<ul>\n<li>La capacit\u00e9 maximale de la maison est de 6 personnes.<\/li>\n<li>El Pedrueco n&#039;est pas responsable de toute r\u00e9servation qui n&#039;a pas \u00e9t\u00e9 confirm\u00e9e par \u00e9crit.<\/li>\n<li>Il est lou\u00e9 dans son int\u00e9gralit\u00e9, avec 1, 2 ou 3 chambres. selon r\u00e9servation et contrat. La nuit\u00e9e et\/ou le s\u00e9jour de personnes non inscrites dans l&#039;\u00e9tablissement n&#039;est pas autoris\u00e9, sauf location \u00e0 la demande d&#039;Ev\u00e8nements.<\/li>\n<li>La location d&#039;installations pour \u00e9v\u00e9nements et r\u00e9unions est un service suppl\u00e9mentaire et avec des conditions expresses selon l&#039;\u00e9v\u00e9nement et le contrat.<\/li>\n<li>Heure d&#039;entr\u00e9e \u00e0 partir de 18h00<\/li>\n<li>Heure de d\u00e9part avant 11h (selon disponibilit\u00e9, les d\u00e9parts apr\u00e8s le d\u00e9jeuner seront payants).<\/li>\n<li>V\u00e9rifiez le jour d\u2019entr\u00e9e hebdomadaire \u00e0 T Alta. Consultez toujours pour tout changement d\u2019horaire).<\/li>\n<\/ul>\n<p><span style=\"color: var( --e-global-color-text ); font-family: var( --e-global-typography-text-font-family ), Sans-serif; font-size: var( --e-global-typography-text-font-size ); font-weight: var( --e-global-typography-text-font-weight );\"><b><br><\/b><\/span><\/p><p><span style=\"color: var( --e-global-color-text ); font-family: var( --e-global-typography-text-font-family ), Sans-serif; font-size: var( --e-global-typography-text-font-size ); font-weight: var( --e-global-typography-text-font-weight );\"><b>Z<\/b><\/span><span style=\"color: var( --e-global-color-text ); font-family: var( --e-global-typography-text-font-family ), Sans-serif; font-size: var( --e-global-typography-text-font-size ); font-weight: var( --e-global-typography-text-font-weight );\"><b>espaces ext\u00e9rieurs partag\u00e9s<\/b><\/span><br><\/p>\n<ul>\n<li>Les animaux seront admis, sur demande, tenus en laisse dans les espaces communs et toujours en compagnie des propri\u00e9taires.<\/li>\n<li>Les clients seront responsables de tout dommage caus\u00e9 par eux ou par leurs animaux de compagnie dans le logement.<\/li>\n<li>Changement de linge chaque semaine ou quand le client le souhaite (Politique Environnementale).<\/li>\n<li>L&#039;utilisation des serviettes du logement \u00e0 l&#039;ext\u00e9rieur et dans la piscine n&#039;est pas autoris\u00e9e.<\/li>\n<li>Mode de paiement web El Pedrueco : 50% pour r\u00e9servation par r\u00e9servation en ligne ou virement bancaire. Repos d\u00e8s la signature du contrat. Ou selon les conditions du site de r\u00e9servation.<\/li>\n<li>Le s\u00e9jour sera factur\u00e9 en totalit\u00e9, en fonction des nuits contract\u00e9es, les nuits ne seront pas d\u00e9duites si le client d\u00e9cide de reporter l&#039;enregistrement ou le d\u00e9part anticip\u00e9.<\/li>\n<li>Le Client s&#039;engage \u00e0 signaler pendant son s\u00e9jour toute irr\u00e9gularit\u00e9 ou d\u00e9ficience qu&#039;il pourrait constater dans le logement et El Pedrueco s&#039;engage \u00e0 r\u00e9soudre ces probl\u00e8mes dans les plus brefs d\u00e9lais.<\/li>\n<li>Sont exclues les responsabilit\u00e9s suivantes de la part de l&#039;h\u00e9bergement : El Pedrueco est situ\u00e9 dans un environnement rural avec de nombreux avantages et quelques inconv\u00e9nients, t\u00e9l\u00e9phonie restreinte avec moins d&#039;entreprises, Wi-Fi moins puissant, coupures de courant occasionnelles, eau...<\/li><li>Coupures d\u2019\u00e9lectricit\u00e9 et d\u2019eau<\/li><li>La casse de tout appareil dans le logement doit \u00eatre signal\u00e9e imm\u00e9diatement et en informer le service technique correspondant, et sa r\u00e9solution non imm\u00e9diate ne donnera pas lieu \u00e0 une indemnisation.<\/li><li>Les travaux de l&#039;administration ou d&#039;autres entreprises en dehors du logement qui sont r\u00e9alis\u00e9s \u00e0 proximit\u00e9<\/li><li>Tout type de cause majeure, naturelle ou similaire pouvant affecter la jouissance du s\u00e9jour<\/li><\/ul>\n<ul>\n<li>Caution 200 \u20ac (montant forfaitaire) \u00e0 restituer dans les 7 jours apr\u00e8s le d\u00e9part et v\u00e9rification du logement.<\/li>\n<li>Les offres s&#039;appliquent uniquement aux r\u00e9servations directes aupr\u00e8s de la maison.<\/li>\n<li>La Direction se r\u00e9serve le droit de p\u00e9n\u00e9trer dans le logement en cas de n\u00e9cessit\u00e9.<\/li>\n<li>Le logement doit \u00eatre rendu propre et avec tous les meubles et effets personnels dans l&#039;\u00e9tat dans lequel ils ont \u00e9t\u00e9 trouv\u00e9s.<\/li>\n<\/ul>\n<div><br><\/div>\n<p><strong>POLITIQUE D&#039;ANNULATION<\/strong><\/p>\n<p>-L&#039;annulation sera sans frais 24 heures apr\u00e8s avoir effectu\u00e9 la r\u00e9servation et jusqu&#039;\u00e0 30 jours avant la date d&#039;arriv\u00e9e, le montant total vers\u00e9 au titre de \u00ab avance de r\u00e9servation \u00bb sera rembours\u00e9 (50% du s\u00e9jour total).&nbsp;<\/p>\n<p>\u2013Entre 30 et 15 jours avant la date d\u2019arriv\u00e9e, la p\u00e9nalit\u00e9 sera de 25% de \u00ab l\u2019avance de r\u00e9servation \u00bb.<\/p>\n<p>\u2013Entre 30 jours et 7 jours avant la date d\u2019arriv\u00e9e, la p\u00e9nalit\u00e9 sera de 50% de \u00ab l\u2019avance de r\u00e9servation \u00bb.<\/p>\n<p>\u2013Dans les 7 jours pr\u00e9c\u00e9dant la date d\u2019entr\u00e9e, aucun montant de \u00ab l\u2019avance de r\u00e9servation \u00bb ne sera rembours\u00e9.<\/p>\n<ul>\n<li>Frais de gestion pour le compte du client<\/li>\n<li>Ou selon les conditions du site de r\u00e9servation.<\/li>\n<\/ul><div><br><\/div>\t\t\t\t\t\t\t\t<\/div>\n\t\t\t\t<\/div>\n\t\t\t\t\t<\/div>\n\t\t<\/div>\n\t\t\t\t\t<\/div>\n\t\t<\/section>\n\t\t\t\t\t<\/div>\n\t\t<\/div>\n\t\t\t\t\t<\/div>\n\t\t<\/section>\n\t\t\t\t<section class=\"elementor-section elementor-top-section elementor-element elementor-element-e068784 elementor-section-boxed elementor-section-height-default elementor-section-height-default\" data-id=\"e068784\" data-element_type=\"section\">\n\t\t\t\t\t\t<div class=\"elementor-container elementor-column-gap-default\">\n\t\t\t\t\t<div class=\"elementor-column elementor-col-100 elementor-top-column elementor-element elementor-element-173d580\" data-id=\"173d580\" data-element_type=\"column\">\n\t\t\t<div class=\"elementor-widget-wrap elementor-element-populated\">\n\t\t\t\t\t\t<div class=\"elementor-element elementor-element-46fd75d elementor-widget elementor-widget-spacer\" data-id=\"46fd75d\" data-element_type=\"widget\" data-widget_type=\"spacer.default\">\n\t\t\t\t<div class=\"elementor-widget-container\">\n\t\t\t\t\t\t\t<div class=\"elementor-spacer\">\n\t\t\t<div class=\"elementor-spacer-inner\"><\/div>\n\t\t<\/div>\n\t\t\t\t\t\t<\/div>\n\t\t\t\t<\/div>\n\t\t\t\t\t<\/div>\n\t\t<\/div>\n\t\t\t\t\t<\/div>\n\t\t<\/section>\n\t\t\t\t<\/div>","protected":false},"excerpt":{"rendered":"<p>Condiciones de reserva y cancelaci\u00f3n La capacidad m\u00e1xima de la casa es 6 personas. El Pedrueco no se hace responsable de ninguna reserva que no haya sido confirmada por escrito. Se alquila \u00edntegra, con 1, 2 o 3 hab. seg\u00fan reserva y contrato. No estando permitida la pernoctaci\u00f3n y\/o estancia de personas no inscritas en [&hellip;]<\/p>","protected":false},"author":3,"featured_media":0,"parent":0,"menu_order":0,"comment_status":"closed","ping_status":"closed","template":"","meta":{"_joinchat":[],"footnotes":""},"class_list":["post-5847","page","type-page","status-publish","hentry"],"_links":{"self":[{"href":"https:\/\/www.elpedrueco.com\/fr\/wp-json\/wp\/v2\/pages\/5847","targetHints":{"allow":["GET"]}}],"collection":[{"href":"https:\/\/www.elpedrueco.com\/fr\/wp-json\/wp\/v2\/pages"}],"about":[{"href":"https:\/\/www.elpedrueco.com\/fr\/wp-json\/wp\/v2\/types\/page"}],"author":[{"embeddable":true,"href":"https:\/\/www.elpedrueco.com\/fr\/wp-json\/wp\/v2\/users\/3"}],"replies":[{"embeddable":true,"href":"https:\/\/www.elpedrueco.com\/fr\/wp-json\/wp\/v2\/comments?post=5847"}],"version-history":[{"count":5,"href":"https:\/\/www.elpedrueco.com\/fr\/wp-json\/wp\/v2\/pages\/5847\/revisions"}],"predecessor-version":[{"id":5866,"href":"https:\/\/www.elpedrueco.com\/fr\/wp-json\/wp\/v2\/pages\/5847\/revisions\/5866"}],"wp:attachment":[{"href":"https:\/\/www.elpedrueco.com\/fr\/wp-json\/wp\/v2\/media?parent=5847"}],"curies":[{"name":"wp","href":"https:\/\/api.w.org\/{rel}","templated":true}]}}