{"id":5137,"date":"2023-11-20T13:16:42","date_gmt":"2023-11-20T12:16:42","guid":{"rendered":"https:\/\/www.elpedrueco.com\/accesibilidad\/"},"modified":"2023-11-22T18:31:26","modified_gmt":"2023-11-22T17:31:26","slug":"accesibilidad","status":"publish","type":"page","link":"https:\/\/www.elpedrueco.com\/fr\/accesibilidad\/","title":{"rendered":"Accessibilit\u00e9"},"content":{"rendered":"<div data-elementor-type=\"wp-page\" data-elementor-id=\"5137\" class=\"elementor elementor-5137\" data-elementor-post-type=\"page\">\n\t\t\t\t\t\t<section class=\"elementor-section elementor-top-section elementor-element elementor-element-7171d525 elementor-section-full_width elementor-section-height-default elementor-section-height-default\" data-id=\"7171d525\" data-element_type=\"section\" data-settings=\"{&quot;background_background&quot;:&quot;classic&quot;,&quot;background_motion_fx_motion_fx_scrolling&quot;:&quot;yes&quot;,&quot;background_motion_fx_devices&quot;:[&quot;desktop&quot;,&quot;tablet&quot;,&quot;mobile&quot;]}\">\n\t\t\t\t\t\t\t<div class=\"elementor-background-overlay\"><\/div>\n\t\t\t\t\t\t\t<div class=\"elementor-container elementor-column-gap-no\">\n\t\t\t\t\t<div class=\"elementor-column elementor-col-100 elementor-top-column elementor-element elementor-element-1f0bc2cb\" data-id=\"1f0bc2cb\" data-element_type=\"column\" data-settings=\"{&quot;background_background&quot;:&quot;classic&quot;}\">\n\t\t\t<div class=\"elementor-widget-wrap elementor-element-populated\">\n\t\t\t\t\t\t<div class=\"elementor-element elementor-element-19afbef1 elementor-invisible elementor-widget elementor-widget-heading\" data-id=\"19afbef1\" data-element_type=\"widget\" data-settings=\"{&quot;_animation&quot;:&quot;fadeInLeft&quot;}\" data-widget_type=\"heading.default\">\n\t\t\t\t<div class=\"elementor-widget-container\">\n\t\t\t\t\t<h1 class=\"elementor-heading-title elementor-size-default\">ACCESSIBILIT\u00c9<\/h1>\t\t\t\t<\/div>\n\t\t\t\t<\/div>\n\t\t\t\t<div class=\"elementor-element elementor-element-6381dc86 elementor-widget elementor-widget-text-editor\" data-id=\"6381dc86\" data-element_type=\"widget\" data-widget_type=\"text-editor.default\">\n\t\t\t\t<div class=\"elementor-widget-container\">\n\t\t\t\t\t\t\t\t\t<p style=\"text-align: center;\">D\u00e9claration responsable d&#039;accessibilit\u00e9 de ce site Internet conform\u00e9ment \u00e0 la r\u00e9glementation en vigueur<\/p>\t\t\t\t\t\t\t\t<\/div>\n\t\t\t\t<\/div>\n\t\t\t\t\t<\/div>\n\t\t<\/div>\n\t\t\t\t\t<\/div>\n\t\t<\/section>\n\t\t\t\t<section class=\"elementor-section elementor-top-section elementor-element elementor-element-16b61614 elementor-section-boxed elementor-section-height-default elementor-section-height-default\" data-id=\"16b61614\" data-element_type=\"section\">\n\t\t\t\t\t\t<div class=\"elementor-container elementor-column-gap-default\">\n\t\t\t\t\t<div class=\"elementor-column elementor-col-100 elementor-top-column elementor-element elementor-element-5c6bf520\" data-id=\"5c6bf520\" data-element_type=\"column\">\n\t\t\t<div class=\"elementor-widget-wrap elementor-element-populated\">\n\t\t\t\t\t\t<div class=\"elementor-element elementor-element-44d0a57 elementor-widget elementor-widget-text-editor\" data-id=\"44d0a57\" data-element_type=\"widget\" data-widget_type=\"text-editor.default\">\n\t\t\t\t<div class=\"elementor-widget-container\">\n\t\t\t\t\t\t\t\t\t<p><strong>LE PEDRU\u00c9CO<\/strong> se ha comprometido a proporcionar una experiencia de sitio web totalmente accesible para todos los usuarios, incluidos aquellos que dependen de tecnolog\u00edas de asistencia como lectores de pantalla, software de ampliaci\u00f3n de pantalla y dispositivos de entrada de teclado alternativos para navegar por la web, de conformidad avec lui <a class=\"ext\" href=\"https:\/\/www.boe.es\/diario_boe\/txt.php?id=BOE-A-2018-12699\" target=\"_blank\" rel=\"noopener noreferrer\" data-extlink=\"\">D\u00e9cret royal 1112\/2018, du 7 septembre, sur l&#039;accessibilit\u00e9 des sites Web et des applications pour appareils mobiles du secteur public.<\/a><\/p><p>Cette d\u00e9claration d&#039;accessibilit\u00e9 s&#039;applique au site Internet : www.elpedrueco.com<\/p>\t\t\t\t\t\t\t\t<\/div>\n\t\t\t\t<\/div>\n\t\t\t\t<div class=\"elementor-element elementor-element-3a56e3bf elementor-invisible elementor-widget elementor-widget-heading\" data-id=\"3a56e3bf\" data-element_type=\"widget\" data-settings=\"{&quot;_animation&quot;:&quot;fadeIn&quot;}\" data-widget_type=\"heading.default\">\n\t\t\t\t<div class=\"elementor-widget-container\">\n\t\t\t\t\t<h2 class=\"elementor-heading-title elementor-size-default\">SITUATION DE CONFORMIT\u00c9<\/h2>\t\t\t\t<\/div>\n\t\t\t\t<\/div>\n\t\t\t\t<div class=\"elementor-element elementor-element-76a1276f elementor-widget elementor-widget-text-editor\" data-id=\"76a1276f\" data-element_type=\"widget\" data-widget_type=\"text-editor.default\">\n\t\t\t\t<div class=\"elementor-widget-container\">\n\t\t\t\t\t\t\t\t\t<p>Ce site Internet est partiellement conforme au RD 1112\/2018 en raison des exceptions et du manque de conformit\u00e9 des aspects indiqu\u00e9s dans le point suivant.<\/p>\t\t\t\t\t\t\t\t<\/div>\n\t\t\t\t<\/div>\n\t\t\t\t<div class=\"elementor-element elementor-element-7352982d elementor-invisible elementor-widget elementor-widget-heading\" data-id=\"7352982d\" data-element_type=\"widget\" data-settings=\"{&quot;_animation&quot;:&quot;fadeIn&quot;}\" data-widget_type=\"heading.default\">\n\t\t\t\t<div class=\"elementor-widget-container\">\n\t\t\t\t\t<h2 class=\"elementor-heading-title elementor-size-default\">CONTENU NON ACCESSIBLE<\/h2>\t\t\t\t<\/div>\n\t\t\t\t<\/div>\n\t\t\t\t<div class=\"elementor-element elementor-element-4f11e1b5 elementor-widget elementor-widget-text-editor\" data-id=\"4f11e1b5\" data-element_type=\"widget\" data-widget_type=\"text-editor.default\">\n\t\t\t\t<div class=\"elementor-widget-container\">\n\t\t\t\t\t\t\t\t\t<p><span style=\"color: var( --e-global-color-text ); font-family: var( --e-global-typography-text-font-family ), Sans-serif; font-size: var( --e-global-typography-text-font-size ); font-weight: var( --e-global-typography-text-font-weight );\">Le contenu collect\u00e9 ci-dessous n&#039;est pas accessible pour les raisons suivantes\u00a0:<\/span><\/p><h3 style=\"padding-left: 40px;\">Non-respect du RD 1112\/2018<\/h3><p style=\"padding-left: 40px;\">Il se peut que des documents bureautiques au format PDF et dans d&#039;autres formats publi\u00e9s apr\u00e8s le 20 septembre 2018 ne soient pas enti\u00e8rement conformes aux exigences en mati\u00e8re d&#039;accessibilit\u00e9. Des documents enti\u00e8rement accessibles peuvent \u00eatre demand\u00e9s depuis le formulaire de contact pour formaliser les r\u00e9clamations et les questions.<\/p><p style=\"padding-left: 40px;\">Il peut y avoir des erreurs de code d&#039;\u00e9dition sp\u00e9cifiques sur certaines pages Web. [4.1.1 Traitement]<\/p><h3 style=\"padding-left: 40px;\">Le contenu n&#039;entre pas dans le champ d&#039;application de la l\u00e9gislation applicable<\/h3><p style=\"padding-left: 40px;\">Il peut y avoir des fichiers bureautiques au format PDF ou dans d&#039;autres formats publi\u00e9s avant le 20 septembre 2018 qui ne respectent pas enti\u00e8rement toutes les exigences en mati\u00e8re d&#039;accessibilit\u00e9. Bien que des efforts aient \u00e9t\u00e9 faits pour garantir que la majorit\u00e9 d\u2019entre eux s\u2019y conforment.<\/p>\t\t\t\t\t\t\t\t<\/div>\n\t\t\t\t<\/div>\n\t\t\t\t<div class=\"elementor-element elementor-element-6cf38983 elementor-invisible elementor-widget elementor-widget-heading\" data-id=\"6cf38983\" data-element_type=\"widget\" data-settings=\"{&quot;_animation&quot;:&quot;fadeIn&quot;}\" data-widget_type=\"heading.default\">\n\t\t\t\t<div class=\"elementor-widget-container\">\n\t\t\t\t\t<h2 class=\"elementor-heading-title elementor-size-default\">CONTENU OPTIONNEL<\/h2>\t\t\t\t<\/div>\n\t\t\t\t<\/div>\n\t\t\t\t<div class=\"elementor-element elementor-element-14f5b427 elementor-widget elementor-widget-text-editor\" data-id=\"14f5b427\" data-element_type=\"widget\" data-widget_type=\"text-editor.default\">\n\t\t\t\t<div class=\"elementor-widget-container\">\n\t\t\t\t\t\t\t\t\t<p><span style=\"color: var( --e-global-color-text ); font-family: var( --e-global-typography-text-font-family ), Sans-serif; font-size: var( --e-global-typography-text-font-size ); font-weight: var( --e-global-typography-text-font-weight );\">Ce site Web est con\u00e7u pour pouvoir modifier la taille et la couleur du texte, ainsi que l&#039;arri\u00e8re-plan de la page \u00e0 l&#039;aide des param\u00e8tres standard du navigateur.<\/span><\/p>\n<p>Si vous souhaitez modifier la taille de la police du texte dans les principaux navigateurs graphiques, utilisez les menus suivants :<\/p>\n<ul>\n<li>Internet Explorer, Mozilla et Firefox\u00a0: Affichage &gt; Taille du texte<\/li>\n<li>Opera\u00a0:\u00a0Affichage\u00a0&gt;\u00a0Zoom<\/li>\n<li>Safari\u00a0:\u00a0Affichage\u00a0&gt; Agrandir le texte<\/li>\n<li>Chrome\u00a0:\u00a0Contr\u00f4ler la page actuelle &gt; Taille du textePour modifier la taille de tout ce qui se trouve sur la page\u00a0:<\/li>\n<li>Ctrl + + pour l&#039;augmenter<\/li><li>Ctrl + \u2013 pour le diminuer<\/li><li>Ctrl + 0 restaure la taille du texte d&#039;origine<\/li><li>Si vous souhaitez remplacer la feuille de style ou modifier la couleur du texte, vous pouvez consulter la page <span lang=\"en\" style=\"background-color: transparent; color: var( --e-global-color-text ); font-family: var( --e-global-typography-text-font-family ), Sans-serif; font-weight: var( --e-global-typography-text-font-weight );\">Comment modifier la taille ou les couleurs du texte WAI<\/span><span style=\"background-color: transparent; color: var( --e-global-color-text ); font-family: var( --e-global-typography-text-font-family ), Sans-serif; font-weight: var( --e-global-typography-text-font-weight );\">, qui peut \u00eatre lu traduit en espagnol dans Comment changer la taille ou les couleurs du texte ?<\/span><\/li>\n<\/ul>\t\t\t\t\t\t\t\t<\/div>\n\t\t\t\t<\/div>\n\t\t\t\t<div class=\"elementor-element elementor-element-76533f9b elementor-invisible elementor-widget elementor-widget-heading\" data-id=\"76533f9b\" data-element_type=\"widget\" data-settings=\"{&quot;_animation&quot;:&quot;fadeIn&quot;}\" data-widget_type=\"heading.default\">\n\t\t\t\t<div class=\"elementor-widget-container\">\n\t\t\t\t\t<h2 class=\"elementor-heading-title elementor-size-default\">FONCTIONNALIT\u00c9S D&#039;ACCESSIBILIT\u00c9 SUR NOTRE SITE WEB<\/h2>\t\t\t\t<\/div>\n\t\t\t\t<\/div>\n\t\t\t\t<div class=\"elementor-element elementor-element-2a0776b4 elementor-widget elementor-widget-text-editor\" data-id=\"2a0776b4\" data-element_type=\"widget\" data-widget_type=\"text-editor.default\">\n\t\t\t\t<div class=\"elementor-widget-container\">\n\t\t\t\t\t\t\t\t\t<div><span style=\"color: var( --e-global-color-text ); font-family: var( --e-global-typography-text-font-family ), Sans-serif; font-size: var( --e-global-typography-text-font-size ); font-weight: var( --e-global-typography-text-font-weight );\">Gr\u00e2ce au plugin \u00ab One Click Accessibility \u00bb, nous avons int\u00e9gr\u00e9 les outils suivants pour am\u00e9liorer l&#039;accessibilit\u00e9 :<\/span><\/div><ul><li>Modifier la taille de la police (augmenter\/diminuer)<\/li><li>Niveaux de gris<\/li><li>Contraste n\u00e9gatif<\/li><li>Contraste \u00e9lev\u00e9<\/li><li>fond clair<\/li><li>Lien soulignant<\/li><li>Police lisible<\/li><li>Lien vers le plan du site\/les commentaires\/les pages d&#039;aide<\/li><li>Activer le passage au contenu<\/li><li>Ajouter le focus de contour pour les \u00e9l\u00e9ments focalisables<\/li><li>Supprimer l&#039;attribut cible des liens<\/li><li>Ajouter des r\u00f4les de r\u00e9f\u00e9rence \u00e0 tous les liens<\/li><li>Personnalisateur pour l&#039;ajustement du style<\/li><\/ul>\t\t\t\t\t\t\t\t<\/div>\n\t\t\t\t<\/div>\n\t\t\t\t<div class=\"elementor-element elementor-element-674e694f elementor-invisible elementor-widget elementor-widget-heading\" data-id=\"674e694f\" data-element_type=\"widget\" data-settings=\"{&quot;_animation&quot;:&quot;fadeIn&quot;}\" data-widget_type=\"heading.default\">\n\t\t\t\t<div class=\"elementor-widget-container\">\n\t\t\t\t\t<h2 class=\"elementor-heading-title elementor-size-default\">O\u00d9 NOUS AM\u00c9LIORONS<\/h2>\t\t\t\t<\/div>\n\t\t\t\t<\/div>\n\t\t\t\t<div class=\"elementor-element elementor-element-1165e10e elementor-widget elementor-widget-text-editor\" data-id=\"1165e10e\" data-element_type=\"widget\" data-widget_type=\"text-editor.default\">\n\t\t\t\t<div class=\"elementor-widget-container\">\n\t\t\t\t\t\t\t\t\t<div><span style=\"color: var( --e-global-color-text ); font-family: var( --e-global-typography-text-font-family ), Sans-serif; font-size: var( --e-global-typography-text-font-size ); font-weight: var( --e-global-typography-text-font-weight );\">Cela fait partie de notre effort plus large visant \u00e0 rendre l&#039;exp\u00e9rience de chacun \u00e0 EL PEDRUECO accueillante et agr\u00e9able. Veuillez noter que m\u00eame si nous mettons tout en \u0153uvre pour fournir des informations accessibles \u00e0 tous les utilisateurs, nous ne pouvons pas garantir l&#039;accessibilit\u00e9 des sites Web tiers vers lesquels nous pouvons cr\u00e9er des liens.<\/span><\/div>\t\t\t\t\t\t\t\t<\/div>\n\t\t\t\t<\/div>\n\t\t\t\t<div class=\"elementor-element elementor-element-69de1955 elementor-invisible elementor-widget elementor-widget-heading\" data-id=\"69de1955\" data-element_type=\"widget\" data-settings=\"{&quot;_animation&quot;:&quot;fadeIn&quot;}\" data-widget_type=\"heading.default\">\n\t\t\t\t<div class=\"elementor-widget-container\">\n\t\t\t\t\t<h2 class=\"elementor-heading-title elementor-size-default\">ACCESSIBILIT\u00c9 SUPPORT CONTACT<\/h2>\t\t\t\t<\/div>\n\t\t\t\t<\/div>\n\t\t\t\t<div class=\"elementor-element elementor-element-45cc593 elementor-widget elementor-widget-text-editor\" data-id=\"45cc593\" data-element_type=\"widget\" data-widget_type=\"text-editor.default\">\n\t\t\t\t<div class=\"elementor-widget-container\">\n\t\t\t\t\t\t\t\t\t<div><span style=\"color: var( --e-global-color-text ); font-family: var( --e-global-typography-text-font-family ), Sans-serif; font-size: var( --e-global-typography-text-font-size ); font-weight: var( --e-global-typography-text-font-weight );\">Nous appr\u00e9cions les commentaires, les questions et les commentaires sur notre site Web. Si vous utilisez des technologies d&#039;assistance et rencontrez des difficult\u00e9s pour utiliser notre site Web, veuillez envoyer un e-mail \u00e0 info@elpedrueco.com. Nous ferons de notre mieux pour vous aider et r\u00e9soudre les probl\u00e8mes.<\/span><\/div>\t\t\t\t\t\t\t\t<\/div>\n\t\t\t\t<\/div>\n\t\t\t\t\t<\/div>\n\t\t<\/div>\n\t\t\t\t\t<\/div>\n\t\t<\/section>\n\t\t\t\t<section class=\"elementor-section elementor-top-section elementor-element elementor-element-1661e624 elementor-section-boxed elementor-section-height-default elementor-section-height-default\" data-id=\"1661e624\" data-element_type=\"section\">\n\t\t\t\t\t\t<div class=\"elementor-container elementor-column-gap-default\">\n\t\t\t\t\t<div class=\"elementor-column elementor-col-100 elementor-top-column elementor-element elementor-element-7fea4769\" data-id=\"7fea4769\" data-element_type=\"column\">\n\t\t\t<div class=\"elementor-widget-wrap elementor-element-populated\">\n\t\t\t\t\t\t<div class=\"elementor-element elementor-element-6263c216 elementor-align-center elementor-widget elementor-widget-button\" data-id=\"6263c216\" data-element_type=\"widget\" data-widget_type=\"button.default\">\n\t\t\t\t<div class=\"elementor-widget-container\">\n\t\t\t\t\t\t\t\t\t<div class=\"elementor-button-wrapper\">\n\t\t\t\t\t<a class=\"elementor-button elementor-button-link elementor-size-md elementor-animation-grow\" href=\"https:\/\/www.elpedrueco.com\/fr\/contacto\/\">\n\t\t\t\t\t\t<span class=\"elementor-button-content-wrapper\">\n\t\t\t\t\t\t\t\t\t<span class=\"elementor-button-text\">Demandez plus d&#039;informations<\/span>\n\t\t\t\t\t<\/span>\n\t\t\t\t\t<\/a>\n\t\t\t\t<\/div>\n\t\t\t\t\t\t\t\t<\/div>\n\t\t\t\t<\/div>\n\t\t\t\t\t<\/div>\n\t\t<\/div>\n\t\t\t\t\t<\/div>\n\t\t<\/section>\n\t\t\t\t<\/div>","protected":false},"excerpt":{"rendered":"<p>ACCESSIBILIT\u00c9 La d\u00e9claration d&#039;accessibilit\u00e9 responsable de ce site Web, conform\u00e9ment \u00e0 la r\u00e9glementation en vigueur, s&#039;engage \u00e0 fournir une exp\u00e9rience de site Web enti\u00e8rement accessible \u00e0 tous les utilisateurs, y compris ceux qui s&#039;appuient sur des technologies d&#039;assistance telles que des lecteurs d&#039;\u00e9cran, des logiciels d&#039;agrandissement d&#039;\u00e9cran et des dispositifs de saisie au clavier alternatifs [\u2026]<\/p>","protected":false},"author":3,"featured_media":5140,"parent":0,"menu_order":0,"comment_status":"closed","ping_status":"closed","template":"elementor_header_footer","meta":{"_joinchat":[],"footnotes":""},"class_list":["post-5137","page","type-page","status-publish","has-post-thumbnail","hentry"],"_links":{"self":[{"href":"https:\/\/www.elpedrueco.com\/fr\/wp-json\/wp\/v2\/pages\/5137","targetHints":{"allow":["GET"]}}],"collection":[{"href":"https:\/\/www.elpedrueco.com\/fr\/wp-json\/wp\/v2\/pages"}],"about":[{"href":"https:\/\/www.elpedrueco.com\/fr\/wp-json\/wp\/v2\/types\/page"}],"author":[{"embeddable":true,"href":"https:\/\/www.elpedrueco.com\/fr\/wp-json\/wp\/v2\/users\/3"}],"replies":[{"embeddable":true,"href":"https:\/\/www.elpedrueco.com\/fr\/wp-json\/wp\/v2\/comments?post=5137"}],"version-history":[{"count":5,"href":"https:\/\/www.elpedrueco.com\/fr\/wp-json\/wp\/v2\/pages\/5137\/revisions"}],"predecessor-version":[{"id":5537,"href":"https:\/\/www.elpedrueco.com\/fr\/wp-json\/wp\/v2\/pages\/5137\/revisions\/5537"}],"wp:featuredmedia":[{"embeddable":true,"href":"https:\/\/www.elpedrueco.com\/fr\/wp-json\/wp\/v2\/media\/5140"}],"wp:attachment":[{"href":"https:\/\/www.elpedrueco.com\/fr\/wp-json\/wp\/v2\/media?parent=5137"}],"curies":[{"name":"wp","href":"https:\/\/api.w.org\/{rel}","templated":true}]}}