{"id":5125,"date":"2023-11-20T13:16:40","date_gmt":"2023-11-20T12:16:40","guid":{"rendered":"https:\/\/www.elpedrueco.com\/aviso-legal\/"},"modified":"2023-11-22T18:00:13","modified_gmt":"2023-11-22T17:00:13","slug":"aviso-legal","status":"publish","type":"page","link":"https:\/\/www.elpedrueco.com\/fr\/aviso-legal\/","title":{"rendered":"Avis juridique"},"content":{"rendered":"<div data-elementor-type=\"wp-page\" data-elementor-id=\"5125\" class=\"elementor elementor-5125\" data-elementor-post-type=\"page\">\n\t\t\t\t\t\t<section class=\"elementor-section elementor-top-section elementor-element elementor-element-3f6ab1dd elementor-section-full_width elementor-section-height-default elementor-section-height-default\" data-id=\"3f6ab1dd\" data-element_type=\"section\" data-settings=\"{&quot;background_background&quot;:&quot;classic&quot;,&quot;background_motion_fx_motion_fx_scrolling&quot;:&quot;yes&quot;,&quot;background_motion_fx_devices&quot;:[&quot;desktop&quot;,&quot;tablet&quot;,&quot;mobile&quot;]}\">\n\t\t\t\t\t\t\t<div class=\"elementor-background-overlay\"><\/div>\n\t\t\t\t\t\t\t<div class=\"elementor-container elementor-column-gap-no\">\n\t\t\t\t\t<div class=\"elementor-column elementor-col-100 elementor-top-column elementor-element elementor-element-3bca5c1d\" data-id=\"3bca5c1d\" data-element_type=\"column\">\n\t\t\t<div class=\"elementor-widget-wrap elementor-element-populated\">\n\t\t\t\t\t\t<div class=\"elementor-element elementor-element-3de6033e elementor-invisible elementor-widget elementor-widget-heading\" data-id=\"3de6033e\" data-element_type=\"widget\" data-settings=\"{&quot;_animation&quot;:&quot;fadeInLeft&quot;}\" data-widget_type=\"heading.default\">\n\t\t\t\t<div class=\"elementor-widget-container\">\n\t\t\t\t\t<h1 class=\"elementor-heading-title elementor-size-default\">AVIS JURIDIQUE <\/h1>\t\t\t\t<\/div>\n\t\t\t\t<\/div>\n\t\t\t\t<div class=\"elementor-element elementor-element-629f984 elementor-widget elementor-widget-text-editor\" data-id=\"629f984\" data-element_type=\"widget\" data-widget_type=\"text-editor.default\">\n\t\t\t\t<div class=\"elementor-widget-container\">\n\t\t\t\t\t\t\t\t\t<p style=\"text-align: center;\">Informations sur la propri\u00e9t\u00e9 du site Web, son \u00e9tendue et son utilisation.<\/p>\t\t\t\t\t\t\t\t<\/div>\n\t\t\t\t<\/div>\n\t\t\t\t<section class=\"elementor-section elementor-inner-section elementor-element elementor-element-32233cf3 elementor-section-boxed elementor-section-height-default elementor-section-height-default\" data-id=\"32233cf3\" data-element_type=\"section\">\n\t\t\t\t\t\t<div class=\"elementor-container elementor-column-gap-default\">\n\t\t\t\t\t<div class=\"elementor-column elementor-col-100 elementor-inner-column elementor-element elementor-element-47a5c1f6\" data-id=\"47a5c1f6\" data-element_type=\"column\">\n\t\t\t<div class=\"elementor-widget-wrap\">\n\t\t\t\t\t\t\t<\/div>\n\t\t<\/div>\n\t\t\t\t\t<\/div>\n\t\t<\/section>\n\t\t\t\t\t<\/div>\n\t\t<\/div>\n\t\t\t\t\t<\/div>\n\t\t<\/section>\n\t\t\t\t<section class=\"elementor-section elementor-top-section elementor-element elementor-element-648a3e79 elementor-section-boxed elementor-section-height-default elementor-section-height-default\" data-id=\"648a3e79\" data-element_type=\"section\">\n\t\t\t\t\t\t<div class=\"elementor-container elementor-column-gap-default\">\n\t\t\t\t\t<div class=\"elementor-column elementor-col-100 elementor-top-column elementor-element elementor-element-e8edb42\" data-id=\"e8edb42\" data-element_type=\"column\">\n\t\t\t<div class=\"elementor-widget-wrap elementor-element-populated\">\n\t\t\t\t\t\t<div class=\"elementor-element elementor-element-19b59b6b elementor-invisible elementor-widget elementor-widget-heading\" data-id=\"19b59b6b\" data-element_type=\"widget\" data-settings=\"{&quot;_animation&quot;:&quot;fadeIn&quot;}\" data-widget_type=\"heading.default\">\n\t\t\t\t<div class=\"elementor-widget-container\">\n\t\t\t\t\t<h2 class=\"elementor-heading-title elementor-size-default\">LA POSSESSION<\/h2>\t\t\t\t<\/div>\n\t\t\t\t<\/div>\n\t\t\t\t<div class=\"elementor-element elementor-element-7bc5e223 elementor-widget elementor-widget-text-editor\" data-id=\"7bc5e223\" data-element_type=\"widget\" data-widget_type=\"text-editor.default\">\n\t\t\t\t<div class=\"elementor-widget-container\">\n\t\t\t\t\t\t\t\t\t<p>Conform\u00e9ment aux obligations \u00e9tablies par l&#039;article 10 de la loi 34\/2002 du 11 juillet sur les services de la soci\u00e9t\u00e9 de l&#039;information et du commerce \u00e9lectronique, il est indiqu\u00e9 que cette page correspond \u00e0 l&#039;entit\u00e9\u00a0:<\/p><p><b>Gros titre:<\/b> El Pedrueco \u2013 24400340P<b><br \/>Maison:<\/b> Tourisme rural El Pedrueco <br>\r\nPlace Viobes, n\u00ba16 <br>\r\n33529 Viobes-NAVA <br>\r\nPrincipaut\u00e9 des Asturies <b><br \/>T\u00e9l\u00e9phone:<\/b> (+34) 630 031 058<b><br \/>E-mail:<\/b> info@elpedrueco.com<b><br \/>La toile:<\/b> www.elpedrueco.com<br \/><b style=\"color: var( --e-global-color-text ); font-size: 1.2rem; letter-spacing: 0px;\">Date de derni\u00e8re modification\/mise \u00e0 jour de ces mentions l\u00e9gales : <\/b><span style=\"color: var( --e-global-color-text ); font-size: 1.2rem; letter-spacing: 0px;\">20 novembre 2024<\/span><\/p><p>Pour toute question, vous pouvez contacter El Pedrueco en utilisant le formulaire de contact ou en appelant le (+34) 630 031 058. Vous pouvez nous contacter de quelque mani\u00e8re que ce soit pour communiquer avec nous.<\/p>\t\t\t\t\t\t\t\t<\/div>\n\t\t\t\t<\/div>\n\t\t\t\t<div class=\"elementor-element elementor-element-7e84d397 elementor-invisible elementor-widget elementor-widget-heading\" data-id=\"7e84d397\" data-element_type=\"widget\" data-settings=\"{&quot;_animation&quot;:&quot;fadeIn&quot;}\" data-widget_type=\"heading.default\">\n\t\t\t\t<div class=\"elementor-widget-container\">\n\t\t\t\t\t<h2 class=\"elementor-heading-title elementor-size-default\">OBJECTIF ET PORT\u00c9E DU SITE WEB<\/h2>\t\t\t\t<\/div>\n\t\t\t\t<\/div>\n\t\t\t\t<div class=\"elementor-element elementor-element-7fffbc3e elementor-widget elementor-widget-text-editor\" data-id=\"7fffbc3e\" data-element_type=\"widget\" data-widget_type=\"text-editor.default\">\n\t\t\t\t<div class=\"elementor-widget-container\">\n\t\t\t\t\t\t\t\t\t<p>Les pr\u00e9sentes Conditions G\u00e9n\u00e9rales de Contrat et d&#039;Utilisation ont pour objet de r\u00e9glementer la mise \u00e0 disposition des informations fournies dans la boutique en ligne El Pedrueco, ainsi que les transactions commerciales qui surviennent entre El Pedrueco et les utilisateurs du domaine www.elpedrueco.com. Tant la navigation sur la boutique en ligne que l&#039;achat de l&#039;un des produits qui y sont propos\u00e9s impliquent l&#039;acceptation en tant qu&#039;utilisateur, sans r\u00e9serve d&#039;aucune sorte, de chacune des pr\u00e9sentes conditions g\u00e9n\u00e9rales de contrat et d&#039;utilisation. El Pedrueco peut modifier le site Web pour y apporter tous changements et modifications qu&#039;il juge appropri\u00e9s et jug\u00e9s n\u00e9cessaires \u00e0 son bon fonctionnement, sans pr\u00e9avis.<\/p>\t\t\t\t\t\t\t\t<\/div>\n\t\t\t\t<\/div>\n\t\t\t\t<div class=\"elementor-element elementor-element-3115a177 elementor-invisible elementor-widget elementor-widget-heading\" data-id=\"3115a177\" data-element_type=\"widget\" data-settings=\"{&quot;_animation&quot;:&quot;fadeIn&quot;}\" data-widget_type=\"heading.default\">\n\t\t\t\t<div class=\"elementor-widget-container\">\n\t\t\t\t\t<h2 class=\"elementor-heading-title elementor-size-default\">UTILISATEURS<\/h2>\t\t\t\t<\/div>\n\t\t\t\t<\/div>\n\t\t\t\t<div class=\"elementor-element elementor-element-2efe7db3 elementor-widget elementor-widget-text-editor\" data-id=\"2efe7db3\" data-element_type=\"widget\" data-widget_type=\"text-editor.default\">\n\t\t\t\t<div class=\"elementor-widget-container\">\n\t\t\t\t\t\t\t\t\tL&#039;acc\u00e8s et\/ou l&#039;utilisation de ce portail El Pedrueco attribue la condition d&#039;UTILISATEUR, qui accepte, \u00e0 partir dudit acc\u00e8s et\/ou utilisation, les Conditions G\u00e9n\u00e9rales d&#039;Utilisation refl\u00e9t\u00e9es ici. L&#039;acc\u00e8s au site Web sera volontaire et rel\u00e8vera donc de la responsabilit\u00e9 de l&#039;utilisateur, qui sera responsable de tout effet direct ou indirect pouvant d\u00e9couler de l&#039;utilisation du site Web, y compris, mais sans s&#039;y limiter, les r\u00e9sultats \u00e9conomiques, techniques. et\/ou juridique, ainsi que la d\u00e9ception des attentes g\u00e9n\u00e9r\u00e9es par notre site Web, l&#039;utilisateur \u00e9tant tenu de d\u00e9gager El Pedrueco de toute responsabilit\u00e9 pour toute r\u00e9clamation d\u00e9riv\u00e9e, directement ou indirectement, de tels \u00e9v\u00e9nements.\t\t\t\t\t\t\t\t<\/div>\n\t\t\t\t<\/div>\n\t\t\t\t<div class=\"elementor-element elementor-element-56c251d0 elementor-invisible elementor-widget elementor-widget-heading\" data-id=\"56c251d0\" data-element_type=\"widget\" data-settings=\"{&quot;_animation&quot;:&quot;fadeIn&quot;}\" data-widget_type=\"heading.default\">\n\t\t\t\t<div class=\"elementor-widget-container\">\n\t\t\t\t\t<h2 class=\"elementor-heading-title elementor-size-default\">UTILISATION DU PORTAIL<\/h2>\t\t\t\t<\/div>\n\t\t\t\t<\/div>\n\t\t\t\t<div class=\"elementor-element elementor-element-22615b19 elementor-widget elementor-widget-text-editor\" data-id=\"22615b19\" data-element_type=\"widget\" data-widget_type=\"text-editor.default\">\n\t\t\t\t<div class=\"elementor-widget-container\">\n\t\t\t\t\t\t\t\t\twww.elpedrueco.com donne acc\u00e8s \u00e0 une multitude d&#039;informations, de services, de programmes ou de donn\u00e9es (ci-apr\u00e8s, \u00ab les contenus \u00bb) sur Internet appartenant \u00e0 El Pedrueco ou \u00e0 ses conc\u00e9dants de licence auxquels l&#039;UTILISATEUR peut avoir acc\u00e8s. L&#039;UTILISATEUR assume la responsabilit\u00e9 de l&#039;utilisation du portail. Cette responsabilit\u00e9 s&#039;\u00e9tend \u00e0 l&#039;inscription n\u00e9cessaire pour acc\u00e9der \u00e0 certains services ou contenus. Lors de cette inscription, l&#039;UTILISATEUR sera responsable de fournir des informations v\u00e9ridiques et licites. \u00c0 la suite de cette inscription, l&#039;UTILISATEUR pourra se voir attribuer un mot de passe dont il sera responsable, s&#039;engageant \u00e0 en faire un usage diligent et confidentiel. L&#039;UTILISATEUR s&#039;engage \u00e0 utiliser de mani\u00e8re appropri\u00e9e les contenus et les services (tels que les services de chat, les forums de discussion ou les groupes de discussion) qu&#039;El Pedrueco peut proposer \u00e0 travers son portail et \u00e0 caract\u00e8re \u00e9nonciatif mais non limitatif, \u00e0 moins de les utiliser pour (i) s&#039;engager dans activit\u00e9s illicites, ill\u00e9gales ou contraires \u00e0 la bonne foi et \u00e0 l&#039;ordre public ; (ii) diffuser des contenus ou de la propagande \u00e0 caract\u00e8re raciste, x\u00e9nophobe, pornographique-ill\u00e9gal, pr\u00f4nant le terrorisme ou violant les droits de l&#039;homme ; (iii) causer des dommages aux syst\u00e8mes physiques et logiques d&#039;El Pedrueco, de ses fournisseurs ou de tiers, introduire ou propager sur le r\u00e9seau des virus informatiques ou tout autre syst\u00e8me physique ou logique susceptible de causer les dommages susmentionn\u00e9s\u00a0; (iv) tenter d&#039;acc\u00e9der et, le cas \u00e9ch\u00e9ant, d&#039;utiliser les comptes de messagerie d&#039;autres utilisateurs et de modifier ou manipuler leurs messages. El Pedrueco se r\u00e9serve le droit de retirer tous les commentaires et contributions qui portent atteinte au respect de la dignit\u00e9 de la personne, qui sont discriminatoires, x\u00e9nophobes, racistes, pornographiques, qui attaquent la jeunesse ou l&#039;enfance, l&#039;ordre ou la s\u00e9curit\u00e9 publique ou qui, \u00e0 son avis, n&#039;\u00e9taient pas apte \u00e0 \u00eatre publi\u00e9. En aucun cas, El Pedrueco ne sera responsable des opinions exprim\u00e9es par les utilisateurs \u00e0 travers les forums, chats ou autres outils de participation.\t\t\t\t\t\t\t\t<\/div>\n\t\t\t\t<\/div>\n\t\t\t\t<div class=\"elementor-element elementor-element-6a1339c9 elementor-invisible elementor-widget elementor-widget-heading\" data-id=\"6a1339c9\" data-element_type=\"widget\" data-settings=\"{&quot;_animation&quot;:&quot;fadeIn&quot;}\" data-widget_type=\"heading.default\">\n\t\t\t\t<div class=\"elementor-widget-container\">\n\t\t\t\t\t<h2 class=\"elementor-heading-title elementor-size-default\">PROPRI\u00c9T\u00c9 INTELLECTUELLE ET INDUSTRIELLE<\/h2>\t\t\t\t<\/div>\n\t\t\t\t<\/div>\n\t\t\t\t<div class=\"elementor-element elementor-element-cb143fd elementor-widget elementor-widget-text-editor\" data-id=\"cb143fd\" data-element_type=\"widget\" data-widget_type=\"text-editor.default\">\n\t\t\t\t<div class=\"elementor-widget-container\">\n\t\t\t\t\t\t\t\t\tEl Pedrueco, seul ou en tant que cessionnaire, est propri\u00e9taire de tous les droits de propri\u00e9t\u00e9 intellectuelle et industrielle de son site Internet, ainsi que des \u00e9l\u00e9ments qui y sont contenus (\u00e0 titre d&#039;exemple, images, sons, audio, vid\u00e9o, logiciels ou textes ; marques ou logos, combinaisons de couleurs, structure et design, s\u00e9lection des mat\u00e9riaux utilis\u00e9s, programmes informatiques n\u00e9cessaires \u00e0 son fonctionnement, acc\u00e8s et utilisation, etc.), propri\u00e9t\u00e9 d&#039;El Pedrueco ou de ses conc\u00e9dants de licence. Tous droits r\u00e9serv\u00e9s. En vertu des dispositions des articles 8 et 32.1, deuxi\u00e8me alin\u00e9a, de la Loi sur la Propri\u00e9t\u00e9 Intellectuelle, la reproduction, la distribution et la communication publique, y compris le mode de mise \u00e0 disposition, de tout ou partie du contenu de ce site Web, \u00e0 des fins commerciales , sur tout support et par tout moyen technique, sans l&#039;autorisation d&#039;El Pedrueco. L&#039;UTILISATEUR s&#039;engage \u00e0 respecter les droits de propri\u00e9t\u00e9 intellectuelle et industrielle d\u00e9tenus par El Pedrueco. Vous pouvez visualiser les \u00e9l\u00e9ments du portail et m\u00eame les imprimer, les copier et les stocker sur le disque dur de votre ordinateur ou sur tout autre support physique \u00e0 condition que ce soit, uniquement et exclusivement, pour votre usage personnel et priv\u00e9. L&#039;UTILISATEUR doit s&#039;abstenir de supprimer, alt\u00e9rer, \u00e9luder ou manipuler tout dispositif de protection ou syst\u00e8me de s\u00e9curit\u00e9 install\u00e9 sur les pages d&#039;El Pedrueco. Par cons\u00e9quent, l&#039;utilisation du site Internet El Pedrueco \u00e0 des fins publiques ou commerciales est interdite, de sorte que le contenu du site Internet ne peut \u00eatre exploit\u00e9, reproduit, distribu\u00e9, modifi\u00e9, communiqu\u00e9 publiquement, transf\u00e9r\u00e9, transform\u00e9 ou utilis\u00e9. L&#039;introduction de liens hypertextes \u00e0 des fins commerciales sur des pages Web autres que El Pedrueco, qui permettent d&#039;acc\u00e9der \u00e0 notre site Web, sans accord pr\u00e9alable, est express\u00e9ment interdite. En tout \u00e9tat de cause, l&#039;existence d&#039;hyperliens sur des sites Internet autres que le n\u00f4tre n&#039;impliquera en aucun cas l&#039;existence de relations commerciales ou commerciales avec le propri\u00e9taire du site Internet sur lequel l&#039;hyperlien est \u00e9tabli, ni l&#039;acceptation par El Pedrueco de son contenu ou de ses services.\t\t\t\t\t\t\t\t<\/div>\n\t\t\t\t<\/div>\n\t\t\t\t<div class=\"elementor-element elementor-element-3e4ab901 elementor-invisible elementor-widget elementor-widget-heading\" data-id=\"3e4ab901\" data-element_type=\"widget\" data-settings=\"{&quot;_animation&quot;:&quot;fadeIn&quot;}\" data-widget_type=\"heading.default\">\n\t\t\t\t<div class=\"elementor-widget-container\">\n\t\t\t\t\t<h3 class=\"elementor-heading-title elementor-size-default\">ADRESSES IP<\/h3>\t\t\t\t<\/div>\n\t\t\t\t<\/div>\n\t\t\t\t<div class=\"elementor-element elementor-element-14ed5ac5 elementor-widget elementor-widget-text-editor\" data-id=\"14ed5ac5\" data-element_type=\"widget\" data-widget_type=\"text-editor.default\">\n\t\t\t\t<div class=\"elementor-widget-container\">\n\t\t\t\t\t\t\t\t\tLes serveurs du site Web peuvent d\u00e9tecter automatiquement l&#039;adresse IP et le nom de domaine utilis\u00e9s par l&#039;utilisateur. Une adresse IP est un num\u00e9ro automatiquement attribu\u00e9 \u00e0 un ordinateur lorsqu&#039;il se connecte \u00e0 Internet. Toutes ces informations sont enregistr\u00e9es dans un fichier d&#039;activit\u00e9 du serveur d\u00fbment enregistr\u00e9 qui permet le traitement ult\u00e9rieur des donn\u00e9es afin d&#039;obtenir uniquement des mesures statistiques permettant de conna\u00eetre le nombre d&#039;impressions de pages, le nombre de visites effectu\u00e9es sur les services Web, l&#039;ordre des visites. , le point d&#039;acc\u00e8s, etc.\t\t\t\t\t\t\t\t<\/div>\n\t\t\t\t<\/div>\n\t\t\t\t<div class=\"elementor-element elementor-element-10182bf2 elementor-invisible elementor-widget elementor-widget-heading\" data-id=\"10182bf2\" data-element_type=\"widget\" data-settings=\"{&quot;_animation&quot;:&quot;fadeIn&quot;}\" data-widget_type=\"heading.default\">\n\t\t\t\t<div class=\"elementor-widget-container\">\n\t\t\t\t\t<h2 class=\"elementor-heading-title elementor-size-default\">EXCLUSION DE GARANTIES ET DE RESPONSABILIT\u00c9<\/h2>\t\t\t\t<\/div>\n\t\t\t\t<\/div>\n\t\t\t\t<div class=\"elementor-element elementor-element-693d3a59 elementor-widget elementor-widget-text-editor\" data-id=\"693d3a59\" data-element_type=\"widget\" data-widget_type=\"text-editor.default\">\n\t\t\t\t<div class=\"elementor-widget-container\">\n\t\t\t\t\t\t\t\t\tEl Pedrueco n&#039;est pas responsable des dommages pouvant r\u00e9sulter d&#039;interf\u00e9rences, omissions, interruptions, virus informatiques, pannes et\/ou d\u00e9connexions dans le fonctionnement op\u00e9rationnel de ce syst\u00e8me \u00e9lectronique ou dans les appareils et \u00e9quipements informatiques des utilisateurs, caus\u00e9s par des causes ext\u00e9rieures. El Pedrueco, qui emp\u00eache ou retarde la fourniture de services ou la navigation dans la boutique, ni des retards ou blocages d&#039;utilisation caus\u00e9s par des d\u00e9ficiences ou des surcharges d&#039;Internet ou d&#039;autres syst\u00e8mes \u00e9lectroniques, ni de l&#039;impossibilit\u00e9 de fournir le service ou d&#039;autoriser l&#039;acc\u00e8s pour des raisons non imputable \u00e0 El Pedrueco, du fait de l&#039;utilisateur, de tiers ou de cas de force majeure. El Pedrueco ne contr\u00f4le pas, en g\u00e9n\u00e9ral, l&#039;utilisation que les utilisateurs font du site Internet. En particulier, El Pedrueco n&#039;est en aucun cas responsable de l&#039;utilisation du site Web par les utilisateurs conform\u00e9ment \u00e0 la loi, aux pr\u00e9sentes Conditions G\u00e9n\u00e9rales, aux bonnes m\u0153urs et aux bonnes m\u0153urs et \u00e0 l&#039;ordre public, ni de le faire avec diligence et prudence. Les produits pr\u00e9sent\u00e9s sur le site sont conformes \u00e0 la l\u00e9gislation espagnole. La responsabilit\u00e9 d&#039;El Pedrueco ne pourra \u00eatre invoqu\u00e9e dans le cas de produits non conformes \u00e0 la l\u00e9gislation des pays vers lesquels ils auraient pu \u00eatre exp\u00e9di\u00e9s en fonction de la commande du client. Il appartient donc aux clients hors d&#039;Espagne de v\u00e9rifier la possibilit\u00e9 d&#039;importer ou d&#039;utiliser les produits qu&#039;ils nous demandent.\t\t\t\t\t\t\t\t<\/div>\n\t\t\t\t<\/div>\n\t\t\t\t<div class=\"elementor-element elementor-element-10616902 elementor-invisible elementor-widget elementor-widget-heading\" data-id=\"10616902\" data-element_type=\"widget\" data-settings=\"{&quot;_animation&quot;:&quot;fadeIn&quot;}\" data-widget_type=\"heading.default\">\n\t\t\t\t<div class=\"elementor-widget-container\">\n\t\t\t\t\t<h3 class=\"elementor-heading-title elementor-size-default\">MODIFICATIONS<\/h3>\t\t\t\t<\/div>\n\t\t\t\t<\/div>\n\t\t\t\t<div class=\"elementor-element elementor-element-4c5f655a elementor-widget elementor-widget-text-editor\" data-id=\"4c5f655a\" data-element_type=\"widget\" data-widget_type=\"text-editor.default\">\n\t\t\t\t<div class=\"elementor-widget-container\">\n\t\t\t\t\t\t\t\t\tEl Pedrueco se r\u00e9serve le droit d&#039;apporter sans pr\u00e9avis toute modification qu&#039;elle jugera appropri\u00e9e \u00e0 son portail, et pourra changer, supprimer ou ajouter tant le contenu et les services fournis par son interm\u00e9diaire que la mani\u00e8re dont ils sont pr\u00e9sent\u00e9s ou localis\u00e9s sur votre portail.\t\t\t\t\t\t\t\t<\/div>\n\t\t\t\t<\/div>\n\t\t\t\t<div class=\"elementor-element elementor-element-63703e73 elementor-invisible elementor-widget elementor-widget-heading\" data-id=\"63703e73\" data-element_type=\"widget\" data-settings=\"{&quot;_animation&quot;:&quot;fadeIn&quot;}\" data-widget_type=\"heading.default\">\n\t\t\t\t<div class=\"elementor-widget-container\">\n\t\t\t\t\t<h2 class=\"elementor-heading-title elementor-size-default\">LIENS<\/h2>\t\t\t\t<\/div>\n\t\t\t\t<\/div>\n\t\t\t\t<div class=\"elementor-element elementor-element-607755b4 elementor-widget elementor-widget-text-editor\" data-id=\"607755b4\" data-element_type=\"widget\" data-widget_type=\"text-editor.default\">\n\t\t\t\t<div class=\"elementor-widget-container\">\n\t\t\t\t\t\t\t\t\tDans le cas o\u00f9 www.elpedrueco.com contient des liens ou des hyperliens vers d&#039;autres sites Internet, El Pedrueco n&#039;exercera aucun type de contr\u00f4le sur ces sites et leurs contenus. En aucun cas El Pedrueco n&#039;assumera aucune responsabilit\u00e9 quant au contenu de tout lien appartenant \u00e0 un site Web tiers, ni ne garantira la disponibilit\u00e9 technique, la qualit\u00e9, la fiabilit\u00e9, l&#039;exactitude, l&#039;\u00e9tendue, la v\u00e9racit\u00e9, la validit\u00e9 et la constitutionnalit\u00e9 de tout mat\u00e9riel ou information contenu. dans l\u2019un desdits liens, hyperliens ou autres sites Internet. De m\u00eame, l&#039;inclusion de ces connexions externes n&#039;impliquera aucun type d&#039;association, fusion ou participation avec les entit\u00e9s connect\u00e9es.\t\t\t\t\t\t\t\t<\/div>\n\t\t\t\t<\/div>\n\t\t\t\t<div class=\"elementor-element elementor-element-55950592 elementor-invisible elementor-widget elementor-widget-heading\" data-id=\"55950592\" data-element_type=\"widget\" data-settings=\"{&quot;_animation&quot;:&quot;fadeIn&quot;}\" data-widget_type=\"heading.default\">\n\t\t\t\t<div class=\"elementor-widget-container\">\n\t\t\t\t\t<h2 class=\"elementor-heading-title elementor-size-default\">DROIT D&#039;EXCLUSION<\/h2>\t\t\t\t<\/div>\n\t\t\t\t<\/div>\n\t\t\t\t<div class=\"elementor-element elementor-element-4672ef42 elementor-widget elementor-widget-text-editor\" data-id=\"4672ef42\" data-element_type=\"widget\" data-widget_type=\"text-editor.default\">\n\t\t\t\t<div class=\"elementor-widget-container\">\n\t\t\t\t\t\t\t\t\tEl Pedrueco se r\u00e9serve le droit de refuser ou de retirer l&#039;acc\u00e8s au portail et\/ou aux services offerts sans pr\u00e9avis, \u00e0 sa propre demande ou \u00e0 celle d&#039;un tiers, aux utilisateurs qui ne respecteraient pas les pr\u00e9sentes Conditions G\u00e9n\u00e9rales d&#039;Utilisation.\t\t\t\t\t\t\t\t<\/div>\n\t\t\t\t<\/div>\n\t\t\t\t<div class=\"elementor-element elementor-element-1cd6f496 elementor-invisible elementor-widget elementor-widget-heading\" data-id=\"1cd6f496\" data-element_type=\"widget\" data-settings=\"{&quot;_animation&quot;:&quot;fadeIn&quot;}\" data-widget_type=\"heading.default\">\n\t\t\t\t<div class=\"elementor-widget-container\">\n\t\t\t\t\t<h2 class=\"elementor-heading-title elementor-size-default\">G\u00c9N\u00c9RALIT\u00c9S<\/h2>\t\t\t\t<\/div>\n\t\t\t\t<\/div>\n\t\t\t\t<div class=\"elementor-element elementor-element-118eaaf6 elementor-widget elementor-widget-text-editor\" data-id=\"118eaaf6\" data-element_type=\"widget\" data-widget_type=\"text-editor.default\">\n\t\t\t\t<div class=\"elementor-widget-container\">\n\t\t\t\t\t\t\t\t\tEl Pedrueco poursuivra le non-respect de ces conditions ainsi que toute utilisation abusive de son portail en exer\u00e7ant toutes les actions civiles et p\u00e9nales qui pourraient lui correspondre par la loi.\t\t\t\t\t\t\t\t<\/div>\n\t\t\t\t<\/div>\n\t\t\t\t\t<\/div>\n\t\t<\/div>\n\t\t\t\t\t<\/div>\n\t\t<\/section>\n\t\t\t\t<section class=\"elementor-section elementor-top-section elementor-element elementor-element-47109854 elementor-section-boxed elementor-section-height-default elementor-section-height-default\" data-id=\"47109854\" data-element_type=\"section\">\n\t\t\t\t\t\t<div class=\"elementor-container elementor-column-gap-default\">\n\t\t\t\t\t<div class=\"elementor-column elementor-col-100 elementor-top-column elementor-element elementor-element-17a76458\" data-id=\"17a76458\" data-element_type=\"column\">\n\t\t\t<div class=\"elementor-widget-wrap elementor-element-populated\">\n\t\t\t\t\t\t<div class=\"elementor-element elementor-element-139dc241 elementor-align-center elementor-widget elementor-widget-button\" data-id=\"139dc241\" data-element_type=\"widget\" data-widget_type=\"button.default\">\n\t\t\t\t<div class=\"elementor-widget-container\">\n\t\t\t\t\t\t\t\t\t<div class=\"elementor-button-wrapper\">\n\t\t\t\t\t<a class=\"elementor-button elementor-button-link elementor-size-md elementor-animation-grow\" href=\"https:\/\/www.elpedrueco.com\/fr\/contacto\/\">\n\t\t\t\t\t\t<span class=\"elementor-button-content-wrapper\">\n\t\t\t\t\t\t\t\t\t<span class=\"elementor-button-text\">Demandez plus d&#039;informations<\/span>\n\t\t\t\t\t<\/span>\n\t\t\t\t\t<\/a>\n\t\t\t\t<\/div>\n\t\t\t\t\t\t\t\t<\/div>\n\t\t\t\t<\/div>\n\t\t\t\t\t<\/div>\n\t\t<\/div>\n\t\t\t\t\t<\/div>\n\t\t<\/section>\n\t\t\t\t<\/div>","protected":false},"excerpt":{"rendered":"<p>AVIS JURIDIQUE Informations sur la propri\u00e9t\u00e9 du site Internet, son \u00e9tendue et son utilisation. PROPRI\u00c9T\u00c9 Conform\u00e9ment aux obligations \u00e9tablies par l&#039;article 10 de la loi 34\/2002 du 11 juillet sur les services de la soci\u00e9t\u00e9 de l&#039;information et du commerce \u00e9lectronique, il est pr\u00e9cis\u00e9 que cette page correspond \u00e0 la [\u2026]<\/p>","protected":false},"author":3,"featured_media":5128,"parent":0,"menu_order":0,"comment_status":"closed","ping_status":"closed","template":"elementor_header_footer","meta":{"_joinchat":[],"footnotes":""},"class_list":["post-5125","page","type-page","status-publish","has-post-thumbnail","hentry"],"_links":{"self":[{"href":"https:\/\/www.elpedrueco.com\/fr\/wp-json\/wp\/v2\/pages\/5125","targetHints":{"allow":["GET"]}}],"collection":[{"href":"https:\/\/www.elpedrueco.com\/fr\/wp-json\/wp\/v2\/pages"}],"about":[{"href":"https:\/\/www.elpedrueco.com\/fr\/wp-json\/wp\/v2\/types\/page"}],"author":[{"embeddable":true,"href":"https:\/\/www.elpedrueco.com\/fr\/wp-json\/wp\/v2\/users\/3"}],"replies":[{"embeddable":true,"href":"https:\/\/www.elpedrueco.com\/fr\/wp-json\/wp\/v2\/comments?post=5125"}],"version-history":[{"count":5,"href":"https:\/\/www.elpedrueco.com\/fr\/wp-json\/wp\/v2\/pages\/5125\/revisions"}],"predecessor-version":[{"id":5517,"href":"https:\/\/www.elpedrueco.com\/fr\/wp-json\/wp\/v2\/pages\/5125\/revisions\/5517"}],"wp:featuredmedia":[{"embeddable":true,"href":"https:\/\/www.elpedrueco.com\/fr\/wp-json\/wp\/v2\/media\/5128"}],"wp:attachment":[{"href":"https:\/\/www.elpedrueco.com\/fr\/wp-json\/wp\/v2\/media?parent=5125"}],"curies":[{"name":"wp","href":"https:\/\/api.w.org\/{rel}","templated":true}]}}