{"id":196,"date":"2021-02-06T23:22:44","date_gmt":"2021-02-06T23:22:44","guid":{"rendered":"https:\/\/www.elpedrueco.com\/?page_id=196"},"modified":"2023-08-31T18:58:48","modified_gmt":"2023-08-31T16:58:48","slug":"condiciones-de-reserva-y-o-cancelacion","status":"publish","type":"page","link":"https:\/\/www.elpedrueco.com\/fr\/condiciones-de-reserva-y-o-cancelacion\/","title":{"rendered":"Conditions de r\u00e9servation et d&#039;annulation"},"content":{"rendered":"<div data-elementor-type=\"wp-page\" data-elementor-id=\"196\" class=\"elementor elementor-196\" data-elementor-post-type=\"page\">\n\t\t\t\t\t\t<section class=\"elementor-section elementor-top-section elementor-element elementor-element-46242814 elementor-section-boxed elementor-section-height-default elementor-section-height-default\" data-id=\"46242814\" data-element_type=\"section\">\n\t\t\t\t\t\t<div class=\"elementor-container elementor-column-gap-default\">\n\t\t\t\t\t<div class=\"elementor-column elementor-col-100 elementor-top-column elementor-element elementor-element-57bd2be9\" data-id=\"57bd2be9\" data-element_type=\"column\">\n\t\t\t<div class=\"elementor-widget-wrap elementor-element-populated\">\n\t\t\t\t\t\t<div class=\"elementor-element elementor-element-7a839453 elementor-widget elementor-widget-text-editor\" data-id=\"7a839453\" data-element_type=\"widget\" data-widget_type=\"text-editor.default\">\n\t\t\t\t<div class=\"elementor-widget-container\">\n\t\t\t\t\t\t\t\t\t<p><\/p>\n<p>CONDITIONS DE R\u00c9SERVATION<\/p>\n<p><\/p>\n<ul class=\"wp-block-list\">\n<li>\n<p><span style=\"color: #101010;\"><span style=\"font-family: Calibri, sans-serif;\"><span style=\"font-size: large;\"><u><b>CONDITIONS DE R\u00c9SERVATION ET D&#039;ANNULATION<\/b><\/u><\/span><\/span><\/span><\/p>\n<p>\u00a0<\/p>\n<ul>\n<li>\n<p><span style=\"color: #101010;\"><span style=\"font-family: Calibri, sans-serif;\"><span style=\"font-size: small;\">La capacit\u00e9 maximale de la maison est de 6 personnes.<\/span><\/span><\/span><\/p>\n<\/li>\n<li>\n<p><span style=\"color: #101010;\"><span style=\"font-family: Calibri, sans-serif;\"><span style=\"font-size: small;\">El Pedrueco n&#039;est pas responsable de toute r\u00e9servation qui n&#039;a pas \u00e9t\u00e9 confirm\u00e9e par \u00e9crit.<\/span><\/span><\/span><\/p>\n<\/li>\n<li>\n<p><span style=\"color: #101010;\"><span style=\"font-family: Calibri, sans-serif;\"><span style=\"font-size: small;\">Il est lou\u00e9 dans son int\u00e9gralit\u00e9, avec 1, 2 ou 3 chambres. selon r\u00e9servation et contrat. La nuit\u00e9e et\/ou le s\u00e9jour de personnes non inscrites dans l&#039;\u00e9tablissement n&#039;est pas autoris\u00e9, sauf location \u00e0 la demande d&#039;Ev\u00e8nements.<\/span><\/span><\/span><\/p>\n<\/li>\n<li>\n<p><span style=\"color: #101010;\"><span style=\"font-family: Calibri, sans-serif;\"><span style=\"font-size: small;\">La location d&#039;installations pour \u00e9v\u00e9nements et r\u00e9unions est un service suppl\u00e9mentaire et avec des conditions expresses selon l&#039;\u00e9v\u00e9nement et le contrat.<\/span><\/span><\/span><\/p>\n<\/li>\n<li>\n<p><span style=\"color: #101010;\"><span style=\"font-family: Calibri, sans-serif;\"><span style=\"font-size: small;\">Heure d&#039;entr\u00e9e \u00e0 partir de 18h00<\/span><\/span><\/span><\/p>\n<\/li>\n<li>\n<p><span style=\"color: #101010;\"><span style=\"font-family: Calibri, sans-serif;\"><span style=\"font-size: small;\">Heure de d\u00e9part avant 11h (selon disponibilit\u00e9, les d\u00e9parts apr\u00e8s le d\u00e9jeuner seront payants).<\/span><\/span><\/span><\/p>\n<\/li>\n<li>\n<p><span style=\"color: #101010;\"><span style=\"font-family: Calibri, sans-serif;\"><span style=\"font-size: small;\">V\u00e9rifiez le jour d\u2019entr\u00e9e hebdomadaire \u00e0 T Alta. Consultez toujours pour tout changement d\u2019horaire).<\/span><\/span><\/span><\/p>\n<\/li>\n<\/ul>\n<p><strong><span style=\"color: #101010;\"><span style=\"font-family: Calibri, sans-serif;\"><span style=\"font-size: small;\"><b>.Espaces ext\u00e9rieurs partag\u00e9s<\/b><\/span><\/span><\/span><\/strong><\/p>\n<ul>\n<li>\n<p><span style=\"color: #101010;\"><span style=\"font-family: Calibri, sans-serif;\"><span style=\"font-size: small;\">Les animaux seront admis, sur demande, tenus en laisse dans les espaces communs et toujours en compagnie des propri\u00e9taires.<\/span><\/span><\/span><\/p>\n<\/li>\n<li>\n<p><span style=\"color: #101010;\"><span style=\"font-family: Calibri, sans-serif;\"><span style=\"font-size: small;\">Les clients seront responsables de tout dommage caus\u00e9 par eux ou par leurs animaux de compagnie dans le logement.<\/span><\/span><\/span><\/p>\n<\/li>\n<li>\n<p><span style=\"color: #101010;\"><span style=\"font-family: Calibri, sans-serif;\"><span style=\"font-size: small;\">Changement de linge chaque semaine ou quand le client le souhaite (Politique Environnementale).<\/span><\/span><\/span><\/p>\n<\/li>\n<li>\n<p><span style=\"color: #101010;\"><span style=\"font-family: Calibri, sans-serif;\"><span style=\"font-size: small;\">L&#039;utilisation des serviettes du logement \u00e0 l&#039;ext\u00e9rieur et dans la piscine n&#039;est pas autoris\u00e9e.<\/span><\/span><\/span><\/p>\n<\/li>\n<li>\n<p><span style=\"color: #101010;\"><span style=\"font-family: Calibri, sans-serif;\"><span style=\"font-size: small;\">Mode de paiement web El Pedrueco : 50% pour r\u00e9servation par r\u00e9servation en ligne ou virement bancaire. Repos d\u00e8s la signature du contrat. Ou selon les conditions du site de r\u00e9servation.<\/span><\/span><\/span><\/p>\n<\/li>\n<li>\n<p><span style=\"color: #101010;\"><span style=\"font-family: Calibri, sans-serif;\"><span style=\"font-size: small;\">Le s\u00e9jour sera factur\u00e9 en totalit\u00e9, en fonction des nuits contract\u00e9es, les nuits ne seront pas d\u00e9duites si le client d\u00e9cide de reporter l&#039;enregistrement ou le d\u00e9part anticip\u00e9.<\/span><\/span><\/span><\/p>\n<\/li>\n<li>\n<p><span style=\"color: #101010;\"><span style=\"font-family: Calibri, sans-serif;\"><span style=\"font-size: small;\">Le Client s&#039;engage \u00e0 signaler pendant son s\u00e9jour toute irr\u00e9gularit\u00e9 ou d\u00e9ficience qu&#039;il pourrait constater dans le logement et El Pedrueco s&#039;engage \u00e0 r\u00e9soudre ces probl\u00e8mes dans les plus brefs d\u00e9lais.<\/span><\/span><\/span><\/p>\n<\/li>\n<li>\n<p><span style=\"color: #101010;\"><span style=\"font-family: Calibri, sans-serif;\"><span style=\"font-size: small;\">Sont exclues les responsabilit\u00e9s suivantes de la part de l&#039;h\u00e9bergement : El Pedrueco est situ\u00e9 dans un environnement rural avec de nombreux avantages et quelques inconv\u00e9nients, t\u00e9l\u00e9phonie restreinte avec moins d&#039;entreprises, Wi-Fi moins puissant, coupures de courant occasionnelles, eau...<\/span><\/span><\/span><\/p>\n<\/li>\n<\/ul>\n<p><span style=\"color: #101010;\"><span style=\"font-family: Calibri, sans-serif;\"><span style=\"font-size: small;\">Coupures d\u2019\u00e9lectricit\u00e9 et d\u2019eau<\/span><\/span><\/span><\/p>\n<p><span style=\"color: #101010;\"><span style=\"font-family: Calibri, sans-serif;\"><span style=\"font-size: small;\">La casse de tout appareil dans le logement doit \u00eatre signal\u00e9e imm\u00e9diatement et en informer le service technique correspondant, et sa r\u00e9solution non imm\u00e9diate ne donnera pas lieu \u00e0 une indemnisation.<\/span><\/span><\/span><\/p>\n<p><span style=\"color: #101010;\"><span style=\"font-family: Calibri, sans-serif;\"><span style=\"font-size: small;\">Les travaux de l&#039;administration ou d&#039;autres entreprises en dehors du logement qui sont r\u00e9alis\u00e9s \u00e0 proximit\u00e9<\/span><\/span><\/span><\/p>\n<p><span style=\"color: #101010;\"><span style=\"font-family: Calibri, sans-serif;\"><span style=\"font-size: small;\">Tout type de cause majeure, naturelle ou similaire pouvant affecter la jouissance du s\u00e9jour<\/span><\/span><\/span><\/p>\n<ul>\n<li>\n<p><span style=\"color: #101010;\"><span style=\"font-family: Calibri, sans-serif;\"><span style=\"font-size: small;\">Caution 200 \u20ac (montant forfaitaire) \u00e0 restituer dans les 7 jours apr\u00e8s le d\u00e9part et v\u00e9rification du logement.<\/span><\/span><\/span><\/p>\n<\/li>\n<li>\n<p><span style=\"color: #101010;\"><span style=\"font-family: Calibri, sans-serif;\"><span style=\"font-size: small;\">Les offres s&#039;appliquent uniquement aux r\u00e9servations directes aupr\u00e8s de la maison.<\/span><\/span><\/span><\/p>\n<\/li>\n<li>\n<p><span style=\"color: #101010;\"><span style=\"font-family: Calibri, sans-serif;\"><span style=\"font-size: small;\">La Direction se r\u00e9serve le droit de p\u00e9n\u00e9trer dans le logement en cas de n\u00e9cessit\u00e9.<\/span><\/span><\/span><\/p>\n<\/li>\n<li>\n<p><span style=\"color: #101010;\"><span style=\"font-family: Calibri, sans-serif;\"><span style=\"font-size: small;\">Le logement doit \u00eatre rendu propre et avec tous les meubles et effets personnels dans l&#039;\u00e9tat dans lequel ils ont \u00e9t\u00e9 trouv\u00e9s.<\/span><\/span><\/span><\/p>\n<p>\u00a0<\/p>\n<\/li>\n<\/ul>\n<p><span style=\"color: #101010;\"><span style=\"font-family: Calibri, sans-serif;\"><span style=\"font-size: small;\"><b>POLITIQUE D&#039;ANNULATION<\/b><\/span><\/span><\/span><\/p>\n<p><span style=\"color: #101010;\"><span style=\"font-family: apple-system, BlinkMacSystemFont, Segoe UI, Roboto, Oxygen-Sans, Ubuntu, Cantarell, Helvetica Neue, sans-serif;\"><span style=\"font-size: small;\">-L&#039;annulation sera sans frais 24 heures apr\u00e8s avoir effectu\u00e9 la r\u00e9servation et jusqu&#039;\u00e0 30 jours avant la date d&#039;arriv\u00e9e, le montant total vers\u00e9 au titre de \u00ab avance de r\u00e9servation \u00bb sera rembours\u00e9 (50% du s\u00e9jour total).\u00a0<\/span><\/span><\/span><\/p>\n<p><span style=\"color: #101010;\">\u2013<span style=\"font-size: small;\"><span style=\"font-family: apple-system, BlinkMacSystemFont, Segoe UI, Roboto, Oxygen-Sans, Ubuntu, Cantarell, Helvetica Neue, sans-serif;\">Entre 30 et 15 jours avant la date d&#039;arriv\u00e9e, la p\u00e9nalit\u00e9 sera de 25% de \u00ab l&#039;avance de r\u00e9servation \u00bb.<\/span><\/span><\/span><\/p>\n<p><span style=\"color: #101010;\">\u2013<span style=\"font-size: small;\"><span style=\"font-family: apple-system, BlinkMacSystemFont, Segoe UI, Roboto, Oxygen-Sans, Ubuntu, Cantarell, Helvetica Neue, sans-serif;\">Entre 30 jours et 7 jours avant la date d&#039;arriv\u00e9e, la p\u00e9nalit\u00e9 sera de 50% de \u00ab l&#039;avance de r\u00e9servation \u00bb.<\/span><\/span><\/span><\/p>\n<p><span style=\"color: #101010;\">\u2013<span style=\"font-size: small;\"><span style=\"font-family: apple-system, BlinkMacSystemFont, Segoe UI, Roboto, Oxygen-Sans, Ubuntu, Cantarell, Helvetica Neue, sans-serif;\">Dans les 7 jours pr\u00e9c\u00e9dant la date d\u2019arriv\u00e9e, aucun montant de \u00ab l\u2019avance de r\u00e9servation \u00bb ne sera rembours\u00e9.<\/span><\/span><\/span><\/p>\n<ul>\n<li>\n<h6><span style=\"color: #101010;\"><span style=\"font-family: apple-system, BlinkMacSystemFont, Segoe UI, Roboto, Oxygen-Sans, Ubuntu, Cantarell, Helvetica Neue, sans-serif;\"><span style=\"font-size: small;\">Frais de gestion pour le compte du client<\/span><\/span><\/span><\/h6>\n<\/li>\n<\/ul>\n<\/li>\n<\/ul>\n<p><\/p>\n<p><\/p>\t\t\t\t\t\t\t\t<\/div>\n\t\t\t\t<\/div>\n\t\t\t\t\t<\/div>\n\t\t<\/div>\n\t\t\t\t\t<\/div>\n\t\t<\/section>\n\t\t\t\t<\/div>","protected":false},"excerpt":{"rendered":"<p>CONDITIONS DE RESERVATION CONDITIONS DE RESERVATION ET D&#039;ANNULATION La capacit\u00e9 maximale de la maison est de 6 personnes. El Pedrueco n&#039;est pas responsable de toute r\u00e9servation qui n&#039;a pas \u00e9t\u00e9 confirm\u00e9e par \u00e9crit. Il est lou\u00e9 dans son int\u00e9gralit\u00e9, avec 1, 2 ou 3 chambres. selon r\u00e9servation et contrat. La nuit\u00e9e et\/ou le s\u00e9jour de [\u2026]<\/p>","protected":false},"author":3,"featured_media":0,"parent":0,"menu_order":0,"comment_status":"closed","ping_status":"closed","template":"","meta":{"_joinchat":[],"footnotes":""},"class_list":["post-196","page","type-page","status-publish","hentry"],"_links":{"self":[{"href":"https:\/\/www.elpedrueco.com\/fr\/wp-json\/wp\/v2\/pages\/196","targetHints":{"allow":["GET"]}}],"collection":[{"href":"https:\/\/www.elpedrueco.com\/fr\/wp-json\/wp\/v2\/pages"}],"about":[{"href":"https:\/\/www.elpedrueco.com\/fr\/wp-json\/wp\/v2\/types\/page"}],"author":[{"embeddable":true,"href":"https:\/\/www.elpedrueco.com\/fr\/wp-json\/wp\/v2\/users\/3"}],"replies":[{"embeddable":true,"href":"https:\/\/www.elpedrueco.com\/fr\/wp-json\/wp\/v2\/comments?post=196"}],"version-history":[{"count":5,"href":"https:\/\/www.elpedrueco.com\/fr\/wp-json\/wp\/v2\/pages\/196\/revisions"}],"predecessor-version":[{"id":5010,"href":"https:\/\/www.elpedrueco.com\/fr\/wp-json\/wp\/v2\/pages\/196\/revisions\/5010"}],"wp:attachment":[{"href":"https:\/\/www.elpedrueco.com\/fr\/wp-json\/wp\/v2\/media?parent=196"}],"curies":[{"name":"wp","href":"https:\/\/api.w.org\/{rel}","templated":true}]}}