{"id":1361,"date":"2021-03-12T00:05:55","date_gmt":"2021-03-11T23:05:55","guid":{"rendered":"https:\/\/www.elpedrueco.com\/?page_id=1361"},"modified":"2021-03-18T22:52:06","modified_gmt":"2021-03-18T21:52:06","slug":"admision-de-mascotas","status":"publish","type":"page","link":"https:\/\/www.elpedrueco.com\/fr\/admision-de-mascotas\/","title":{"rendered":"Admission des animaux"},"content":{"rendered":"<p><strong>ADMISSION DES ANIMAUX DE COMPAGNIE<\/strong><\/p>\n\n\n\n<p><strong>Conditions:<\/strong><\/p>\n\n\n\n<p>Sur demande pr\u00e9alable, tenus en laisse dans les espaces communs et toujours en compagnie des propri\u00e9taires.<\/p>\n\n\n\n<p>Suppl\u00e9ment 10 \u20ac\/nuit\/animal.<\/p>\n\n\n\n<p>Admission des chiens et chats sans limite de poids.<\/p>\n\n\n\n<p>Les chiens de races consid\u00e9r\u00e9es comme potentiellement dangereuses (PPP) sont admis. Lors de la formalisation du s\u00e9jour, l&#039;\u00e9tablissement demandera la carte de possession de race dangereuse correspondante, une assurance responsabilit\u00e9 civile pour l&#039;animal, et le respect des r\u00e8gles de s\u00e9curit\u00e9 relatives \u00e0 celles-ci sera obligatoire. laisse, museli\u00e8re, etc.)<\/p>\n\n\n\n<p>Admission d&#039;un animal par s\u00e9jour.<\/p>\n\n\n\n<p>Il est interdit de baigner votre chien dans la salle de bain, la piscine ou l&#039;\u00e9tang de la chambre, ni d&#039;utiliser les serviettes de l&#039;h\u00e9bergement pour le s\u00e9cher. Pour des raisons d&#039;hygi\u00e8ne, votre chien ne doit pas dormir sur des lits ou des canap\u00e9s. Pour ce faire, nous mettons \u00e0 votre disposition, sur demande, un \u00ab Kit Canin \u00bb.<\/p>\n\n\n\n<p>Le propri\u00e9taire est responsable de tout dommage caus\u00e9 par son animal, que ce soit aux tiers ou au mobilier. Si ces r\u00e8gles ne sont pas respect\u00e9es, \u00ab El Pedrueco \u00bb se r\u00e9serve le droit d&#039;annuler le s\u00e9jour, de vous inviter \u00e0 quitter le logement et\/ou de facturer le montant de tout dommage caus\u00e9 pendant le s\u00e9jour.<\/p>","protected":false},"excerpt":{"rendered":"<p>Conditions d&#039;ADMISSION DES ANIMAUX : Sur demande pr\u00e9alable, tenus en laisse dans les espaces communs et toujours en compagnie des propri\u00e9taires. Suppl\u00e9ment 10 \u20ac\/nuit\/animal. Admission des chiens et chats sans limite de poids. Les chiens de races consid\u00e9r\u00e9es comme potentiellement dangereuses (PPP) sont admis ; l&#039;\u00e9tablissement demandera la carte de possession de chien correspondante lors de l&#039;officialisation du s\u00e9jour.<\/p>","protected":false},"author":3,"featured_media":0,"parent":0,"menu_order":0,"comment_status":"closed","ping_status":"closed","template":"","meta":{"_joinchat":[],"footnotes":""},"class_list":["post-1361","page","type-page","status-publish","hentry"],"_links":{"self":[{"href":"https:\/\/www.elpedrueco.com\/fr\/wp-json\/wp\/v2\/pages\/1361","targetHints":{"allow":["GET"]}}],"collection":[{"href":"https:\/\/www.elpedrueco.com\/fr\/wp-json\/wp\/v2\/pages"}],"about":[{"href":"https:\/\/www.elpedrueco.com\/fr\/wp-json\/wp\/v2\/types\/page"}],"author":[{"embeddable":true,"href":"https:\/\/www.elpedrueco.com\/fr\/wp-json\/wp\/v2\/users\/3"}],"replies":[{"embeddable":true,"href":"https:\/\/www.elpedrueco.com\/fr\/wp-json\/wp\/v2\/comments?post=1361"}],"version-history":[{"count":3,"href":"https:\/\/www.elpedrueco.com\/fr\/wp-json\/wp\/v2\/pages\/1361\/revisions"}],"predecessor-version":[{"id":2102,"href":"https:\/\/www.elpedrueco.com\/fr\/wp-json\/wp\/v2\/pages\/1361\/revisions\/2102"}],"wp:attachment":[{"href":"https:\/\/www.elpedrueco.com\/fr\/wp-json\/wp\/v2\/media?parent=1361"}],"curies":[{"name":"wp","href":"https:\/\/api.w.org\/{rel}","templated":true}]}}