{"id":5847,"date":"2024-05-20T13:51:25","date_gmt":"2024-05-20T11:51:25","guid":{"rendered":"https:\/\/www.elpedrueco.com\/?page_id=5847"},"modified":"2024-10-23T14:12:20","modified_gmt":"2024-10-23T12:12:20","slug":"condiciones-de-reserva-y-cancelacion","status":"publish","type":"page","link":"https:\/\/www.elpedrueco.com\/en\/condiciones-de-reserva-y-cancelacion\/","title":{"rendered":"Reservation and cancellation conditions"},"content":{"rendered":"<div data-elementor-type=\"wp-page\" data-elementor-id=\"5847\" class=\"elementor elementor-5847\" data-elementor-post-type=\"page\">\n\t\t\t\t\t\t<section class=\"elementor-section elementor-top-section elementor-element elementor-element-e7f24bb elementor-section-stretched elementor-section-full_width elementor-section-height-default elementor-section-height-default\" data-id=\"e7f24bb\" data-element_type=\"section\" data-settings=\"{&quot;stretch_section&quot;:&quot;section-stretched&quot;}\">\n\t\t\t\t\t\t<div class=\"elementor-container elementor-column-gap-default\">\n\t\t\t\t\t<div class=\"elementor-column elementor-col-100 elementor-top-column elementor-element elementor-element-fddaf76\" data-id=\"fddaf76\" data-element_type=\"column\">\n\t\t\t<div class=\"elementor-widget-wrap elementor-element-populated\">\n\t\t\t\t\t\t<div class=\"elementor-element elementor-element-d9424b8 elementor-invisible elementor-widget elementor-widget-heading\" data-id=\"d9424b8\" data-element_type=\"widget\" data-settings=\"{&quot;_animation&quot;:&quot;fadeInUp&quot;}\" data-widget_type=\"heading.default\">\n\t\t\t\t<div class=\"elementor-widget-container\">\n\t\t\t\t\t<h1 class=\"elementor-heading-title elementor-size-default\">Reservation and cancellation conditions<\/h1>\t\t\t\t<\/div>\n\t\t\t\t<\/div>\n\t\t\t\t<div class=\"elementor-element elementor-element-6e8ac69 elementor-widget-divider--view-line elementor-widget elementor-widget-divider\" data-id=\"6e8ac69\" data-element_type=\"widget\" data-widget_type=\"divider.default\">\n\t\t\t\t<div class=\"elementor-widget-container\">\n\t\t\t\t\t\t\t<div class=\"elementor-divider\">\n\t\t\t<span class=\"elementor-divider-separator\">\n\t\t\t\t\t\t<\/span>\n\t\t<\/div>\n\t\t\t\t\t\t<\/div>\n\t\t\t\t<\/div>\n\t\t\t\t<section class=\"elementor-section elementor-inner-section elementor-element elementor-element-3789270 elementor-section-boxed elementor-section-height-default elementor-section-height-default\" data-id=\"3789270\" data-element_type=\"section\">\n\t\t\t\t\t\t<div class=\"elementor-container elementor-column-gap-default\">\n\t\t\t\t\t<div class=\"elementor-column elementor-col-100 elementor-inner-column elementor-element elementor-element-4205363\" data-id=\"4205363\" data-element_type=\"column\">\n\t\t\t<div class=\"elementor-widget-wrap elementor-element-populated\">\n\t\t\t\t\t\t<div class=\"elementor-element elementor-element-843e3fe elementor-widget elementor-widget-text-editor\" data-id=\"843e3fe\" data-element_type=\"widget\" data-widget_type=\"text-editor.default\">\n\t\t\t\t<div class=\"elementor-widget-container\">\n\t\t\t\t\t\t\t\t\t<ul>\n<li>The maximum capacity of the house is 6 people.<\/li>\n<li>El Pedrueco is not responsible for any reservation that has not been confirmed in writing.<\/li>\n<li>It is rented in its entirety, with 1, 2 or 3 bedrooms. according to reservation and contract. The overnight stay and\/or stay of people not registered in the establishment is not permitted, except for hiring at the request of Events.<\/li>\n<li>The hiring of facilities for Events and Meetings is an extra service and with express conditions according to the event and contract.<\/li>\n<li>Entry time from 6:00 p.m.<\/li>\n<li>Departure time before 11am (depending on availability, departures after lunch will have a surcharge).<\/li>\n<li>Check weekly entry day in T Alta. Always consult for any change in schedule).<\/li>\n<\/ul>\n<p><span style=\"color: var( --e-global-color-text ); font-family: var( --e-global-typography-text-font-family ), Sans-serif; font-size: var( --e-global-typography-text-font-size ); font-weight: var( --e-global-typography-text-font-weight );\"><b><br><\/b><\/span><\/p><p><span style=\"color: var( --e-global-color-text ); font-family: var( --e-global-typography-text-font-family ), Sans-serif; font-size: var( --e-global-typography-text-font-size ); font-weight: var( --e-global-typography-text-font-weight );\"><b>Z<\/b><\/span><span style=\"color: var( --e-global-color-text ); font-family: var( --e-global-typography-text-font-family ), Sans-serif; font-size: var( --e-global-typography-text-font-size ); font-weight: var( --e-global-typography-text-font-weight );\"><b>shared outdoor areas<\/b><\/span><br><\/p>\n<ul>\n<li>Animals will be admitted, upon request, on a leash in common areas and always in the company of the owners.<\/li>\n<li>Clients will be responsible for any damage caused by them or their pets in the accommodation.<\/li>\n<li>Linen change weekly or whenever the client wishes (Environmental Policy).<\/li>\n<li>The use of towels from the accommodation outside and in the pool is not allowed.<\/li>\n<li>El Pedrueco web payment method: 50% for reservation through online reservation or bank transfer. Rest upon signing of the contract. Or according to the conditions of the reservation website.<\/li>\n<li>The stay will be charged in full, according to the nights contracted, nights will not be deducted if the client decides to postpone check-in or early departure.<\/li>\n<li>The Client undertakes to report any irregularities or deficiencies that they may find in the accommodation always during their stay. El Pedrueco undertakes to resolve said problems in the shortest possible time.<\/li>\n<li>The following responsibilities on the part of the accommodation are excluded: El Pedrueco is located in a rural environment with many advantages and some disadvantages, restricted telephony with fewer companies, less powerful Wi-Fi, occasional power cuts, water...<\/li><li>Electricity and water supply cuts<\/li><li>The breakage of any device in the accommodation must be reported immediately to notify the corresponding technical service, and non-immediate resolution of the same will not be a reason for compensation.<\/li><li>The works of the administration or other companies outside the accommodation that are carried out in the vicinity<\/li><li>Any type of major, natural or similar cause that may affect the enjoyment during the stay<\/li><\/ul>\n<ul>\n<li>Deposit \u20ac200 (fixed amount) to be returned within 7 days after departure and verification of accommodation.<\/li>\n<li>Offers only apply to direct bookings with the house.<\/li>\n<li>The Management reserves the right to enter the accommodation if necessary.<\/li>\n<li>The accommodation must be left clean and with all furniture and belongings in the state in which they were found.<\/li>\n<\/ul>\n<div><br><\/div>\n<p><strong>CANCELLATION POLICY<\/strong><\/p>\n<p>-Cancellation will be free of charge 24 hours after making the reservation and up to 30 days before the arrival date, the total amount paid as &quot;reservation advance&quot; will be refunded (50% of the total stay).&nbsp;<\/p>\n<p>\u2013Between 30 and 15 days before the arrival date, the penalty will be 25% of the \u201creservation advance\u201d.<\/p>\n<p>\u2013Between 30 days and 7 days before the arrival date, the penalty will be 50% of the \u201creservation advance\u201d.<\/p>\n<p>\u2013Within 7 days prior to the entry date, no amount of the \u201creservation advance\u201d will be refunded.<\/p>\n<ul>\n<li>Management expenses on behalf of the client<\/li>\n<li>Or according to the conditions of the reservation website.<\/li>\n<\/ul><div><br><\/div>\t\t\t\t\t\t\t\t<\/div>\n\t\t\t\t<\/div>\n\t\t\t\t\t<\/div>\n\t\t<\/div>\n\t\t\t\t\t<\/div>\n\t\t<\/section>\n\t\t\t\t\t<\/div>\n\t\t<\/div>\n\t\t\t\t\t<\/div>\n\t\t<\/section>\n\t\t\t\t<section class=\"elementor-section elementor-top-section elementor-element elementor-element-e068784 elementor-section-boxed elementor-section-height-default elementor-section-height-default\" data-id=\"e068784\" data-element_type=\"section\">\n\t\t\t\t\t\t<div class=\"elementor-container elementor-column-gap-default\">\n\t\t\t\t\t<div class=\"elementor-column elementor-col-100 elementor-top-column elementor-element elementor-element-173d580\" data-id=\"173d580\" data-element_type=\"column\">\n\t\t\t<div class=\"elementor-widget-wrap elementor-element-populated\">\n\t\t\t\t\t\t<div class=\"elementor-element elementor-element-46fd75d elementor-widget elementor-widget-spacer\" data-id=\"46fd75d\" data-element_type=\"widget\" data-widget_type=\"spacer.default\">\n\t\t\t\t<div class=\"elementor-widget-container\">\n\t\t\t\t\t\t\t<div class=\"elementor-spacer\">\n\t\t\t<div class=\"elementor-spacer-inner\"><\/div>\n\t\t<\/div>\n\t\t\t\t\t\t<\/div>\n\t\t\t\t<\/div>\n\t\t\t\t\t<\/div>\n\t\t<\/div>\n\t\t\t\t\t<\/div>\n\t\t<\/section>\n\t\t\t\t<\/div>","protected":false},"excerpt":{"rendered":"<p>Condiciones de reserva y cancelaci\u00f3n La capacidad m\u00e1xima de la casa es 6 personas. El Pedrueco no se hace responsable de ninguna reserva que no haya sido confirmada por escrito. Se alquila \u00edntegra, con 1, 2 o 3 hab. seg\u00fan reserva y contrato. No estando permitida la pernoctaci\u00f3n y\/o estancia de personas no inscritas en [&hellip;]<\/p>","protected":false},"author":3,"featured_media":0,"parent":0,"menu_order":0,"comment_status":"closed","ping_status":"closed","template":"","meta":{"_joinchat":[],"footnotes":""},"class_list":["post-5847","page","type-page","status-publish","hentry"],"_links":{"self":[{"href":"https:\/\/www.elpedrueco.com\/en\/wp-json\/wp\/v2\/pages\/5847","targetHints":{"allow":["GET"]}}],"collection":[{"href":"https:\/\/www.elpedrueco.com\/en\/wp-json\/wp\/v2\/pages"}],"about":[{"href":"https:\/\/www.elpedrueco.com\/en\/wp-json\/wp\/v2\/types\/page"}],"author":[{"embeddable":true,"href":"https:\/\/www.elpedrueco.com\/en\/wp-json\/wp\/v2\/users\/3"}],"replies":[{"embeddable":true,"href":"https:\/\/www.elpedrueco.com\/en\/wp-json\/wp\/v2\/comments?post=5847"}],"version-history":[{"count":5,"href":"https:\/\/www.elpedrueco.com\/en\/wp-json\/wp\/v2\/pages\/5847\/revisions"}],"predecessor-version":[{"id":5866,"href":"https:\/\/www.elpedrueco.com\/en\/wp-json\/wp\/v2\/pages\/5847\/revisions\/5866"}],"wp:attachment":[{"href":"https:\/\/www.elpedrueco.com\/en\/wp-json\/wp\/v2\/media?parent=5847"}],"curies":[{"name":"wp","href":"https:\/\/api.w.org\/{rel}","templated":true}]}}