{"id":5847,"date":"2024-05-20T13:51:25","date_gmt":"2024-05-20T11:51:25","guid":{"rendered":"https:\/\/www.elpedrueco.com\/?page_id=5847"},"modified":"2024-10-23T14:12:20","modified_gmt":"2024-10-23T12:12:20","slug":"condiciones-de-reserva-y-cancelacion","status":"publish","type":"page","link":"https:\/\/www.elpedrueco.com\/de\/condiciones-de-reserva-y-cancelacion\/","title":{"rendered":"Reservierungs- und Stornierungsbedingungen"},"content":{"rendered":"<div data-elementor-type=\"wp-page\" data-elementor-id=\"5847\" class=\"elementor elementor-5847\" data-elementor-post-type=\"page\">\n\t\t\t\t\t\t<section class=\"elementor-section elementor-top-section elementor-element elementor-element-e7f24bb elementor-section-stretched elementor-section-full_width elementor-section-height-default elementor-section-height-default\" data-id=\"e7f24bb\" data-element_type=\"section\" data-settings=\"{&quot;stretch_section&quot;:&quot;section-stretched&quot;}\">\n\t\t\t\t\t\t<div class=\"elementor-container elementor-column-gap-default\">\n\t\t\t\t\t<div class=\"elementor-column elementor-col-100 elementor-top-column elementor-element elementor-element-fddaf76\" data-id=\"fddaf76\" data-element_type=\"column\">\n\t\t\t<div class=\"elementor-widget-wrap elementor-element-populated\">\n\t\t\t\t\t\t<div class=\"elementor-element elementor-element-d9424b8 elementor-invisible elementor-widget elementor-widget-heading\" data-id=\"d9424b8\" data-element_type=\"widget\" data-settings=\"{&quot;_animation&quot;:&quot;fadeInUp&quot;}\" data-widget_type=\"heading.default\">\n\t\t\t\t<div class=\"elementor-widget-container\">\n\t\t\t\t\t<h1 class=\"elementor-heading-title elementor-size-default\">Reservierungs- und Stornierungsbedingungen<\/h1>\t\t\t\t<\/div>\n\t\t\t\t<\/div>\n\t\t\t\t<div class=\"elementor-element elementor-element-6e8ac69 elementor-widget-divider--view-line elementor-widget elementor-widget-divider\" data-id=\"6e8ac69\" data-element_type=\"widget\" data-widget_type=\"divider.default\">\n\t\t\t\t<div class=\"elementor-widget-container\">\n\t\t\t\t\t\t\t<div class=\"elementor-divider\">\n\t\t\t<span class=\"elementor-divider-separator\">\n\t\t\t\t\t\t<\/span>\n\t\t<\/div>\n\t\t\t\t\t\t<\/div>\n\t\t\t\t<\/div>\n\t\t\t\t<section class=\"elementor-section elementor-inner-section elementor-element elementor-element-3789270 elementor-section-boxed elementor-section-height-default elementor-section-height-default\" data-id=\"3789270\" data-element_type=\"section\">\n\t\t\t\t\t\t<div class=\"elementor-container elementor-column-gap-default\">\n\t\t\t\t\t<div class=\"elementor-column elementor-col-100 elementor-inner-column elementor-element elementor-element-4205363\" data-id=\"4205363\" data-element_type=\"column\">\n\t\t\t<div class=\"elementor-widget-wrap elementor-element-populated\">\n\t\t\t\t\t\t<div class=\"elementor-element elementor-element-843e3fe elementor-widget elementor-widget-text-editor\" data-id=\"843e3fe\" data-element_type=\"widget\" data-widget_type=\"text-editor.default\">\n\t\t\t\t<div class=\"elementor-widget-container\">\n\t\t\t\t\t\t\t\t\t<ul>\n<li>Die maximale Kapazit\u00e4t des Hauses betr\u00e4gt 6 Personen.<\/li>\n<li>El Pedrueco ist nicht verantwortlich f\u00fcr Reservierungen, die nicht schriftlich best\u00e4tigt wurden.<\/li>\n<li>Es wird komplett vermietet, mit 1, 2 oder 3 Schlafzimmern. je nach Reservierung und Vertrag. Das \u00dcbernachten und\/oder der Aufenthalt von nicht im Betrieb angemeldeten Personen ist nicht gestattet, mit Ausnahme der Vermietung auf Anfrage von Events.<\/li>\n<li>Die Anmietung von R\u00e4umlichkeiten f\u00fcr Veranstaltungen und Tagungen ist ein zus\u00e4tzlicher Service und unterliegt ausdr\u00fccklichen Konditionen entsprechend der Veranstaltung und dem Vertrag.<\/li>\n<li>Einlass ab 18:00 Uhr.<\/li>\n<li>Abfahrtszeit vor 11 Uhr (je nach Verf\u00fcgbarkeit, Abfahrten nach dem Mittagessen gegen Aufpreis).<\/li>\n<li>\u00dcberpr\u00fcfen Sie den w\u00f6chentlichen Einreisetag in T Alta. Bei \u00c4nderungen im Zeitplan immer R\u00fccksprache halten).<\/li>\n<\/ul>\n<p><span style=\"color: var( --e-global-color-text ); font-family: var( --e-global-typography-text-font-family ), Sans-serif; font-size: var( --e-global-typography-text-font-size ); font-weight: var( --e-global-typography-text-font-weight );\"><b><br><\/b><\/span><\/p><p><span style=\"color: var( --e-global-color-text ); font-family: var( --e-global-typography-text-font-family ), Sans-serif; font-size: var( --e-global-typography-text-font-size ); font-weight: var( --e-global-typography-text-font-weight );\"><b>Z<\/b><\/span><span style=\"color: var( --e-global-color-text ); font-family: var( --e-global-typography-text-font-family ), Sans-serif; font-size: var( --e-global-typography-text-font-size ); font-weight: var( --e-global-typography-text-font-weight );\"><b>gemeinsame Au\u00dfenbereiche<\/b><\/span><br><\/p>\n<ul>\n<li>Tiere sind auf Anfrage an der Leine in den \u00f6ffentlichen Bereichen und immer in Begleitung der Eigent\u00fcmer gestattet.<\/li>\n<li>Der Kunde ist f\u00fcr alle Sch\u00e4den verantwortlich, die er oder seine Haustiere in der Unterkunft verursachen.<\/li>\n<li>W\u00e4schewechsel w\u00f6chentlich oder wann immer der Kunde es w\u00fcnscht (Umweltrichtlinie).<\/li>\n<li>Die Nutzung von Handt\u00fcchern aus der Unterkunft au\u00dferhalb und im Pool ist nicht gestattet.<\/li>\n<li>Web-Zahlungsmethode El Pedrueco: 50% f\u00fcr Reservierung per Online-Reservierung oder Bank\u00fcberweisung. Ruhen Sie sich bei Vertragsunterzeichnung aus. Oder gem\u00e4\u00df den Bedingungen der Reservierungswebsite.<\/li>\n<li>Der Aufenthalt wird in voller H\u00f6he entsprechend der Anzahl der vertraglich vereinbarten N\u00e4chte berechnet. N\u00e4chte werden nicht abgezogen, wenn der Kunde beschlie\u00dft, den Check-in zu verschieben oder vorzeitig abzureisen.<\/li>\n<li>Der Kunde verpflichtet sich, w\u00e4hrend seines Aufenthaltes etwaige Unregelm\u00e4\u00dfigkeiten oder M\u00e4ngel in der Unterkunft zu melden. El Pedrueco verpflichtet sich, diese Probleme so schnell wie m\u00f6glich zu beheben.<\/li>\n<li>Folgende Verantwortlichkeiten seitens der Unterkunft sind ausgeschlossen: El Pedrueco liegt in einer l\u00e4ndlichen Umgebung mit vielen Vor- und einigen Nachteilen, eingeschr\u00e4nkte Telefonie mit weniger Anbietern, weniger leistungsstarkes WLAN, gelegentliche Stromausf\u00e4lle, Wasser...<\/li><li>Unterbrechungen der Strom- und Wasserversorgung<\/li><li>Der Bruch eines Ger\u00e4ts in der Unterkunft muss unverz\u00fcglich dem entsprechenden technischen Dienst gemeldet werden. Eine nicht unverz\u00fcgliche Behebung des Problems stellt keinen Grund f\u00fcr eine Entsch\u00e4digung dar.<\/li><li>Die Arbeiten der Verwaltung oder anderer Unternehmen au\u00dferhalb der Unterkunft, die in der N\u00e4he ausgef\u00fchrt werden<\/li><li>Jede Art von schwerwiegender, nat\u00fcrlicher oder \u00e4hnlicher Ursache, die den Genuss w\u00e4hrend des Aufenthalts beeintr\u00e4chtigen kann<\/li><\/ul>\n<ul>\n<li>Kaution 200 \u20ac (Festbetrag), die innerhalb von 7 Tagen nach Abreise und \u00dcberpr\u00fcfung der Unterkunft zur\u00fcckerstattet wird.<\/li>\n<li>Angebote gelten nur bei Direktbuchung beim Haus.<\/li>\n<li>Die Direktion beh\u00e4lt sich das Recht vor, die Unterkunft bei Bedarf zu betreten.<\/li>\n<li>Die Unterkunft muss sauber und mit allen M\u00f6beln und Gegenst\u00e4nden in dem Zustand hinterlassen werden, in dem sie vorgefunden wurden.<\/li>\n<\/ul>\n<div><br><\/div>\n<p><strong>STORNIERUNGSBEDINGUNGEN<\/strong><\/p>\n<p>-Eine Stornierung ist 24 Stunden nach der Reservierung kostenlos und bis zu 30 Tage vor dem Ankunftsdatum wird der als \u201eReservierungsvorschuss\u201c gezahlte Gesamtbetrag zur\u00fcckerstattet (50% des gesamten Aufenthalts).&nbsp;<\/p>\n<p>\u2013Zwischen 30 und 15 Tagen vor dem Ankunftsdatum betr\u00e4gt die Strafe 25% des \u201eReservierungsvorschusses\u201c.<\/p>\n<p>\u2013Zwischen 30 Tagen und 7 Tagen vor dem Ankunftsdatum betr\u00e4gt die Strafe 50% des \u201eReservierungsvorschusses\u201c.<\/p>\n<p>\u2013 Innerhalb von 7 Tagen vor dem Einreisedatum wird kein Betrag des \u201eReservierungsvorschusses\u201c zur\u00fcckerstattet.<\/p>\n<ul>\n<li>Verwaltungskosten im Namen des Kunden<\/li>\n<li>Oder gem\u00e4\u00df den Bedingungen der Reservierungswebsite.<\/li>\n<\/ul><div><br><\/div>\t\t\t\t\t\t\t\t<\/div>\n\t\t\t\t<\/div>\n\t\t\t\t\t<\/div>\n\t\t<\/div>\n\t\t\t\t\t<\/div>\n\t\t<\/section>\n\t\t\t\t\t<\/div>\n\t\t<\/div>\n\t\t\t\t\t<\/div>\n\t\t<\/section>\n\t\t\t\t<section class=\"elementor-section elementor-top-section elementor-element elementor-element-e068784 elementor-section-boxed elementor-section-height-default elementor-section-height-default\" data-id=\"e068784\" data-element_type=\"section\">\n\t\t\t\t\t\t<div class=\"elementor-container elementor-column-gap-default\">\n\t\t\t\t\t<div class=\"elementor-column elementor-col-100 elementor-top-column elementor-element elementor-element-173d580\" data-id=\"173d580\" data-element_type=\"column\">\n\t\t\t<div class=\"elementor-widget-wrap elementor-element-populated\">\n\t\t\t\t\t\t<div class=\"elementor-element elementor-element-46fd75d elementor-widget elementor-widget-spacer\" data-id=\"46fd75d\" data-element_type=\"widget\" data-widget_type=\"spacer.default\">\n\t\t\t\t<div class=\"elementor-widget-container\">\n\t\t\t\t\t\t\t<div class=\"elementor-spacer\">\n\t\t\t<div class=\"elementor-spacer-inner\"><\/div>\n\t\t<\/div>\n\t\t\t\t\t\t<\/div>\n\t\t\t\t<\/div>\n\t\t\t\t\t<\/div>\n\t\t<\/div>\n\t\t\t\t\t<\/div>\n\t\t<\/section>\n\t\t\t\t<\/div>","protected":false},"excerpt":{"rendered":"<p>Condiciones de reserva y cancelaci\u00f3n La capacidad m\u00e1xima de la casa es 6 personas. El Pedrueco no se hace responsable de ninguna reserva que no haya sido confirmada por escrito. Se alquila \u00edntegra, con 1, 2 o 3 hab. seg\u00fan reserva y contrato. No estando permitida la pernoctaci\u00f3n y\/o estancia de personas no inscritas en [&hellip;]<\/p>","protected":false},"author":3,"featured_media":0,"parent":0,"menu_order":0,"comment_status":"closed","ping_status":"closed","template":"","meta":{"_joinchat":[],"footnotes":""},"class_list":["post-5847","page","type-page","status-publish","hentry"],"_links":{"self":[{"href":"https:\/\/www.elpedrueco.com\/de\/wp-json\/wp\/v2\/pages\/5847","targetHints":{"allow":["GET"]}}],"collection":[{"href":"https:\/\/www.elpedrueco.com\/de\/wp-json\/wp\/v2\/pages"}],"about":[{"href":"https:\/\/www.elpedrueco.com\/de\/wp-json\/wp\/v2\/types\/page"}],"author":[{"embeddable":true,"href":"https:\/\/www.elpedrueco.com\/de\/wp-json\/wp\/v2\/users\/3"}],"replies":[{"embeddable":true,"href":"https:\/\/www.elpedrueco.com\/de\/wp-json\/wp\/v2\/comments?post=5847"}],"version-history":[{"count":5,"href":"https:\/\/www.elpedrueco.com\/de\/wp-json\/wp\/v2\/pages\/5847\/revisions"}],"predecessor-version":[{"id":5866,"href":"https:\/\/www.elpedrueco.com\/de\/wp-json\/wp\/v2\/pages\/5847\/revisions\/5866"}],"wp:attachment":[{"href":"https:\/\/www.elpedrueco.com\/de\/wp-json\/wp\/v2\/media?parent=5847"}],"curies":[{"name":"wp","href":"https:\/\/api.w.org\/{rel}","templated":true}]}}