{"id":5137,"date":"2023-11-20T13:16:42","date_gmt":"2023-11-20T12:16:42","guid":{"rendered":"https:\/\/www.elpedrueco.com\/accesibilidad\/"},"modified":"2023-11-22T18:31:26","modified_gmt":"2023-11-22T17:31:26","slug":"accesibilidad","status":"publish","type":"page","link":"https:\/\/www.elpedrueco.com\/de\/accesibilidad\/","title":{"rendered":"Barrierefreiheit"},"content":{"rendered":"<div data-elementor-type=\"wp-page\" data-elementor-id=\"5137\" class=\"elementor elementor-5137\" data-elementor-post-type=\"page\">\n\t\t\t\t\t\t<section class=\"elementor-section elementor-top-section elementor-element elementor-element-7171d525 elementor-section-full_width elementor-section-height-default elementor-section-height-default\" data-id=\"7171d525\" data-element_type=\"section\" data-settings=\"{&quot;background_background&quot;:&quot;classic&quot;,&quot;background_motion_fx_motion_fx_scrolling&quot;:&quot;yes&quot;,&quot;background_motion_fx_devices&quot;:[&quot;desktop&quot;,&quot;tablet&quot;,&quot;mobile&quot;]}\">\n\t\t\t\t\t\t\t<div class=\"elementor-background-overlay\"><\/div>\n\t\t\t\t\t\t\t<div class=\"elementor-container elementor-column-gap-no\">\n\t\t\t\t\t<div class=\"elementor-column elementor-col-100 elementor-top-column elementor-element elementor-element-1f0bc2cb\" data-id=\"1f0bc2cb\" data-element_type=\"column\" data-settings=\"{&quot;background_background&quot;:&quot;classic&quot;}\">\n\t\t\t<div class=\"elementor-widget-wrap elementor-element-populated\">\n\t\t\t\t\t\t<div class=\"elementor-element elementor-element-19afbef1 elementor-invisible elementor-widget elementor-widget-heading\" data-id=\"19afbef1\" data-element_type=\"widget\" data-settings=\"{&quot;_animation&quot;:&quot;fadeInLeft&quot;}\" data-widget_type=\"heading.default\">\n\t\t\t\t<div class=\"elementor-widget-container\">\n\t\t\t\t\t<h1 class=\"elementor-heading-title elementor-size-default\">BARRIEREFREIHEIT<\/h1>\t\t\t\t<\/div>\n\t\t\t\t<\/div>\n\t\t\t\t<div class=\"elementor-element elementor-element-6381dc86 elementor-widget elementor-widget-text-editor\" data-id=\"6381dc86\" data-element_type=\"widget\" data-widget_type=\"text-editor.default\">\n\t\t\t\t<div class=\"elementor-widget-container\">\n\t\t\t\t\t\t\t\t\t<p style=\"text-align: center;\">Verantwortliche Erkl\u00e4rung zur Barrierefreiheit dieser Website gem\u00e4\u00df den geltenden Vorschriften<\/p>\t\t\t\t\t\t\t\t<\/div>\n\t\t\t\t<\/div>\n\t\t\t\t\t<\/div>\n\t\t<\/div>\n\t\t\t\t\t<\/div>\n\t\t<\/section>\n\t\t\t\t<section class=\"elementor-section elementor-top-section elementor-element elementor-element-16b61614 elementor-section-boxed elementor-section-height-default elementor-section-height-default\" data-id=\"16b61614\" data-element_type=\"section\">\n\t\t\t\t\t\t<div class=\"elementor-container elementor-column-gap-default\">\n\t\t\t\t\t<div class=\"elementor-column elementor-col-100 elementor-top-column elementor-element elementor-element-5c6bf520\" data-id=\"5c6bf520\" data-element_type=\"column\">\n\t\t\t<div class=\"elementor-widget-wrap elementor-element-populated\">\n\t\t\t\t\t\t<div class=\"elementor-element elementor-element-44d0a57 elementor-widget elementor-widget-text-editor\" data-id=\"44d0a57\" data-element_type=\"widget\" data-widget_type=\"text-editor.default\">\n\t\t\t\t<div class=\"elementor-widget-container\">\n\t\t\t\t\t\t\t\t\t<p><strong>DER PEDRUECO<\/strong> ist bestrebt, allen Benutzern ein vollst\u00e4ndig barrierefreies Website-Erlebnis zu bieten, einschlie\u00dflich derjenigen, die beim Navigieren im Internet auf unterst\u00fctzende Technologien wie Bildschirmleseprogramme, Bildschirmvergr\u00f6\u00dferungssoftware und alternative Tastatureingabeger\u00e4te angewiesen sind <a class=\"ext\" href=\"https:\/\/www.boe.es\/diario_boe\/txt.php?id=BOE-A-2018-12699\" target=\"_blank\" rel=\"noopener noreferrer\" data-extlink=\"\">K\u00f6niglicher Erlass 1112\/2018 vom 7. September \u00fcber die Zug\u00e4nglichkeit von Websites und Anwendungen f\u00fcr mobile Ger\u00e4te im \u00f6ffentlichen Sektor.<\/a><\/p><p>Diese Erkl\u00e4rung zur Barrierefreiheit gilt f\u00fcr die Website: www.elpedrueco.com<\/p>\t\t\t\t\t\t\t\t<\/div>\n\t\t\t\t<\/div>\n\t\t\t\t<div class=\"elementor-element elementor-element-3a56e3bf elementor-invisible elementor-widget elementor-widget-heading\" data-id=\"3a56e3bf\" data-element_type=\"widget\" data-settings=\"{&quot;_animation&quot;:&quot;fadeIn&quot;}\" data-widget_type=\"heading.default\">\n\t\t\t\t<div class=\"elementor-widget-container\">\n\t\t\t\t\t<h2 class=\"elementor-heading-title elementor-size-default\">COMPLIANCE-SITUATION<\/h2>\t\t\t\t<\/div>\n\t\t\t\t<\/div>\n\t\t\t\t<div class=\"elementor-element elementor-element-76a1276f elementor-widget elementor-widget-text-editor\" data-id=\"76a1276f\" data-element_type=\"widget\" data-widget_type=\"text-editor.default\">\n\t\t\t\t<div class=\"elementor-widget-container\">\n\t\t\t\t\t\t\t\t\t<p>Aufgrund der Ausnahmen und der mangelnden Konformit\u00e4t der im folgenden Punkt genannten Aspekte entspricht diese Website teilweise der Verordnung RD 1112\/2018.<\/p>\t\t\t\t\t\t\t\t<\/div>\n\t\t\t\t<\/div>\n\t\t\t\t<div class=\"elementor-element elementor-element-7352982d elementor-invisible elementor-widget elementor-widget-heading\" data-id=\"7352982d\" data-element_type=\"widget\" data-settings=\"{&quot;_animation&quot;:&quot;fadeIn&quot;}\" data-widget_type=\"heading.default\">\n\t\t\t\t<div class=\"elementor-widget-container\">\n\t\t\t\t\t<h2 class=\"elementor-heading-title elementor-size-default\">INHALT NICHT ZUG\u00c4NGLICH<\/h2>\t\t\t\t<\/div>\n\t\t\t\t<\/div>\n\t\t\t\t<div class=\"elementor-element elementor-element-4f11e1b5 elementor-widget elementor-widget-text-editor\" data-id=\"4f11e1b5\" data-element_type=\"widget\" data-widget_type=\"text-editor.default\">\n\t\t\t\t<div class=\"elementor-widget-container\">\n\t\t\t\t\t\t\t\t\t<p><span style=\"color: var( --e-global-color-text ); font-family: var( --e-global-typography-text-font-family ), Sans-serif; font-size: var( --e-global-typography-text-font-size ); font-weight: var( --e-global-typography-text-font-weight );\">Der unten gesammelte Inhalt ist aus folgenden Gr\u00fcnden nicht zug\u00e4nglich:<\/span><\/p><h3 style=\"padding-left: 40px;\">Mangelhafte Einhaltung der RD 1112\/2018<\/h3><p style=\"padding-left: 40px;\">M\u00f6glicherweise werden nach dem 20. September 2018 Office-Dokumente im PDF-Format und in anderen Formaten ver\u00f6ffentlicht, die den Barrierefreiheitsanforderungen nicht vollst\u00e4ndig entsprechen. Zur Formalisierung von Beschwerden und R\u00fcckfragen k\u00f6nnen \u00fcber das Kontaktformular vollst\u00e4ndig zug\u00e4ngliche Dokumente angefordert werden.<\/p><p style=\"padding-left: 40px;\">Auf einigen Webseiten k\u00f6nnen bestimmte Bearbeitungscodefehler auftreten. [4.1.1 Verarbeitung]<\/p><h3 style=\"padding-left: 40px;\">Der Inhalt f\u00e4llt nicht in den Geltungsbereich der geltenden Gesetzgebung<\/h3><p style=\"padding-left: 40px;\">M\u00f6glicherweise wurden vor dem 20. September 2018 Office-Dateien im PDF-Format oder in anderen Formaten ver\u00f6ffentlicht, die nicht alle Barrierefreiheitsanforderungen vollst\u00e4ndig erf\u00fcllen. Allerdings wurden Anstrengungen unternommen, um sicherzustellen, dass die meisten von ihnen die Vorschriften einhalten.<\/p>\t\t\t\t\t\t\t\t<\/div>\n\t\t\t\t<\/div>\n\t\t\t\t<div class=\"elementor-element elementor-element-6cf38983 elementor-invisible elementor-widget elementor-widget-heading\" data-id=\"6cf38983\" data-element_type=\"widget\" data-settings=\"{&quot;_animation&quot;:&quot;fadeIn&quot;}\" data-widget_type=\"heading.default\">\n\t\t\t\t<div class=\"elementor-widget-container\">\n\t\t\t\t\t<h2 class=\"elementor-heading-title elementor-size-default\">OPTIONALE INHALTE<\/h2>\t\t\t\t<\/div>\n\t\t\t\t<\/div>\n\t\t\t\t<div class=\"elementor-element elementor-element-14f5b427 elementor-widget elementor-widget-text-editor\" data-id=\"14f5b427\" data-element_type=\"widget\" data-widget_type=\"text-editor.default\">\n\t\t\t\t<div class=\"elementor-widget-container\">\n\t\t\t\t\t\t\t\t\t<p><span style=\"color: var( --e-global-color-text ); font-family: var( --e-global-typography-text-font-family ), Sans-serif; font-size: var( --e-global-typography-text-font-size ); font-weight: var( --e-global-typography-text-font-weight );\">Diese Website ist so konzipiert, dass die Textgr\u00f6\u00dfe und -farbe sowie der Seitenhintergrund mithilfe der Standardbrowsereinstellungen ge\u00e4ndert werden k\u00f6nnen.<\/span><\/p>\n<p>Wenn Sie die Schriftgr\u00f6\u00dfe des Textes in den wichtigsten grafischen Browsern \u00e4ndern m\u00f6chten, verwenden Sie die folgenden Men\u00fcs:<\/p>\n<ul>\n<li>Internet Explorer, Mozilla und Firefox: Ansicht &gt; Textgr\u00f6\u00dfe<\/li>\n<li>Opera: Ansicht &gt; Zoom<\/li>\n<li>Safari: Ansicht &gt; Text vergr\u00f6\u00dfern<\/li>\n<li>Chrome: Aktuelle Seite steuern &gt; Textgr\u00f6\u00dfe So \u00e4ndern Sie die Gr\u00f6\u00dfe aller Elemente auf der Seite:<\/li>\n<li>Strg + +, um es zu erh\u00f6hen<\/li><li>Strg + \u2013 um es zu verringern<\/li><li>Strg + 0 stellt die urspr\u00fcngliche Textgr\u00f6\u00dfe wieder her<\/li><li>Wenn Sie das Stylesheet \u00fcberschreiben oder die Textfarbe \u00e4ndern m\u00f6chten, k\u00f6nnen Sie die Seite konsultieren <span lang=\"en\" style=\"background-color: transparent; color: var( --e-global-color-text ); font-family: var( --e-global-typography-text-font-family ), Sans-serif; font-weight: var( --e-global-typography-text-font-weight );\">So \u00e4ndern Sie die WAI-Textgr\u00f6\u00dfe oder -Farben<\/span><span style=\"background-color: transparent; color: var( --e-global-color-text ); font-family: var( --e-global-typography-text-font-family ), Sans-serif; font-weight: var( --e-global-typography-text-font-weight );\">, das ins Spanische \u00fcbersetzt unter Wie \u00e4ndere ich die Textgr\u00f6\u00dfe oder -farben? lesen kann.<\/span><\/li>\n<\/ul>\t\t\t\t\t\t\t\t<\/div>\n\t\t\t\t<\/div>\n\t\t\t\t<div class=\"elementor-element elementor-element-76533f9b elementor-invisible elementor-widget elementor-widget-heading\" data-id=\"76533f9b\" data-element_type=\"widget\" data-settings=\"{&quot;_animation&quot;:&quot;fadeIn&quot;}\" data-widget_type=\"heading.default\">\n\t\t\t\t<div class=\"elementor-widget-container\">\n\t\t\t\t\t<h2 class=\"elementor-heading-title elementor-size-default\">Barrierefreiheitsfunktionen auf unserer Website<\/h2>\t\t\t\t<\/div>\n\t\t\t\t<\/div>\n\t\t\t\t<div class=\"elementor-element elementor-element-2a0776b4 elementor-widget elementor-widget-text-editor\" data-id=\"2a0776b4\" data-element_type=\"widget\" data-widget_type=\"text-editor.default\">\n\t\t\t\t<div class=\"elementor-widget-container\">\n\t\t\t\t\t\t\t\t\t<div><span style=\"color: var( --e-global-color-text ); font-family: var( --e-global-typography-text-font-family ), Sans-serif; font-size: var( --e-global-typography-text-font-size ); font-weight: var( --e-global-typography-text-font-weight );\">\u00dcber das \u201eOne Click Accessibility\u201c-Plugin haben wir die folgenden Tools integriert, um die Barrierefreiheit zu verbessern:<\/span><\/div><ul><li>Schriftgr\u00f6\u00dfe \u00e4ndern (vergr\u00f6\u00dfern\/verkleinern)<\/li><li>Graustufen<\/li><li>Negativer Kontrast<\/li><li>Hoher Kontrast<\/li><li>heller Hintergrund<\/li><li>Link-Unterstreichung<\/li><li>Lesbare Schriftart<\/li><li>Link zur Sitemap\/Kommentare\/Hilfeseiten<\/li><li>Aktivieren Sie \u201eZum Inhalt springen\u201c.<\/li><li>F\u00fcgen Sie den Umrissfokus f\u00fcr fokussierbare Elemente hinzu<\/li><li>Zielattribut aus Links entfernen<\/li><li>F\u00fcgen Sie allen Links Referenzrollen hinzu<\/li><li>Customizer zur Stilanpassung<\/li><\/ul>\t\t\t\t\t\t\t\t<\/div>\n\t\t\t\t<\/div>\n\t\t\t\t<div class=\"elementor-element elementor-element-674e694f elementor-invisible elementor-widget elementor-widget-heading\" data-id=\"674e694f\" data-element_type=\"widget\" data-settings=\"{&quot;_animation&quot;:&quot;fadeIn&quot;}\" data-widget_type=\"heading.default\">\n\t\t\t\t<div class=\"elementor-widget-container\">\n\t\t\t\t\t<h2 class=\"elementor-heading-title elementor-size-default\">WO WIR UNS VERBESSERN<\/h2>\t\t\t\t<\/div>\n\t\t\t\t<\/div>\n\t\t\t\t<div class=\"elementor-element elementor-element-1165e10e elementor-widget elementor-widget-text-editor\" data-id=\"1165e10e\" data-element_type=\"widget\" data-widget_type=\"text-editor.default\">\n\t\t\t\t<div class=\"elementor-widget-container\">\n\t\t\t\t\t\t\t\t\t<div><span style=\"color: var( --e-global-color-text ); font-family: var( --e-global-typography-text-font-family ), Sans-serif; font-size: var( --e-global-typography-text-font-size ); font-weight: var( --e-global-typography-text-font-weight );\">Dies ist Teil unseres umfassenderen Bestrebens, die Erfahrung bei EL PEDRUECO f\u00fcr alle einladend und angenehm zu gestalten. Bitte beachten Sie, dass wir zwar alle Anstrengungen unternehmen, um Informationen f\u00fcr alle Benutzer zug\u00e4nglich zu machen, wir jedoch die Zug\u00e4nglichkeit von Websites Dritter, auf die wir m\u00f6glicherweise verlinken, nicht garantieren k\u00f6nnen.<\/span><\/div>\t\t\t\t\t\t\t\t<\/div>\n\t\t\t\t<\/div>\n\t\t\t\t<div class=\"elementor-element elementor-element-69de1955 elementor-invisible elementor-widget elementor-widget-heading\" data-id=\"69de1955\" data-element_type=\"widget\" data-settings=\"{&quot;_animation&quot;:&quot;fadeIn&quot;}\" data-widget_type=\"heading.default\">\n\t\t\t\t<div class=\"elementor-widget-container\">\n\t\t\t\t\t<h2 class=\"elementor-heading-title elementor-size-default\">KONTAKT ZUM SUPPORT ZUR Barrierefreiheit<\/h2>\t\t\t\t<\/div>\n\t\t\t\t<\/div>\n\t\t\t\t<div class=\"elementor-element elementor-element-45cc593 elementor-widget elementor-widget-text-editor\" data-id=\"45cc593\" data-element_type=\"widget\" data-widget_type=\"text-editor.default\">\n\t\t\t\t<div class=\"elementor-widget-container\">\n\t\t\t\t\t\t\t\t\t<div><span style=\"color: var( --e-global-color-text ); font-family: var( --e-global-typography-text-font-family ), Sans-serif; font-size: var( --e-global-typography-text-font-size ); font-weight: var( --e-global-typography-text-font-weight );\">Wir freuen uns \u00fcber Kommentare, Fragen und Feedback zu unserer Website. Wenn Sie unterst\u00fctzende Technologien verwenden und Schwierigkeiten bei der Nutzung unserer Website haben, senden Sie bitte eine E-Mail an info@elpedrueco.com. Wir werden unser Bestes geben, um zu helfen und die Probleme zu l\u00f6sen.<\/span><\/div>\t\t\t\t\t\t\t\t<\/div>\n\t\t\t\t<\/div>\n\t\t\t\t\t<\/div>\n\t\t<\/div>\n\t\t\t\t\t<\/div>\n\t\t<\/section>\n\t\t\t\t<section class=\"elementor-section elementor-top-section elementor-element elementor-element-1661e624 elementor-section-boxed elementor-section-height-default elementor-section-height-default\" data-id=\"1661e624\" data-element_type=\"section\">\n\t\t\t\t\t\t<div class=\"elementor-container elementor-column-gap-default\">\n\t\t\t\t\t<div class=\"elementor-column elementor-col-100 elementor-top-column elementor-element elementor-element-7fea4769\" data-id=\"7fea4769\" data-element_type=\"column\">\n\t\t\t<div class=\"elementor-widget-wrap elementor-element-populated\">\n\t\t\t\t\t\t<div class=\"elementor-element elementor-element-6263c216 elementor-align-center elementor-widget elementor-widget-button\" data-id=\"6263c216\" data-element_type=\"widget\" data-widget_type=\"button.default\">\n\t\t\t\t<div class=\"elementor-widget-container\">\n\t\t\t\t\t\t\t\t\t<div class=\"elementor-button-wrapper\">\n\t\t\t\t\t<a class=\"elementor-button elementor-button-link elementor-size-md elementor-animation-grow\" href=\"https:\/\/www.elpedrueco.com\/de\/contacto\/\">\n\t\t\t\t\t\t<span class=\"elementor-button-content-wrapper\">\n\t\t\t\t\t\t\t\t\t<span class=\"elementor-button-text\">Frage nach mehr Informationen<\/span>\n\t\t\t\t\t<\/span>\n\t\t\t\t\t<\/a>\n\t\t\t\t<\/div>\n\t\t\t\t\t\t\t\t<\/div>\n\t\t\t\t<\/div>\n\t\t\t\t\t<\/div>\n\t\t<\/div>\n\t\t\t\t\t<\/div>\n\t\t<\/section>\n\t\t\t\t<\/div>","protected":false},"excerpt":{"rendered":"<p>ZUG\u00c4NGLICHKEIT Die Erkl\u00e4rung zur verantwortungsvollen Barrierefreiheit f\u00fcr diese Website in \u00dcbereinstimmung mit den geltenden Vorschriften ist bestrebt, allen Benutzern ein vollst\u00e4ndig barrierefreies Website-Erlebnis zu bieten, einschlie\u00dflich derjenigen, die auf unterst\u00fctzende Technologien wie Bildschirmleseprogramme, Bildschirmvergr\u00f6\u00dferungssoftware und alternative Tastatureingabeger\u00e4te angewiesen sind [\u2026]<\/p>","protected":false},"author":3,"featured_media":5140,"parent":0,"menu_order":0,"comment_status":"closed","ping_status":"closed","template":"elementor_header_footer","meta":{"_joinchat":[],"footnotes":""},"class_list":["post-5137","page","type-page","status-publish","has-post-thumbnail","hentry"],"_links":{"self":[{"href":"https:\/\/www.elpedrueco.com\/de\/wp-json\/wp\/v2\/pages\/5137","targetHints":{"allow":["GET"]}}],"collection":[{"href":"https:\/\/www.elpedrueco.com\/de\/wp-json\/wp\/v2\/pages"}],"about":[{"href":"https:\/\/www.elpedrueco.com\/de\/wp-json\/wp\/v2\/types\/page"}],"author":[{"embeddable":true,"href":"https:\/\/www.elpedrueco.com\/de\/wp-json\/wp\/v2\/users\/3"}],"replies":[{"embeddable":true,"href":"https:\/\/www.elpedrueco.com\/de\/wp-json\/wp\/v2\/comments?post=5137"}],"version-history":[{"count":5,"href":"https:\/\/www.elpedrueco.com\/de\/wp-json\/wp\/v2\/pages\/5137\/revisions"}],"predecessor-version":[{"id":5537,"href":"https:\/\/www.elpedrueco.com\/de\/wp-json\/wp\/v2\/pages\/5137\/revisions\/5537"}],"wp:featuredmedia":[{"embeddable":true,"href":"https:\/\/www.elpedrueco.com\/de\/wp-json\/wp\/v2\/media\/5140"}],"wp:attachment":[{"href":"https:\/\/www.elpedrueco.com\/de\/wp-json\/wp\/v2\/media?parent=5137"}],"curies":[{"name":"wp","href":"https:\/\/api.w.org\/{rel}","templated":true}]}}