{"id":5133,"date":"2023-11-20T13:16:41","date_gmt":"2023-11-20T12:16:41","guid":{"rendered":"https:\/\/www.elpedrueco.com\/politica-de-cookies-2\/"},"modified":"2023-11-22T18:11:05","modified_gmt":"2023-11-22T17:11:05","slug":"politica-de-cookies-2","status":"publish","type":"page","link":"https:\/\/www.elpedrueco.com\/de\/politica-de-cookies-2\/","title":{"rendered":"Cookie-Richtlinie"},"content":{"rendered":"<div data-elementor-type=\"wp-page\" data-elementor-id=\"5133\" class=\"elementor elementor-5133\" data-elementor-post-type=\"page\">\n\t\t\t\t\t\t<section class=\"elementor-section elementor-top-section elementor-element elementor-element-2b58502e elementor-section-full_width elementor-section-height-default elementor-section-height-default\" data-id=\"2b58502e\" data-element_type=\"section\" data-settings=\"{&quot;background_background&quot;:&quot;classic&quot;,&quot;background_motion_fx_motion_fx_scrolling&quot;:&quot;yes&quot;,&quot;background_motion_fx_devices&quot;:[&quot;desktop&quot;,&quot;tablet&quot;,&quot;mobile&quot;]}\">\n\t\t\t\t\t\t\t<div class=\"elementor-background-overlay\"><\/div>\n\t\t\t\t\t\t\t<div class=\"elementor-container elementor-column-gap-no\">\n\t\t\t\t\t<div class=\"elementor-column elementor-col-100 elementor-top-column elementor-element elementor-element-2ce89af9\" data-id=\"2ce89af9\" data-element_type=\"column\">\n\t\t\t<div class=\"elementor-widget-wrap elementor-element-populated\">\n\t\t\t\t\t\t<div class=\"elementor-element elementor-element-6a7c420b elementor-invisible elementor-widget elementor-widget-heading\" data-id=\"6a7c420b\" data-element_type=\"widget\" data-settings=\"{&quot;_animation&quot;:&quot;fadeInLeft&quot;}\" data-widget_type=\"heading.default\">\n\t\t\t\t<div class=\"elementor-widget-container\">\n\t\t\t\t\t<h1 class=\"elementor-heading-title elementor-size-default\">COOKIES-RICHTLINIE<\/h1>\t\t\t\t<\/div>\n\t\t\t\t<\/div>\n\t\t\t\t<div class=\"elementor-element elementor-element-76064a31 elementor-widget elementor-widget-text-editor\" data-id=\"76064a31\" data-element_type=\"widget\" data-widget_type=\"text-editor.default\">\n\t\t\t\t<div class=\"elementor-widget-container\">\n\t\t\t\t\t\t\t\t\t<p style=\"text-align: center;\">Informationen \u00fcber die Art der Cookies, die wir auf dieser Website verwenden und zu welchem Zweck.<\/p>\t\t\t\t\t\t\t\t<\/div>\n\t\t\t\t<\/div>\n\t\t\t\t<section class=\"elementor-section elementor-inner-section elementor-element elementor-element-39e498be elementor-section-boxed elementor-section-height-default elementor-section-height-default\" data-id=\"39e498be\" data-element_type=\"section\">\n\t\t\t\t\t\t<div class=\"elementor-container elementor-column-gap-default\">\n\t\t\t\t\t<div class=\"elementor-column elementor-col-100 elementor-inner-column elementor-element elementor-element-52f43d59\" data-id=\"52f43d59\" data-element_type=\"column\">\n\t\t\t<div class=\"elementor-widget-wrap\">\n\t\t\t\t\t\t\t<\/div>\n\t\t<\/div>\n\t\t\t\t\t<\/div>\n\t\t<\/section>\n\t\t\t\t\t<\/div>\n\t\t<\/div>\n\t\t\t\t\t<\/div>\n\t\t<\/section>\n\t\t\t\t<section class=\"elementor-section elementor-top-section elementor-element elementor-element-1b115186 elementor-section-boxed elementor-section-height-default elementor-section-height-default\" data-id=\"1b115186\" data-element_type=\"section\">\n\t\t\t\t\t\t<div class=\"elementor-container elementor-column-gap-default\">\n\t\t\t\t\t<div class=\"elementor-column elementor-col-100 elementor-top-column elementor-element elementor-element-37d9657d\" data-id=\"37d9657d\" data-element_type=\"column\">\n\t\t\t<div class=\"elementor-widget-wrap elementor-element-populated\">\n\t\t\t\t\t\t<div class=\"elementor-element elementor-element-28f2a781 elementor-widget elementor-widget-text-editor\" data-id=\"28f2a781\" data-element_type=\"widget\" data-widget_type=\"text-editor.default\">\n\t\t\t\t<div class=\"elementor-widget-container\">\n\t\t\t\t\t\t\t\t\t<p>Diese Website verwendet Cookies. Hier erkl\u00e4ren wir, was Cookies sind und wie wir sie auf unserer Website verwenden. Sie k\u00f6nnen Ihre Cookie-Einstellungen jederzeit \u00e4ndern:<\/p>\n<p style=\"text-align: center;\"><a href=\"#\" class=\"_brlbs-btn-cookie-preference borlabs-cookie-preference\">Cookie-Einstellungen<\/a><\/p>\n<p><\/p>\n<p><span style=\"color: var( --e-global-color-text ); font-size: 1.2rem; letter-spacing: 0px;\"><br><\/span><\/p><p><span style=\"color: var( --e-global-color-text ); font-size: 1.2rem; letter-spacing: 0px;\">In \u00dcbereinstimmung mit dem Gesetz 34\/2002 vom 11. Juli \u00fcber Dienste der Informationsgesellschaft und elektronischen Handel informieren wir Sie dar\u00fcber, dass diese Website, wie die meisten Websites im Internet, Cookies verwendet, um die Benutzererfahrung zu verbessern und zu optimieren.<\/span><br><\/p>\n<p>Nachfolgend finden Sie detaillierte Informationen dar\u00fcber, was Cookies sind, welche Art diese Website verwendet, wie Sie die Einstellungen Ihrer Cookies \u00e4ndern und was passiert, wenn Sie Cookies deaktivieren.<\/p>\t\t\t\t\t\t\t\t<\/div>\n\t\t\t\t<\/div>\n\t\t\t\t<div class=\"elementor-element elementor-element-7c610c0f elementor-invisible elementor-widget elementor-widget-heading\" data-id=\"7c610c0f\" data-element_type=\"widget\" data-settings=\"{&quot;_animation&quot;:&quot;fadeIn&quot;}\" data-widget_type=\"heading.default\">\n\t\t\t\t<div class=\"elementor-widget-container\">\n\t\t\t\t\t<h2 class=\"elementor-heading-title elementor-size-default\">Was sind Cookies?<\/h2>\t\t\t\t<\/div>\n\t\t\t\t<\/div>\n\t\t\t\t<div class=\"elementor-element elementor-element-5134e201 elementor-widget elementor-widget-text-editor\" data-id=\"5134e201\" data-element_type=\"widget\" data-widget_type=\"text-editor.default\">\n\t\t\t\t<div class=\"elementor-widget-container\">\n\t\t\t\t\t\t\t\t\tEin Cookie ist eine kleine Datei, die auf den Computer des Benutzers heruntergeladen wird, um Daten zu speichern, die von der f\u00fcr die Installation verantwortlichen Stelle aktualisiert und wiederhergestellt werden k\u00f6nnen.\t\t\t\t\t\t\t\t<\/div>\n\t\t\t\t<\/div>\n\t\t\t\t<div class=\"elementor-element elementor-element-4ecc97ac elementor-invisible elementor-widget elementor-widget-heading\" data-id=\"4ecc97ac\" data-element_type=\"widget\" data-settings=\"{&quot;_animation&quot;:&quot;fadeIn&quot;}\" data-widget_type=\"heading.default\">\n\t\t\t\t<div class=\"elementor-widget-container\">\n\t\t\t\t\t<h2 class=\"elementor-heading-title elementor-size-default\">Welche Art von Cookies verwendet diese Website?<\/h2>\t\t\t\t<\/div>\n\t\t\t\t<\/div>\n\t\t\t\t<div class=\"elementor-element elementor-element-c0fa579 elementor-widget elementor-widget-text-editor\" data-id=\"c0fa579\" data-element_type=\"widget\" data-widget_type=\"text-editor.default\">\n\t\t\t\t<div class=\"elementor-widget-container\">\n\t\t\t\t\t\t\t\t\tNachfolgend finden Sie eine Tabelle mit den auf dieser Website verwendeten Cookies. \u00dcber ggf. durchgef\u00fchrte \u00dcbermittlungen in Drittl\u00e4nder durch die in dieser Cookie-Richtlinie genannten Drittanbieter k\u00f6nnen Sie sich in deren entsprechenden Richtlinien informieren.\n\n<div class=\"BorlabsCookie\"><h3 class=\"_brlbs _brlbs-cg-essential\">Essentiell<\/h3><p class=\"_brlbs _brlbs-cg-essential\">Unverzichtbare Cookies erm\u00f6glichen grundlegende Funktionen und sind f\u00fcr die ordnungsgem\u00e4\u00dfe Funktion der Website erforderlich.<\/p><h4 class=\"_brlbs _brlbs-c-borlabs-cookie\">Borlabs Keks<\/h4><div class=\"_brlbs-responsive-table\"><table class=\"_brlbs _brlbs-c-borlabs-cookie\"><tr><th scope=\"row\">Name<\/th><td>Borlabs Keks<\/td><\/tr><tr><th scope=\"row\">Anbieter<\/th><td>Inhaber dieser Website<\/td><\/tr><tr><th scope=\"row\">Zweck<\/th><td>Speichert ausgew\u00e4hlte Besucherpr\u00e4ferenzen in der Cookie-Box von Borlabs Cookie.<\/td><\/tr><tr><th scope=\"row\">Cookie-Name<\/th><td>Borlabs-Keks<\/td><\/tr><tr><th scope=\"row\">Cookie-Ablauf<\/th><td>1 Jahr<\/td><\/tr><\/table><\/div><h3 class=\"_brlbs _brlbs-cg-statistics\">Statistiken<\/h3><p class=\"_brlbs _brlbs-cg-statistics\">Statistik-Cookies sammeln Informationen anonym. Diese Informationen helfen uns zu verstehen, wie unsere Besucher unsere Website nutzen.<\/p><h4 class=\"_brlbs _brlbs-c-google-analytics\">Google Analytics<\/h4><div class=\"_brlbs-responsive-table\"><table class=\"_brlbs _brlbs-c-google-analytics\"><tr><th scope=\"row\">Name<\/th><td>Google Analytics<\/td><\/tr><tr><th scope=\"row\">Anbieter<\/th><td>Google Ireland Limited, Gordon House, Barrow Street, Dublin 4, Irland<\/td><\/tr><tr><th scope=\"row\">Zweck<\/th><td>Google-Cookie zur Website-Analyse. Erzeugt statistische Daten dar\u00fcber, wie der Besucher die Website nutzt.<\/td><\/tr><tr><th scope=\"row\">Datenschutzrichtlinie<\/th><td><a href=\"https:\/\/policies.google.com\/privacy?hl=en\" target=\"_blank\" rel=\"nofollow noopener noreferrer\">https:\/\/policies.google.com\/privacy?hl=en<\/a><\/td><\/tr><tr><th scope=\"row\">Cookie-Name<\/th><td>_ga,_gat,_gid<\/td><\/tr><tr><th scope=\"row\">Cookie-Ablauf<\/th><td>2 Monate<\/td><\/tr><\/table><\/div><h3 class=\"_brlbs _brlbs-cg-marketing\">Marketing<\/h3><p class=\"_brlbs _brlbs-cg-marketing\">Marketing-Cookies werden von Drittanbietern oder Publishern verwendet, um personalisierte Werbung anzuzeigen. Dies erreichen sie, indem sie Besucher \u00fcber Websites hinweg verfolgen.<\/p><h3 class=\"_brlbs _brlbs-cg-external-media\">Externe Medien<\/h3><p class=\"_brlbs _brlbs-cg-external-media\">Inhalte auf Videoplattformen und Social-Media-Plattformen sind standardm\u00e4\u00dfig blockiert. Wenn Cookies von externen Medien akzeptiert werden, ist f\u00fcr den Zugriff auf diese Inhalte keine manuelle Zustimmung mehr erforderlich.<\/p><h4 class=\"_brlbs _brlbs-c-facebook\">Facebook<\/h4><div class=\"_brlbs-responsive-table\"><table class=\"_brlbs _brlbs-c-facebook\"><tr><th scope=\"row\">Name<\/th><td>Facebook<\/td><\/tr><tr><th scope=\"row\">Anbieter<\/th><td>Meta Platforms Ireland Limited, 4 Grand Canal Square, Dublin 2, Irland<\/td><\/tr><tr><th scope=\"row\">Zweck<\/th><td>Es wird verwendet, um Facebook-Inhalte zu entsperren.<\/td><\/tr><tr><th scope=\"row\">Datenschutzrichtlinie<\/th><td><a href=\"https:\/\/www.facebook.com\/privacy\/explanation\" target=\"_blank\" rel=\"nofollow noopener noreferrer\">https:\/\/www.facebook.com\/privacy\/explanation<\/a><\/td><\/tr><tr><th scope=\"row\">Gastgeber<\/th><td>.facebook.com<\/td><\/tr><\/table><\/div><h4 class=\"_brlbs _brlbs-c-googlemaps\">Google Maps<\/h4><div class=\"_brlbs-responsive-table\"><table class=\"_brlbs _brlbs-c-googlemaps\"><tr><th scope=\"row\">Name<\/th><td>Google Maps<\/td><\/tr><tr><th scope=\"row\">Anbieter<\/th><td>Google Ireland Limited, Gordon House, Barrow Street, Dublin 4, Irland<\/td><\/tr><tr><th scope=\"row\">Zweck<\/th><td>Wird zum Entsperren von Google Maps-Inhalten verwendet.<\/td><\/tr><tr><th scope=\"row\">Datenschutzrichtlinie<\/th><td><a href=\"https:\/\/policies.google.com\/privacy?hl=enl=en\" target=\"_blank\" rel=\"nofollow noopener noreferrer\">https:\/\/policies.google.com\/privacy?hl=enl=en<\/a><\/td><\/tr><tr><th scope=\"row\">Gastgeber<\/th><td>.Google com<\/td><\/tr><tr><th scope=\"row\">Cookie-Name<\/th><td>NID<\/td><\/tr><tr><th scope=\"row\">Cookie-Ablauf<\/th><td>6 Monate<\/td><\/tr><\/table><\/div><h4 class=\"_brlbs _brlbs-c-instagram\">Instagram<\/h4><div class=\"_brlbs-responsive-table\"><table class=\"_brlbs _brlbs-c-instagram\"><tr><th scope=\"row\">Name<\/th><td>Instagram<\/td><\/tr><tr><th scope=\"row\">Anbieter<\/th><td>Meta Platforms Ireland Limited, 4 Grand Canal Square, Dublin 2, Irland<\/td><\/tr><tr><th scope=\"row\">Zweck<\/th><td>Es wird verwendet, um Instagram-Inhalte zu entsperren.<\/td><\/tr><tr><th scope=\"row\">Datenschutzrichtlinie<\/th><td><a href=\"https:\/\/www.instagram.com\/legal\/privacy\/\" target=\"_blank\" rel=\"nofollow noopener noreferrer\">https:\/\/www.instagram.com\/legal\/privacy\/<\/a><\/td><\/tr><tr><th scope=\"row\">Gastgeber<\/th><td>.instagram.com<\/td><\/tr><tr><th scope=\"row\">Cookie-Name<\/th><td>pigeon_state<\/td><\/tr><tr><th scope=\"row\">Cookie-Ablauf<\/th><td>Sitzung<\/td><\/tr><\/table><\/div><h4 class=\"_brlbs _brlbs-c-twitter\">Twitter<\/h4><div class=\"_brlbs-responsive-table\"><table class=\"_brlbs _brlbs-c-twitter\"><tr><th scope=\"row\">Name<\/th><td>Twitter<\/td><\/tr><tr><th scope=\"row\">Anbieter<\/th><td>Twitter International Company, One Cumberland Place, Fenian Street, Dublin 2, D02 AX07, Irland<\/td><\/tr><tr><th scope=\"row\">Zweck<\/th><td>Es wird verwendet, um Twitter-Inhalte zu entsperren.<\/td><\/tr><tr><th scope=\"row\">Datenschutzrichtlinie<\/th><td><a href=\"https:\/\/twitter.com\/privacy\" target=\"_blank\" rel=\"nofollow noopener noreferrer\">https:\/\/twitter.com\/privacy<\/a><\/td><\/tr><tr><th scope=\"row\">Gastgeber<\/th><td>.twimg.com, .twitter.com<\/td><\/tr><tr><th scope=\"row\">Cookie-Name<\/th><td>__widgetsettings, local_storage_support_test<\/td><\/tr><tr><th scope=\"row\">Cookie-Ablauf<\/th><td>Unbegrenzt<\/td><\/tr><\/table><\/div><h4 class=\"_brlbs _brlbs-c-vimeo\">Vimeo<\/h4><div class=\"_brlbs-responsive-table\"><table class=\"_brlbs _brlbs-c-vimeo\"><tr><th scope=\"row\">Name<\/th><td>Vimeo<\/td><\/tr><tr><th scope=\"row\">Anbieter<\/th><td>Vimeo Inc., 555 West 18th Street, New York, New York 10011, USA<\/td><\/tr><tr><th scope=\"row\">Zweck<\/th><td>Wird zum Entsperren von Vimeo-Inhalten verwendet.<\/td><\/tr><tr><th scope=\"row\">Datenschutzrichtlinie<\/th><td><a href=\"https:\/\/vimeo.com\/privacy\" target=\"_blank\" rel=\"nofollow noopener noreferrer\">https:\/\/vimeo.com\/privacy<\/a><\/td><\/tr><tr><th scope=\"row\">Gastgeber<\/th><td>player.vimeo.com<\/td><\/tr><tr><th scope=\"row\">Cookie-Name<\/th><td>leer<\/td><\/tr><tr><th scope=\"row\">Cookie-Ablauf<\/th><td>2 Jahre<\/td><\/tr><\/table><\/div><h4 class=\"_brlbs _brlbs-c-youtube\">Youtube<\/h4><div class=\"_brlbs-responsive-table\"><table class=\"_brlbs _brlbs-c-youtube\"><tr><th scope=\"row\">Name<\/th><td>Youtube<\/td><\/tr><tr><th scope=\"row\">Anbieter<\/th><td>Google Ireland Limited, Gordon House, Barrow Street, Dublin 4, Irland<\/td><\/tr><tr><th scope=\"row\">Zweck<\/th><td>Es wird verwendet, um YouTube-Inhalte zu entsperren.<\/td><\/tr><tr><th scope=\"row\">Datenschutzrichtlinie<\/th><td><a href=\"https:\/\/policies.google.com\/privacy?hl=enl=en\" target=\"_blank\" rel=\"nofollow noopener noreferrer\">https:\/\/policies.google.com\/privacy?hl=enl=en<\/a><\/td><\/tr><tr><th scope=\"row\">Gastgeber<\/th><td>Google com<\/td><\/tr><tr><th scope=\"row\">Cookie-Name<\/th><td>NID<\/td><\/tr><tr><th scope=\"row\">Cookie-Ablauf<\/th><td>6 Monate<\/td><\/tr><\/table><\/div><\/div>\t\t\t\t\t\t\t\t<\/div>\n\t\t\t\t<\/div>\n\t\t\t\t<div class=\"elementor-element elementor-element-603ac5b0 elementor-invisible elementor-widget elementor-widget-heading\" data-id=\"603ac5b0\" data-element_type=\"widget\" data-settings=\"{&quot;_animation&quot;:&quot;fadeIn&quot;}\" data-widget_type=\"heading.default\">\n\t\t\t\t<div class=\"elementor-widget-container\">\n\t\t\t\t\t<h2 class=\"elementor-heading-title elementor-size-default\">Wie k\u00f6nnen Sie Ihre Cookies konfigurieren?<\/h2>\t\t\t\t<\/div>\n\t\t\t\t<\/div>\n\t\t\t\t<div class=\"elementor-element elementor-element-1c527c57 elementor-widget elementor-widget-text-editor\" data-id=\"1c527c57\" data-element_type=\"widget\" data-widget_type=\"text-editor.default\">\n\t\t\t\t<div class=\"elementor-widget-container\">\n\t\t\t\t\t\t\t\t\t<p>Indem Sie auf unserer Website surfen und fortfahren, stimmen Sie der Verwendung von Cookies gem\u00e4\u00df den in dieser Cookie-Richtlinie enthaltenen Bedingungen zu. Als Benutzer haben Sie jederzeit die M\u00f6glichkeit, von Ihrem Recht Gebrauch zu machen, die Verwendung von Cookies zu blockieren, zu l\u00f6schen und abzulehnen, indem Sie Ihre Browseroptionen \u00e4ndern.<\/p><p>Zum Beispiel:<\/p><ol><li>Internet Explorer: Extras &gt; Internetoptionen &gt; Datenschutz &gt; Einstellungen. Weitere Informationen erhalten Sie beim Microsoft-Support oder in der Hilfe des Browsers.<\/li><li>Mozilla Firefox: Extras &gt; Optionen &gt; Datenschutz &gt; Verlauf &gt; Benutzerdefinierte Einstellungen. Weitere Informationen finden Sie beim Mozilla-Support oder in der Browser-Hilfe.<\/li><li>Google Chrome: Einstellungen &gt; Erweiterte Optionen anzeigen &gt; Datenschutz &gt; Inhaltseinstellungen. Weitere Informationen finden Sie im Google-Support oder in der Browser-Hilfe.<\/li><li>Safari: Einstellungen &gt; Sicherheit. Weitere Informationen finden Sie im Apple Support oder in der Browser-Hilfe.<\/li><li>Opera: Einstellungen &gt; Optionen &gt; Erweitert &gt; Cookies Weitere Informationen finden Sie im Opera-Support oder in der Browser-Hilfe.<\/li><\/ol><p>Wenn Sie einen anderen Browser als die vorherigen verwenden, lesen Sie dessen Cookie-Installations-, Verwendungs- und Blockierungsrichtlinien.<\/p>\t\t\t\t\t\t\t\t<\/div>\n\t\t\t\t<\/div>\n\t\t\t\t<div class=\"elementor-element elementor-element-259e06d1 elementor-invisible elementor-widget elementor-widget-heading\" data-id=\"259e06d1\" data-element_type=\"widget\" data-settings=\"{&quot;_animation&quot;:&quot;fadeIn&quot;}\" data-widget_type=\"heading.default\">\n\t\t\t\t<div class=\"elementor-widget-container\">\n\t\t\t\t\t<h2 class=\"elementor-heading-title elementor-size-default\">Ihre Einwilligungshistorie<\/h2>\t\t\t\t<\/div>\n\t\t\t\t<\/div>\n\t\t\t\t<div class=\"elementor-element elementor-element-3f799581 elementor-widget elementor-widget-text-editor\" data-id=\"3f799581\" data-element_type=\"widget\" data-widget_type=\"text-editor.default\">\n\t\t\t\t<div class=\"elementor-widget-container\">\n\t\t\t\t\t\t\t\t\t<div class=\"BorlabsCookie\" data-borlabs-cookie-consent-history><div class=\"_brlbs-responsive-table\"><table class=\"_brlbs-table\"><thead><tr><th class=\"_brlbs-table-date\" scope=\"col\">Datum<\/th><th class=\"_brlbs-table-version\" scope=\"col\">Ausf\u00fchrung<\/th><th class=\"_brlbs-table-consents\" scope=\"col\">Einwilligungen<\/th><\/tr><\/thead><\/table><\/div><\/div>\t\t\t\t\t\t\t\t<\/div>\n\t\t\t\t<\/div>\n\t\t\t\t<div class=\"elementor-element elementor-element-66de470f elementor-invisible elementor-widget elementor-widget-heading\" data-id=\"66de470f\" data-element_type=\"widget\" data-settings=\"{&quot;_animation&quot;:&quot;fadeIn&quot;}\" data-widget_type=\"heading.default\">\n\t\t\t\t<div class=\"elementor-widget-container\">\n\t\t\t\t\t<h2 class=\"elementor-heading-title elementor-size-default\">Was passiert, wenn Cookies deaktiviert sind?<\/h2>\t\t\t\t<\/div>\n\t\t\t\t<\/div>\n\t\t\t\t<div class=\"elementor-element elementor-element-6134b22a elementor-widget elementor-widget-text-editor\" data-id=\"6134b22a\" data-element_type=\"widget\" data-widget_type=\"text-editor.default\">\n\t\t\t\t<div class=\"elementor-widget-container\">\n\t\t\t\t\t\t\t\t\tEinige Funktionen der Dienste oder Bereiche dieser Website funktionieren m\u00f6glicherweise nicht ordnungsgem\u00e4\u00df.\t\t\t\t\t\t\t\t<\/div>\n\t\t\t\t<\/div>\n\t\t\t\t<div class=\"elementor-element elementor-element-4c1cf371 elementor-invisible elementor-widget elementor-widget-heading\" data-id=\"4c1cf371\" data-element_type=\"widget\" data-settings=\"{&quot;_animation&quot;:&quot;fadeIn&quot;}\" data-widget_type=\"heading.default\">\n\t\t\t\t<div class=\"elementor-widget-container\">\n\t\t\t\t\t<h2 class=\"elementor-heading-title elementor-size-default\">Haben wir unsere Cookie-Richtlinie aktualisiert?<\/h2>\t\t\t\t<\/div>\n\t\t\t\t<\/div>\n\t\t\t\t<div class=\"elementor-element elementor-element-14e4426d elementor-widget elementor-widget-text-editor\" data-id=\"14e4426d\" data-element_type=\"widget\" data-widget_type=\"text-editor.default\">\n\t\t\t\t<div class=\"elementor-widget-container\">\n\t\t\t\t\t\t\t\t\tEs ist m\u00f6glich, dass wir die Cookie-Richtlinie unserer Website aktualisieren. Daher bitten uns unsere Anw\u00e4lte, Ihnen zu empfehlen, diese Richtlinie jedes Mal zu lesen, wenn Sie auf unsere Website zugreifen, um ausreichend dar\u00fcber informiert zu sein, wie und warum wir Cookies verwenden.\t\t\t\t\t\t\t\t<\/div>\n\t\t\t\t<\/div>\n\t\t\t\t\t<\/div>\n\t\t<\/div>\n\t\t\t\t\t<\/div>\n\t\t<\/section>\n\t\t\t\t<section class=\"elementor-section elementor-top-section elementor-element elementor-element-50ff48ed elementor-section-boxed elementor-section-height-default elementor-section-height-default\" data-id=\"50ff48ed\" data-element_type=\"section\">\n\t\t\t\t\t\t<div class=\"elementor-container elementor-column-gap-default\">\n\t\t\t\t\t<div class=\"elementor-column elementor-col-100 elementor-top-column elementor-element elementor-element-6a96b014\" data-id=\"6a96b014\" data-element_type=\"column\">\n\t\t\t<div class=\"elementor-widget-wrap elementor-element-populated\">\n\t\t\t\t\t\t<div class=\"elementor-element elementor-element-7a12c766 elementor-align-center elementor-widget elementor-widget-button\" data-id=\"7a12c766\" data-element_type=\"widget\" data-widget_type=\"button.default\">\n\t\t\t\t<div class=\"elementor-widget-container\">\n\t\t\t\t\t\t\t\t\t<div class=\"elementor-button-wrapper\">\n\t\t\t\t\t<a class=\"elementor-button elementor-button-link elementor-size-md elementor-animation-grow\" href=\"https:\/\/www.elpedrueco.com\/de\/contacto\/\">\n\t\t\t\t\t\t<span class=\"elementor-button-content-wrapper\">\n\t\t\t\t\t\t\t\t\t<span class=\"elementor-button-text\">Frage nach mehr Informationen<\/span>\n\t\t\t\t\t<\/span>\n\t\t\t\t\t<\/a>\n\t\t\t\t<\/div>\n\t\t\t\t\t\t\t\t<\/div>\n\t\t\t\t<\/div>\n\t\t\t\t\t<\/div>\n\t\t<\/div>\n\t\t\t\t\t<\/div>\n\t\t<\/section>\n\t\t\t\t<\/div>","protected":false},"excerpt":{"rendered":"<p>POL\u00cdTICA DE COOKIES Informaci\u00f3n sobre el tipo de cookies que usamos en este sitio web y con qu\u00e9 finalidad. Esta web utiliza cookies. Aqu\u00ed te explicamos qu\u00e9 son las cookies y c\u00f3mo las usamos en nuestra web. Puedes cambiar tus preferencias de cookies en cualquier momento: En cumplimiento de la Ley 34\/2002, de 11 de [&hellip;]<\/p>","protected":false},"author":3,"featured_media":5136,"parent":0,"menu_order":0,"comment_status":"closed","ping_status":"closed","template":"","meta":{"_joinchat":[],"footnotes":""},"class_list":["post-5133","page","type-page","status-publish","has-post-thumbnail","hentry"],"_links":{"self":[{"href":"https:\/\/www.elpedrueco.com\/de\/wp-json\/wp\/v2\/pages\/5133","targetHints":{"allow":["GET"]}}],"collection":[{"href":"https:\/\/www.elpedrueco.com\/de\/wp-json\/wp\/v2\/pages"}],"about":[{"href":"https:\/\/www.elpedrueco.com\/de\/wp-json\/wp\/v2\/types\/page"}],"author":[{"embeddable":true,"href":"https:\/\/www.elpedrueco.com\/de\/wp-json\/wp\/v2\/users\/3"}],"replies":[{"embeddable":true,"href":"https:\/\/www.elpedrueco.com\/de\/wp-json\/wp\/v2\/comments?post=5133"}],"version-history":[{"count":5,"href":"https:\/\/www.elpedrueco.com\/de\/wp-json\/wp\/v2\/pages\/5133\/revisions"}],"predecessor-version":[{"id":5524,"href":"https:\/\/www.elpedrueco.com\/de\/wp-json\/wp\/v2\/pages\/5133\/revisions\/5524"}],"wp:featuredmedia":[{"embeddable":true,"href":"https:\/\/www.elpedrueco.com\/de\/wp-json\/wp\/v2\/media\/5136"}],"wp:attachment":[{"href":"https:\/\/www.elpedrueco.com\/de\/wp-json\/wp\/v2\/media?parent=5133"}],"curies":[{"name":"wp","href":"https:\/\/api.w.org\/{rel}","templated":true}]}}