{"id":5125,"date":"2023-11-20T13:16:40","date_gmt":"2023-11-20T12:16:40","guid":{"rendered":"https:\/\/www.elpedrueco.com\/aviso-legal\/"},"modified":"2023-11-22T18:00:13","modified_gmt":"2023-11-22T17:00:13","slug":"aviso-legal","status":"publish","type":"page","link":"https:\/\/www.elpedrueco.com\/de\/aviso-legal\/","title":{"rendered":"Rechtliche Warnung"},"content":{"rendered":"<div data-elementor-type=\"wp-page\" data-elementor-id=\"5125\" class=\"elementor elementor-5125\" data-elementor-post-type=\"page\">\n\t\t\t\t\t\t<section class=\"elementor-section elementor-top-section elementor-element elementor-element-3f6ab1dd elementor-section-full_width elementor-section-height-default elementor-section-height-default\" data-id=\"3f6ab1dd\" data-element_type=\"section\" data-settings=\"{&quot;background_background&quot;:&quot;classic&quot;,&quot;background_motion_fx_motion_fx_scrolling&quot;:&quot;yes&quot;,&quot;background_motion_fx_devices&quot;:[&quot;desktop&quot;,&quot;tablet&quot;,&quot;mobile&quot;]}\">\n\t\t\t\t\t\t\t<div class=\"elementor-background-overlay\"><\/div>\n\t\t\t\t\t\t\t<div class=\"elementor-container elementor-column-gap-no\">\n\t\t\t\t\t<div class=\"elementor-column elementor-col-100 elementor-top-column elementor-element elementor-element-3bca5c1d\" data-id=\"3bca5c1d\" data-element_type=\"column\">\n\t\t\t<div class=\"elementor-widget-wrap elementor-element-populated\">\n\t\t\t\t\t\t<div class=\"elementor-element elementor-element-3de6033e elementor-invisible elementor-widget elementor-widget-heading\" data-id=\"3de6033e\" data-element_type=\"widget\" data-settings=\"{&quot;_animation&quot;:&quot;fadeInLeft&quot;}\" data-widget_type=\"heading.default\">\n\t\t\t\t<div class=\"elementor-widget-container\">\n\t\t\t\t\t<h1 class=\"elementor-heading-title elementor-size-default\">RECHTLICHER HINWEIS <\/h1>\t\t\t\t<\/div>\n\t\t\t\t<\/div>\n\t\t\t\t<div class=\"elementor-element elementor-element-629f984 elementor-widget elementor-widget-text-editor\" data-id=\"629f984\" data-element_type=\"widget\" data-widget_type=\"text-editor.default\">\n\t\t\t\t<div class=\"elementor-widget-container\">\n\t\t\t\t\t\t\t\t\t<p style=\"text-align: center;\">Informationen \u00fcber die Inhaberschaft der Website, ihren Umfang und ihre Nutzung.<\/p>\t\t\t\t\t\t\t\t<\/div>\n\t\t\t\t<\/div>\n\t\t\t\t<section class=\"elementor-section elementor-inner-section elementor-element elementor-element-32233cf3 elementor-section-boxed elementor-section-height-default elementor-section-height-default\" data-id=\"32233cf3\" data-element_type=\"section\">\n\t\t\t\t\t\t<div class=\"elementor-container elementor-column-gap-default\">\n\t\t\t\t\t<div class=\"elementor-column elementor-col-100 elementor-inner-column elementor-element elementor-element-47a5c1f6\" data-id=\"47a5c1f6\" data-element_type=\"column\">\n\t\t\t<div class=\"elementor-widget-wrap\">\n\t\t\t\t\t\t\t<\/div>\n\t\t<\/div>\n\t\t\t\t\t<\/div>\n\t\t<\/section>\n\t\t\t\t\t<\/div>\n\t\t<\/div>\n\t\t\t\t\t<\/div>\n\t\t<\/section>\n\t\t\t\t<section class=\"elementor-section elementor-top-section elementor-element elementor-element-648a3e79 elementor-section-boxed elementor-section-height-default elementor-section-height-default\" data-id=\"648a3e79\" data-element_type=\"section\">\n\t\t\t\t\t\t<div class=\"elementor-container elementor-column-gap-default\">\n\t\t\t\t\t<div class=\"elementor-column elementor-col-100 elementor-top-column elementor-element elementor-element-e8edb42\" data-id=\"e8edb42\" data-element_type=\"column\">\n\t\t\t<div class=\"elementor-widget-wrap elementor-element-populated\">\n\t\t\t\t\t\t<div class=\"elementor-element elementor-element-19b59b6b elementor-invisible elementor-widget elementor-widget-heading\" data-id=\"19b59b6b\" data-element_type=\"widget\" data-settings=\"{&quot;_animation&quot;:&quot;fadeIn&quot;}\" data-widget_type=\"heading.default\">\n\t\t\t\t<div class=\"elementor-widget-container\">\n\t\t\t\t\t<h2 class=\"elementor-heading-title elementor-size-default\">EIGENTUM<\/h2>\t\t\t\t<\/div>\n\t\t\t\t<\/div>\n\t\t\t\t<div class=\"elementor-element elementor-element-7bc5e223 elementor-widget elementor-widget-text-editor\" data-id=\"7bc5e223\" data-element_type=\"widget\" data-widget_type=\"text-editor.default\">\n\t\t\t\t<div class=\"elementor-widget-container\">\n\t\t\t\t\t\t\t\t\t<p>In \u00dcbereinstimmung mit den Verpflichtungen gem\u00e4\u00df Artikel 10 des Gesetzes 34\/2002 vom 11. Juli \u00fcber Dienste der Informationsgesellschaft und elektronischen Handel wird erkl\u00e4rt, dass diese Seite dem Unternehmen entspricht:<\/p><p><b>\u00dcberschrift:<\/b> El Pedrueco \u2013 24400340P<b><br \/>Heim:<\/b> L\u00e4ndlicher Tourismus in El Pedrueco <br>\r\nViobes Place, Nr. 16 <br>\r\n33529 Viobes-NAVA <br>\r\nF\u00fcrstentum Asturien <b><br \/>Telefon:<\/b> (+34) 630 031 058<b><br \/>Email:<\/b> info@elpedrueco.com<b><br \/>Netz:<\/b> www.elpedrueco.com<br \/><b style=\"color: var( --e-global-color-text ); font-size: 1.2rem; letter-spacing: 0px;\">Datum der letzten \u00c4nderung\/Aktualisierung dieser rechtlichen Hinweise: <\/b><span style=\"color: var( --e-global-color-text ); font-size: 1.2rem; letter-spacing: 0px;\">20. November 2024<\/span><\/p><p>Bei Fragen k\u00f6nnen Sie El Pedrueco \u00fcber das Kontaktformular oder telefonisch unter (+34) 630 031 058 kontaktieren. Sie k\u00f6nnen uns auf jede beliebige Weise kontaktieren, um mit uns zu kommunizieren.<\/p>\t\t\t\t\t\t\t\t<\/div>\n\t\t\t\t<\/div>\n\t\t\t\t<div class=\"elementor-element elementor-element-7e84d397 elementor-invisible elementor-widget elementor-widget-heading\" data-id=\"7e84d397\" data-element_type=\"widget\" data-settings=\"{&quot;_animation&quot;:&quot;fadeIn&quot;}\" data-widget_type=\"heading.default\">\n\t\t\t\t<div class=\"elementor-widget-container\">\n\t\t\t\t\t<h2 class=\"elementor-heading-title elementor-size-default\">ZWECK UND UMFANG DER WEBSITE<\/h2>\t\t\t\t<\/div>\n\t\t\t\t<\/div>\n\t\t\t\t<div class=\"elementor-element elementor-element-7fffbc3e elementor-widget elementor-widget-text-editor\" data-id=\"7fffbc3e\" data-element_type=\"widget\" data-widget_type=\"text-editor.default\">\n\t\t\t\t<div class=\"elementor-widget-container\">\n\t\t\t\t\t\t\t\t\t<p>Der Zweck dieser Allgemeinen Vertrags- und Nutzungsbedingungen besteht darin, die Bereitstellung der im El Pedrueco-Onlineshop bereitgestellten Informationen sowie die Handelstransaktionen zwischen El Pedrueco und den Nutzern der Domain www.elpedrueco.com zu regeln. Sowohl das Durchsuchen des Online-Shops als auch der Kauf eines der darin angebotenen Produkte setzen voraus, dass der Benutzer s\u00e4mtliche dieser allgemeinen Vertrags- und Nutzungsbedingungen vorbehaltlos akzeptiert. El Pedrueco kann die Website ohne vorherige Ank\u00fcndigung \u00e4ndern, um alle \u00c4nderungen und Modifikationen vorzunehmen, die El Pedrueco f\u00fcr angemessen und f\u00fcr die ordnungsgem\u00e4\u00dfe Funktionalit\u00e4t erforderlich h\u00e4lt.<\/p>\t\t\t\t\t\t\t\t<\/div>\n\t\t\t\t<\/div>\n\t\t\t\t<div class=\"elementor-element elementor-element-3115a177 elementor-invisible elementor-widget elementor-widget-heading\" data-id=\"3115a177\" data-element_type=\"widget\" data-settings=\"{&quot;_animation&quot;:&quot;fadeIn&quot;}\" data-widget_type=\"heading.default\">\n\t\t\t\t<div class=\"elementor-widget-container\">\n\t\t\t\t\t<h2 class=\"elementor-heading-title elementor-size-default\">BENUTZER<\/h2>\t\t\t\t<\/div>\n\t\t\t\t<\/div>\n\t\t\t\t<div class=\"elementor-element elementor-element-2efe7db3 elementor-widget elementor-widget-text-editor\" data-id=\"2efe7db3\" data-element_type=\"widget\" data-widget_type=\"text-editor.default\">\n\t\t\t\t<div class=\"elementor-widget-container\">\n\t\t\t\t\t\t\t\t\tDer Zugriff und\/oder die Nutzung dieses El Pedrueco-Portals gelten als Bedingung f\u00fcr den BENUTZER, der mit dem Zugriff und\/oder der Nutzung die hier wiedergegebenen Allgemeinen Nutzungsbedingungen akzeptiert. Der Zugriff auf die Website ist freiwillig und liegt daher in der Verantwortung des Benutzers, der f\u00fcr alle direkten oder indirekten Auswirkungen verantwortlich ist, die sich aus der Nutzung der Website ergeben k\u00f6nnen, einschlie\u00dflich, aber nicht beschr\u00e4nkt auf alle wirtschaftlichen und technischen Ergebnisse und\/oder rechtliche Beeintr\u00e4chtigungen sowie die Entt\u00e4uschung der durch unsere Website geweckten Erwartungen, wobei der Nutzer verpflichtet ist, El Pedrueco f\u00fcr alle Anspr\u00fcche schadlos zu halten, die sich direkt oder indirekt aus solchen Ereignissen ergeben.\t\t\t\t\t\t\t\t<\/div>\n\t\t\t\t<\/div>\n\t\t\t\t<div class=\"elementor-element elementor-element-56c251d0 elementor-invisible elementor-widget elementor-widget-heading\" data-id=\"56c251d0\" data-element_type=\"widget\" data-settings=\"{&quot;_animation&quot;:&quot;fadeIn&quot;}\" data-widget_type=\"heading.default\">\n\t\t\t\t<div class=\"elementor-widget-container\">\n\t\t\t\t\t<h2 class=\"elementor-heading-title elementor-size-default\">NUTZUNG DES PORTALS<\/h2>\t\t\t\t<\/div>\n\t\t\t\t<\/div>\n\t\t\t\t<div class=\"elementor-element elementor-element-22615b19 elementor-widget elementor-widget-text-editor\" data-id=\"22615b19\" data-element_type=\"widget\" data-widget_type=\"text-editor.default\">\n\t\t\t\t<div class=\"elementor-widget-container\">\n\t\t\t\t\t\t\t\t\twww.elpedrueco.com bietet Zugriff auf eine Vielzahl von Informationen, Diensten, Programmen oder Daten (im Folgenden \u201edie Inhalte\u201c) im Internet, die El Pedrueco oder seinen Lizenzgebern geh\u00f6ren und auf die der BENUTZER Zugriff haben kann. Der NUTZER \u00fcbernimmt die Verantwortung f\u00fcr die Nutzung des Portals. Diese Verantwortung erstreckt sich auch auf die Registrierung, die f\u00fcr den Zugriff auf bestimmte Dienste oder Inhalte erforderlich ist. Bei dieser Registrierung ist der NUTZER daf\u00fcr verantwortlich, wahrheitsgem\u00e4\u00dfe und rechtm\u00e4\u00dfige Angaben zu machen. Als Folge dieser Registrierung erh\u00e4lt der NUTZER m\u00f6glicherweise ein Passwort, f\u00fcr das er verantwortlich ist und verpflichtet sich, dieses sorgf\u00e4ltig und vertraulich zu verwenden. Der NUTZER verpflichtet sich, die Inhalte und Dienste (z. B. Chat-Dienste, Diskussionsforen oder Newsgroups), die El Pedrueco \u00fcber sein Portal anbieten kann, angemessen zu nutzen, und zwar mit aussagekr\u00e4ftigem, aber nicht beschr\u00e4nktem Charakter, es sei denn, er nutzt sie, um (i) sich daran zu beteiligen unerlaubte, illegale oder gegen Treu und Glauben und die \u00f6ffentliche Ordnung versto\u00dfende Aktivit\u00e4ten; (ii) Inhalte oder Propaganda rassistischer, fremdenfeindlicher, pornographisch-illegaler Natur, die Terrorismus bef\u00fcrworten oder Menschenrechte verletzen; (iii) Sch\u00e4den an den physischen und logischen Systemen von El Pedrueco, seinen Lieferanten oder Dritten verursachen, Computerviren oder andere physische oder logische Systeme im Netzwerk einf\u00fchren oder verbreiten, die geeignet sind, die oben genannten Sch\u00e4den zu verursachen; (iv) versuchen, auf die E-Mail-Konten anderer Benutzer zuzugreifen und diese gegebenenfalls zu nutzen und deren Nachrichten zu \u00e4ndern oder zu manipulieren. El Pedrueco beh\u00e4lt sich das Recht vor, alle Kommentare und Beitr\u00e4ge zur\u00fcckzuziehen, die die Achtung der W\u00fcrde der Person verletzen, die diskriminierend, fremdenfeindlich, rassistisch, pornographisch sind, die Jugend oder Kindheit, die Ordnung oder die \u00f6ffentliche Sicherheit angreifen oder die ihrer Meinung nach nicht der Fall sind zur Ver\u00f6ffentlichung geeignet. In keinem Fall ist El Pedrueco f\u00fcr die Meinungen verantwortlich, die Benutzer in Foren, Chats oder anderen Beteiligungstools \u00e4u\u00dfern.\t\t\t\t\t\t\t\t<\/div>\n\t\t\t\t<\/div>\n\t\t\t\t<div class=\"elementor-element elementor-element-6a1339c9 elementor-invisible elementor-widget elementor-widget-heading\" data-id=\"6a1339c9\" data-element_type=\"widget\" data-settings=\"{&quot;_animation&quot;:&quot;fadeIn&quot;}\" data-widget_type=\"heading.default\">\n\t\t\t\t<div class=\"elementor-widget-container\">\n\t\t\t\t\t<h2 class=\"elementor-heading-title elementor-size-default\">GEISTIGES UND INDUSTRIELLES EIGENTUM<\/h2>\t\t\t\t<\/div>\n\t\t\t\t<\/div>\n\t\t\t\t<div class=\"elementor-element elementor-element-cb143fd elementor-widget elementor-widget-text-editor\" data-id=\"cb143fd\" data-element_type=\"widget\" data-widget_type=\"text-editor.default\">\n\t\t\t\t<div class=\"elementor-widget-container\">\n\t\t\t\t\t\t\t\t\tEl Pedrueco ist allein oder als Rechtsnachfolger Eigent\u00fcmer aller geistigen und gewerblichen Eigentumsrechte seiner Website sowie der darin enthaltenen Elemente (z. B. Bilder, Ton, Audio, Video, Software oder Texte; Marken oder Logos, Farbkombinationen, Struktur und Design, Auswahl der verwendeten Materialien, f\u00fcr den Betrieb erforderliche Computerprogramme, Zugang und Nutzung usw.), Eigentum von El Pedrueco oder seinen Lizenzgebern. Alle Rechte vorbehalten. Gem\u00e4\u00df den Bestimmungen der Artikel 8 und 32.1 zweiter Absatz des Gesetzes \u00fcber geistiges Eigentum ist die Vervielf\u00e4ltigung, Verbreitung und \u00f6ffentliche Kommunikation, einschlie\u00dflich der Art ihrer Zug\u00e4nglichmachung, aller oder eines Teils der Inhalte dieser Website f\u00fcr kommerzielle Zwecke gestattet , auf jedem Medium und mit allen technischen Mitteln, ohne die Genehmigung von El Pedrueco. Der NUTZER verpflichtet sich, die geistigen und gewerblichen Eigentumsrechte von El Pedrueco zu respektieren. Sie d\u00fcrfen die Elemente des Portals ansehen und sogar ausdrucken, kopieren und auf der Festplatte Ihres Computers oder einem anderen physischen Medium speichern, sofern dies ausschlie\u00dflich f\u00fcr Ihren pers\u00f6nlichen und privaten Gebrauch bestimmt ist. Der NUTZER darf keine Schutzvorrichtungen oder Sicherheitssysteme, die auf den El Pedrueco-Seiten installiert wurden, l\u00f6schen, ver\u00e4ndern, umgehen oder manipulieren. Daher ist die Nutzung der El Pedrueco-Website f\u00fcr \u00f6ffentliche oder kommerzielle Zwecke untersagt, so dass der Inhalt der Website nicht verwertet, reproduziert, verbreitet, ver\u00e4ndert, \u00f6ffentlich mitgeteilt, \u00fcbertragen, umgewandelt oder genutzt werden darf. Das Einf\u00fcgen von Hyperlinks zu kommerziellen Zwecken auf anderen Webseiten als El Pedrueco, die den Zugriff auf unsere Website erm\u00f6glichen, ist ohne vorherige Zustimmung ausdr\u00fccklich untersagt. In jedem Fall bedeutet das Vorhandensein von Hyperlinks auf anderen Websites als der unseren weder das Bestehen kommerzieller oder kommerzieller Beziehungen mit dem Eigent\u00fcmer der Website, auf der der Hyperlink eingerichtet ist, noch die Annahme der Inhalte oder Dienste durch El Pedrueco.\t\t\t\t\t\t\t\t<\/div>\n\t\t\t\t<\/div>\n\t\t\t\t<div class=\"elementor-element elementor-element-3e4ab901 elementor-invisible elementor-widget elementor-widget-heading\" data-id=\"3e4ab901\" data-element_type=\"widget\" data-settings=\"{&quot;_animation&quot;:&quot;fadeIn&quot;}\" data-widget_type=\"heading.default\">\n\t\t\t\t<div class=\"elementor-widget-container\">\n\t\t\t\t\t<h3 class=\"elementor-heading-title elementor-size-default\">IP-ADRESSEN<\/h3>\t\t\t\t<\/div>\n\t\t\t\t<\/div>\n\t\t\t\t<div class=\"elementor-element elementor-element-14ed5ac5 elementor-widget elementor-widget-text-editor\" data-id=\"14ed5ac5\" data-element_type=\"widget\" data-widget_type=\"text-editor.default\">\n\t\t\t\t<div class=\"elementor-widget-container\">\n\t\t\t\t\t\t\t\t\tDie Website-Server erkennen m\u00f6glicherweise automatisch die vom Benutzer verwendete IP-Adresse und den Dom\u00e4nennamen. Eine IP-Adresse ist eine Nummer, die einem Computer automatisch zugewiesen wird, wenn er eine Verbindung zum Internet herstellt. Alle diese Informationen werden in einer ordnungsgem\u00e4\u00df registrierten Serveraktivit\u00e4tsdatei aufgezeichnet, die die anschlie\u00dfende Verarbeitung der Daten erm\u00f6glicht, um nur statistische Messungen zu erhalten, die es erm\u00f6glichen, die Anzahl der Seitenaufrufe, die Anzahl der Besuche bei den Webdiensten und die Reihenfolge der Besuche zu ermitteln , der Zugangspunkt usw.\t\t\t\t\t\t\t\t<\/div>\n\t\t\t\t<\/div>\n\t\t\t\t<div class=\"elementor-element elementor-element-10182bf2 elementor-invisible elementor-widget elementor-widget-heading\" data-id=\"10182bf2\" data-element_type=\"widget\" data-settings=\"{&quot;_animation&quot;:&quot;fadeIn&quot;}\" data-widget_type=\"heading.default\">\n\t\t\t\t<div class=\"elementor-widget-container\">\n\t\t\t\t\t<h2 class=\"elementor-heading-title elementor-size-default\">AUSSCHLUSS VON GARANTIEN UND HAFTUNG<\/h2>\t\t\t\t<\/div>\n\t\t\t\t<\/div>\n\t\t\t\t<div class=\"elementor-element elementor-element-693d3a59 elementor-widget elementor-widget-text-editor\" data-id=\"693d3a59\" data-element_type=\"widget\" data-widget_type=\"text-editor.default\">\n\t\t\t\t<div class=\"elementor-widget-container\">\n\t\t\t\t\t\t\t\t\tEl Pedrueco ist nicht verantwortlich f\u00fcr Sch\u00e4den, die durch St\u00f6rungen, Auslassungen, Unterbrechungen, Computerviren, Ausf\u00e4lle und\/oder Unterbrechungen im Betrieb dieses elektronischen Systems oder in den Computerger\u00e4ten und -ausr\u00fcstungen der Benutzer entstehen k\u00f6nnen, die durch andere Ursachen verursacht werden El Pedrueco, die die Bereitstellung von Diensten oder die Navigation durch das Gesch\u00e4ft verhindern oder verz\u00f6gern, noch von Verz\u00f6gerungen oder Blockaden bei der Nutzung, die durch M\u00e4ngel oder \u00dcberlastungen des Internets oder anderer elektronischer Systeme verursacht werden, noch von der Unm\u00f6glichkeit, den Dienst bereitzustellen oder den Zugang aus bestimmten Gr\u00fcnden zu erm\u00f6glichen nicht El Pedrueco zuzurechnen sind, weder durch den Benutzer noch durch Dritte oder durch F\u00e4lle h\u00f6herer Gewalt. El Pedrueco kontrolliert im Allgemeinen nicht die Nutzung der Website durch die Benutzer. Insbesondere ist El Pedrueco in keinem Fall daf\u00fcr verantwortlich, dass Nutzer die Website im Einklang mit dem Gesetz, diesen Allgemeinen Gesch\u00e4ftsbedingungen, den allgemein anerkannten Sitten, guten Sitten und der \u00f6ffentlichen Ordnung nutzen oder dies gewissenhaft und umsichtig tun. Die auf der Website pr\u00e4sentierten Produkte entsprechen der spanischen Gesetzgebung. Die Haftung von El Pedrueco kann nicht geltend gemacht werden, wenn die Produkte nicht den Rechtsvorschriften der L\u00e4nder entsprechen, in die sie aufgrund der Bestellung des Kunden m\u00f6glicherweise versandt wurden. Es liegt daher an Kunden au\u00dferhalb Spaniens, die M\u00f6glichkeit des Imports oder der Verwendung der von ihnen bei uns angeforderten Produkte zu pr\u00fcfen.\t\t\t\t\t\t\t\t<\/div>\n\t\t\t\t<\/div>\n\t\t\t\t<div class=\"elementor-element elementor-element-10616902 elementor-invisible elementor-widget elementor-widget-heading\" data-id=\"10616902\" data-element_type=\"widget\" data-settings=\"{&quot;_animation&quot;:&quot;fadeIn&quot;}\" data-widget_type=\"heading.default\">\n\t\t\t\t<div class=\"elementor-widget-container\">\n\t\t\t\t\t<h3 class=\"elementor-heading-title elementor-size-default\">\u00c4NDERUNGEN<\/h3>\t\t\t\t<\/div>\n\t\t\t\t<\/div>\n\t\t\t\t<div class=\"elementor-element elementor-element-4c5f655a elementor-widget elementor-widget-text-editor\" data-id=\"4c5f655a\" data-element_type=\"widget\" data-widget_type=\"text-editor.default\">\n\t\t\t\t<div class=\"elementor-widget-container\">\n\t\t\t\t\t\t\t\t\tEl Pedrueco beh\u00e4lt sich das Recht vor, ohne vorherige Ank\u00fcndigung \u00c4nderungen an seinem Portal vorzunehmen, die es f\u00fcr angemessen h\u00e4lt, und kann sowohl die \u00fcber das Portal bereitgestellten Inhalte und Dienste als auch die Art und Weise, wie sie pr\u00e4sentiert oder platziert werden, auf Ihrem Portal \u00e4ndern, l\u00f6schen oder hinzuf\u00fcgen.\t\t\t\t\t\t\t\t<\/div>\n\t\t\t\t<\/div>\n\t\t\t\t<div class=\"elementor-element elementor-element-63703e73 elementor-invisible elementor-widget elementor-widget-heading\" data-id=\"63703e73\" data-element_type=\"widget\" data-settings=\"{&quot;_animation&quot;:&quot;fadeIn&quot;}\" data-widget_type=\"heading.default\">\n\t\t\t\t<div class=\"elementor-widget-container\">\n\t\t\t\t\t<h2 class=\"elementor-heading-title elementor-size-default\">LINKS<\/h2>\t\t\t\t<\/div>\n\t\t\t\t<\/div>\n\t\t\t\t<div class=\"elementor-element elementor-element-607755b4 elementor-widget elementor-widget-text-editor\" data-id=\"607755b4\" data-element_type=\"widget\" data-widget_type=\"text-editor.default\">\n\t\t\t\t<div class=\"elementor-widget-container\">\n\t\t\t\t\t\t\t\t\tF\u00fcr den Fall, dass www.elpedrueco.com Links oder Hyperlinks zu anderen Internetseiten enth\u00e4lt, \u00fcbt El Pedrueco keinerlei Kontrolle \u00fcber diese Websites und Inhalte aus. El Pedrueco \u00fcbernimmt in keinem Fall die Verantwortung f\u00fcr den Inhalt eines Links, der zu einer Website Dritter geh\u00f6rt, und garantiert auch nicht die technische Verf\u00fcgbarkeit, Qualit\u00e4t, Zuverl\u00e4ssigkeit, Genauigkeit, Breite, Wahrhaftigkeit, G\u00fcltigkeit und Verfassungsm\u00e4\u00dfigkeit der enthaltenen Materialien oder Informationen in einem der genannten Links, Hyperlinks oder anderen Internetseiten. Ebenso bedeutet die Einbeziehung dieser externen Verbindungen keinerlei Verbindung, Fusion oder Beteiligung mit den verbundenen Unternehmen.\t\t\t\t\t\t\t\t<\/div>\n\t\t\t\t<\/div>\n\t\t\t\t<div class=\"elementor-element elementor-element-55950592 elementor-invisible elementor-widget elementor-widget-heading\" data-id=\"55950592\" data-element_type=\"widget\" data-settings=\"{&quot;_animation&quot;:&quot;fadeIn&quot;}\" data-widget_type=\"heading.default\">\n\t\t\t\t<div class=\"elementor-widget-container\">\n\t\t\t\t\t<h2 class=\"elementor-heading-title elementor-size-default\">AUSSCHLUSSRECHT<\/h2>\t\t\t\t<\/div>\n\t\t\t\t<\/div>\n\t\t\t\t<div class=\"elementor-element elementor-element-4672ef42 elementor-widget elementor-widget-text-editor\" data-id=\"4672ef42\" data-element_type=\"widget\" data-widget_type=\"text-editor.default\">\n\t\t\t\t<div class=\"elementor-widget-container\">\n\t\t\t\t\t\t\t\t\tEl Pedrueco beh\u00e4lt sich das Recht vor, Nutzern, die diese Allgemeinen Nutzungsbedingungen nicht einhalten, den Zugang zum Portal und\/oder den angebotenen Diensten ohne vorherige Ank\u00fcndigung auf eigenen Wunsch oder den eines Dritten zu verweigern oder zu entziehen.\t\t\t\t\t\t\t\t<\/div>\n\t\t\t\t<\/div>\n\t\t\t\t<div class=\"elementor-element elementor-element-1cd6f496 elementor-invisible elementor-widget elementor-widget-heading\" data-id=\"1cd6f496\" data-element_type=\"widget\" data-settings=\"{&quot;_animation&quot;:&quot;fadeIn&quot;}\" data-widget_type=\"heading.default\">\n\t\t\t\t<div class=\"elementor-widget-container\">\n\t\t\t\t\t<h2 class=\"elementor-heading-title elementor-size-default\">ALLGEMEINES<\/h2>\t\t\t\t<\/div>\n\t\t\t\t<\/div>\n\t\t\t\t<div class=\"elementor-element elementor-element-118eaaf6 elementor-widget elementor-widget-text-editor\" data-id=\"118eaaf6\" data-element_type=\"widget\" data-widget_type=\"text-editor.default\">\n\t\t\t\t<div class=\"elementor-widget-container\">\n\t\t\t\t\t\t\t\t\tEl Pedrueco wird die Nichteinhaltung dieser Bedingungen sowie jede missbr\u00e4uchliche Nutzung seines Portals mit allen zivil- und strafrechtlichen Ma\u00dfnahmen verfolgen, die ihm gesetzlich zustehen.\t\t\t\t\t\t\t\t<\/div>\n\t\t\t\t<\/div>\n\t\t\t\t\t<\/div>\n\t\t<\/div>\n\t\t\t\t\t<\/div>\n\t\t<\/section>\n\t\t\t\t<section class=\"elementor-section elementor-top-section elementor-element elementor-element-47109854 elementor-section-boxed elementor-section-height-default elementor-section-height-default\" data-id=\"47109854\" data-element_type=\"section\">\n\t\t\t\t\t\t<div class=\"elementor-container elementor-column-gap-default\">\n\t\t\t\t\t<div class=\"elementor-column elementor-col-100 elementor-top-column elementor-element elementor-element-17a76458\" data-id=\"17a76458\" data-element_type=\"column\">\n\t\t\t<div class=\"elementor-widget-wrap elementor-element-populated\">\n\t\t\t\t\t\t<div class=\"elementor-element elementor-element-139dc241 elementor-align-center elementor-widget elementor-widget-button\" data-id=\"139dc241\" data-element_type=\"widget\" data-widget_type=\"button.default\">\n\t\t\t\t<div class=\"elementor-widget-container\">\n\t\t\t\t\t\t\t\t\t<div class=\"elementor-button-wrapper\">\n\t\t\t\t\t<a class=\"elementor-button elementor-button-link elementor-size-md elementor-animation-grow\" href=\"https:\/\/www.elpedrueco.com\/de\/contacto\/\">\n\t\t\t\t\t\t<span class=\"elementor-button-content-wrapper\">\n\t\t\t\t\t\t\t\t\t<span class=\"elementor-button-text\">Frage nach mehr Informationen<\/span>\n\t\t\t\t\t<\/span>\n\t\t\t\t\t<\/a>\n\t\t\t\t<\/div>\n\t\t\t\t\t\t\t\t<\/div>\n\t\t\t\t<\/div>\n\t\t\t\t\t<\/div>\n\t\t<\/div>\n\t\t\t\t\t<\/div>\n\t\t<\/section>\n\t\t\t\t<\/div>","protected":false},"excerpt":{"rendered":"<p>AVISO LEGAL Informaci\u00f3n sobre la propiedad del sitio web, el \u00e1mbito y el uso del mismo. TITULARIDAD En cumplimiento de las obligaciones establecidas en el art\u00edculo 10 de la Ley 34\/2002, de 11 de julio, de Servicios de la Sociedad de la Informaci\u00f3n y Comercio Electr\u00f3nico, se hace constar que esta p\u00e1gina corresponde a la [&hellip;]<\/p>","protected":false},"author":3,"featured_media":5128,"parent":0,"menu_order":0,"comment_status":"closed","ping_status":"closed","template":"elementor_header_footer","meta":{"_joinchat":[],"footnotes":""},"class_list":["post-5125","page","type-page","status-publish","has-post-thumbnail","hentry"],"_links":{"self":[{"href":"https:\/\/www.elpedrueco.com\/de\/wp-json\/wp\/v2\/pages\/5125","targetHints":{"allow":["GET"]}}],"collection":[{"href":"https:\/\/www.elpedrueco.com\/de\/wp-json\/wp\/v2\/pages"}],"about":[{"href":"https:\/\/www.elpedrueco.com\/de\/wp-json\/wp\/v2\/types\/page"}],"author":[{"embeddable":true,"href":"https:\/\/www.elpedrueco.com\/de\/wp-json\/wp\/v2\/users\/3"}],"replies":[{"embeddable":true,"href":"https:\/\/www.elpedrueco.com\/de\/wp-json\/wp\/v2\/comments?post=5125"}],"version-history":[{"count":5,"href":"https:\/\/www.elpedrueco.com\/de\/wp-json\/wp\/v2\/pages\/5125\/revisions"}],"predecessor-version":[{"id":5517,"href":"https:\/\/www.elpedrueco.com\/de\/wp-json\/wp\/v2\/pages\/5125\/revisions\/5517"}],"wp:featuredmedia":[{"embeddable":true,"href":"https:\/\/www.elpedrueco.com\/de\/wp-json\/wp\/v2\/media\/5128"}],"wp:attachment":[{"href":"https:\/\/www.elpedrueco.com\/de\/wp-json\/wp\/v2\/media?parent=5125"}],"curies":[{"name":"wp","href":"https:\/\/api.w.org\/{rel}","templated":true}]}}