{"id":196,"date":"2021-02-06T23:22:44","date_gmt":"2021-02-06T23:22:44","guid":{"rendered":"https:\/\/www.elpedrueco.com\/?page_id=196"},"modified":"2023-08-31T18:58:48","modified_gmt":"2023-08-31T16:58:48","slug":"condiciones-de-reserva-y-o-cancelacion","status":"publish","type":"page","link":"https:\/\/www.elpedrueco.com\/de\/condiciones-de-reserva-y-o-cancelacion\/","title":{"rendered":"Reservierungs- und Stornierungsbedingungen"},"content":{"rendered":"<div data-elementor-type=\"wp-page\" data-elementor-id=\"196\" class=\"elementor elementor-196\" data-elementor-post-type=\"page\">\n\t\t\t\t\t\t<section class=\"elementor-section elementor-top-section elementor-element elementor-element-46242814 elementor-section-boxed elementor-section-height-default elementor-section-height-default\" data-id=\"46242814\" data-element_type=\"section\">\n\t\t\t\t\t\t<div class=\"elementor-container elementor-column-gap-default\">\n\t\t\t\t\t<div class=\"elementor-column elementor-col-100 elementor-top-column elementor-element elementor-element-57bd2be9\" data-id=\"57bd2be9\" data-element_type=\"column\">\n\t\t\t<div class=\"elementor-widget-wrap elementor-element-populated\">\n\t\t\t\t\t\t<div class=\"elementor-element elementor-element-7a839453 elementor-widget elementor-widget-text-editor\" data-id=\"7a839453\" data-element_type=\"widget\" data-widget_type=\"text-editor.default\">\n\t\t\t\t<div class=\"elementor-widget-container\">\n\t\t\t\t\t\t\t\t\t<p><\/p>\n<p>RESERVIERUNGSBEDINGUNGEN<\/p>\n<p><\/p>\n<ul class=\"wp-block-list\">\n<li>\n<p><span style=\"color: #101010;\"><span style=\"font-family: Calibri, sans-serif;\"><span style=\"font-size: large;\"><u><b>BUCHUNGS- UND STORNIERUNGSBEDINGUNGEN<\/b><\/u><\/span><\/span><\/span><\/p>\n<p>\u00a0<\/p>\n<ul>\n<li>\n<p><span style=\"color: #101010;\"><span style=\"font-family: Calibri, sans-serif;\"><span style=\"font-size: small;\">Die maximale Kapazit\u00e4t des Hauses betr\u00e4gt 6 Personen.<\/span><\/span><\/span><\/p>\n<\/li>\n<li>\n<p><span style=\"color: #101010;\"><span style=\"font-family: Calibri, sans-serif;\"><span style=\"font-size: small;\">El Pedrueco ist nicht verantwortlich f\u00fcr Reservierungen, die nicht schriftlich best\u00e4tigt wurden.<\/span><\/span><\/span><\/p>\n<\/li>\n<li>\n<p><span style=\"color: #101010;\"><span style=\"font-family: Calibri, sans-serif;\"><span style=\"font-size: small;\">Es wird komplett vermietet, mit 1, 2 oder 3 Schlafzimmern. je nach Reservierung und Vertrag. Das \u00dcbernachten und\/oder der Aufenthalt von nicht im Betrieb angemeldeten Personen ist nicht gestattet, mit Ausnahme der Vermietung auf Anfrage von Events.<\/span><\/span><\/span><\/p>\n<\/li>\n<li>\n<p><span style=\"color: #101010;\"><span style=\"font-family: Calibri, sans-serif;\"><span style=\"font-size: small;\">Die Anmietung von R\u00e4umlichkeiten f\u00fcr Veranstaltungen und Tagungen ist ein zus\u00e4tzlicher Service und unterliegt ausdr\u00fccklichen Konditionen entsprechend der Veranstaltung und dem Vertrag.<\/span><\/span><\/span><\/p>\n<\/li>\n<li>\n<p><span style=\"color: #101010;\"><span style=\"font-family: Calibri, sans-serif;\"><span style=\"font-size: small;\">Einlass ab 18:00 Uhr.<\/span><\/span><\/span><\/p>\n<\/li>\n<li>\n<p><span style=\"color: #101010;\"><span style=\"font-family: Calibri, sans-serif;\"><span style=\"font-size: small;\">Abfahrtszeit vor 11 Uhr (je nach Verf\u00fcgbarkeit, Abfahrten nach dem Mittagessen gegen Aufpreis).<\/span><\/span><\/span><\/p>\n<\/li>\n<li>\n<p><span style=\"color: #101010;\"><span style=\"font-family: Calibri, sans-serif;\"><span style=\"font-size: small;\">\u00dcberpr\u00fcfen Sie den w\u00f6chentlichen Einreisetag in T Alta. Bei \u00c4nderungen im Zeitplan immer R\u00fccksprache halten).<\/span><\/span><\/span><\/p>\n<\/li>\n<\/ul>\n<p><strong><span style=\"color: #101010;\"><span style=\"font-family: Calibri, sans-serif;\"><span style=\"font-size: small;\"><b>.Gemeinsame Au\u00dfenbereiche<\/b><\/span><\/span><\/span><\/strong><\/p>\n<ul>\n<li>\n<p><span style=\"color: #101010;\"><span style=\"font-family: Calibri, sans-serif;\"><span style=\"font-size: small;\">Tiere sind auf Anfrage an der Leine in den \u00f6ffentlichen Bereichen und immer in Begleitung der Eigent\u00fcmer gestattet.<\/span><\/span><\/span><\/p>\n<\/li>\n<li>\n<p><span style=\"color: #101010;\"><span style=\"font-family: Calibri, sans-serif;\"><span style=\"font-size: small;\">Der Kunde ist f\u00fcr alle Sch\u00e4den verantwortlich, die er oder seine Haustiere in der Unterkunft verursachen.<\/span><\/span><\/span><\/p>\n<\/li>\n<li>\n<p><span style=\"color: #101010;\"><span style=\"font-family: Calibri, sans-serif;\"><span style=\"font-size: small;\">W\u00e4schewechsel w\u00f6chentlich oder wann immer der Kunde es w\u00fcnscht (Umweltrichtlinie).<\/span><\/span><\/span><\/p>\n<\/li>\n<li>\n<p><span style=\"color: #101010;\"><span style=\"font-family: Calibri, sans-serif;\"><span style=\"font-size: small;\">Die Nutzung von Handt\u00fcchern aus der Unterkunft au\u00dferhalb und im Pool ist nicht gestattet.<\/span><\/span><\/span><\/p>\n<\/li>\n<li>\n<p><span style=\"color: #101010;\"><span style=\"font-family: Calibri, sans-serif;\"><span style=\"font-size: small;\">Web-Zahlungsmethode El Pedrueco: 50% f\u00fcr Reservierung per Online-Reservierung oder Bank\u00fcberweisung. Ruhen Sie sich bei Vertragsunterzeichnung aus. Oder gem\u00e4\u00df den Bedingungen der Reservierungswebsite.<\/span><\/span><\/span><\/p>\n<\/li>\n<li>\n<p><span style=\"color: #101010;\"><span style=\"font-family: Calibri, sans-serif;\"><span style=\"font-size: small;\">Der Aufenthalt wird in voller H\u00f6he entsprechend der Anzahl der vertraglich vereinbarten N\u00e4chte berechnet. N\u00e4chte werden nicht abgezogen, wenn der Kunde beschlie\u00dft, den Check-in zu verschieben oder vorzeitig abzureisen.<\/span><\/span><\/span><\/p>\n<\/li>\n<li>\n<p><span style=\"color: #101010;\"><span style=\"font-family: Calibri, sans-serif;\"><span style=\"font-size: small;\">Der Kunde verpflichtet sich, w\u00e4hrend seines Aufenthaltes etwaige Unregelm\u00e4\u00dfigkeiten oder M\u00e4ngel in der Unterkunft zu melden. El Pedrueco verpflichtet sich, diese Probleme so schnell wie m\u00f6glich zu beheben.<\/span><\/span><\/span><\/p>\n<\/li>\n<li>\n<p><span style=\"color: #101010;\"><span style=\"font-family: Calibri, sans-serif;\"><span style=\"font-size: small;\">Folgende Verantwortlichkeiten seitens der Unterkunft sind ausgeschlossen: El Pedrueco liegt in einer l\u00e4ndlichen Umgebung mit vielen Vor- und einigen Nachteilen, eingeschr\u00e4nkte Telefonie mit weniger Anbietern, weniger leistungsstarkes WLAN, gelegentliche Stromausf\u00e4lle, Wasser...<\/span><\/span><\/span><\/p>\n<\/li>\n<\/ul>\n<p><span style=\"color: #101010;\"><span style=\"font-family: Calibri, sans-serif;\"><span style=\"font-size: small;\">Unterbrechungen der Strom- und Wasserversorgung<\/span><\/span><\/span><\/p>\n<p><span style=\"color: #101010;\"><span style=\"font-family: Calibri, sans-serif;\"><span style=\"font-size: small;\">Der Bruch eines Ger\u00e4ts in der Unterkunft muss unverz\u00fcglich dem entsprechenden technischen Dienst gemeldet werden. Eine nicht unverz\u00fcgliche Behebung des Problems stellt keinen Grund f\u00fcr eine Entsch\u00e4digung dar.<\/span><\/span><\/span><\/p>\n<p><span style=\"color: #101010;\"><span style=\"font-family: Calibri, sans-serif;\"><span style=\"font-size: small;\">Die Arbeiten der Verwaltung oder anderer Unternehmen au\u00dferhalb der Unterkunft, die in der N\u00e4he ausgef\u00fchrt werden<\/span><\/span><\/span><\/p>\n<p><span style=\"color: #101010;\"><span style=\"font-family: Calibri, sans-serif;\"><span style=\"font-size: small;\">Jede Art von schwerwiegender, nat\u00fcrlicher oder \u00e4hnlicher Ursache, die den Genuss w\u00e4hrend des Aufenthalts beeintr\u00e4chtigen kann<\/span><\/span><\/span><\/p>\n<ul>\n<li>\n<p><span style=\"color: #101010;\"><span style=\"font-family: Calibri, sans-serif;\"><span style=\"font-size: small;\">Kaution 200 \u20ac (Festbetrag), die innerhalb von 7 Tagen nach Abreise und \u00dcberpr\u00fcfung der Unterkunft zur\u00fcckerstattet wird.<\/span><\/span><\/span><\/p>\n<\/li>\n<li>\n<p><span style=\"color: #101010;\"><span style=\"font-family: Calibri, sans-serif;\"><span style=\"font-size: small;\">Angebote gelten nur bei Direktbuchung beim Haus.<\/span><\/span><\/span><\/p>\n<\/li>\n<li>\n<p><span style=\"color: #101010;\"><span style=\"font-family: Calibri, sans-serif;\"><span style=\"font-size: small;\">Die Direktion beh\u00e4lt sich das Recht vor, die Unterkunft bei Bedarf zu betreten.<\/span><\/span><\/span><\/p>\n<\/li>\n<li>\n<p><span style=\"color: #101010;\"><span style=\"font-family: Calibri, sans-serif;\"><span style=\"font-size: small;\">Die Unterkunft muss sauber und mit allen M\u00f6beln und Gegenst\u00e4nden in dem Zustand hinterlassen werden, in dem sie vorgefunden wurden.<\/span><\/span><\/span><\/p>\n<p>\u00a0<\/p>\n<\/li>\n<\/ul>\n<p><span style=\"color: #101010;\"><span style=\"font-family: Calibri, sans-serif;\"><span style=\"font-size: small;\"><b>STORNIERUNGSBEDINGUNGEN<\/b><\/span><\/span><\/span><\/p>\n<p><span style=\"color: #101010;\"><span style=\"font-family: apple-system, BlinkMacSystemFont, Segoe UI, Roboto, Oxygen-Sans, Ubuntu, Cantarell, Helvetica Neue, sans-serif;\"><span style=\"font-size: small;\">-Eine Stornierung ist 24 Stunden nach der Reservierung kostenlos und bis zu 30 Tage vor dem Ankunftsdatum wird der als \u201eReservierungsvorschuss\u201c gezahlte Gesamtbetrag zur\u00fcckerstattet (50% des gesamten Aufenthalts).\u00a0<\/span><\/span><\/span><\/p>\n<p><span style=\"color: #101010;\">\u2013<span style=\"font-size: small;\"><span style=\"font-family: apple-system, BlinkMacSystemFont, Segoe UI, Roboto, Oxygen-Sans, Ubuntu, Cantarell, Helvetica Neue, sans-serif;\">Zwischen 30 und 15 Tagen vor dem Ankunftsdatum betr\u00e4gt die Strafe 25% des \u201eReservierungsvorschusses\u201c.<\/span><\/span><\/span><\/p>\n<p><span style=\"color: #101010;\">\u2013<span style=\"font-size: small;\"><span style=\"font-family: apple-system, BlinkMacSystemFont, Segoe UI, Roboto, Oxygen-Sans, Ubuntu, Cantarell, Helvetica Neue, sans-serif;\">Zwischen 30 Tagen und 7 Tagen vor dem Ankunftsdatum betr\u00e4gt die Strafe 50% des \u201eReservierungsvorschusses\u201c.<\/span><\/span><\/span><\/p>\n<p><span style=\"color: #101010;\">\u2013<span style=\"font-size: small;\"><span style=\"font-family: apple-system, BlinkMacSystemFont, Segoe UI, Roboto, Oxygen-Sans, Ubuntu, Cantarell, Helvetica Neue, sans-serif;\">Innerhalb von 7 Tagen vor dem Check-in-Datum wird kein Betrag des \u201eReservierungsvorschusses\u201c zur\u00fcckerstattet.<\/span><\/span><\/span><\/p>\n<ul>\n<li>\n<h6><span style=\"color: #101010;\"><span style=\"font-family: apple-system, BlinkMacSystemFont, Segoe UI, Roboto, Oxygen-Sans, Ubuntu, Cantarell, Helvetica Neue, sans-serif;\"><span style=\"font-size: small;\">Verwaltungskosten im Namen des Kunden<\/span><\/span><\/span><\/h6>\n<\/li>\n<\/ul>\n<\/li>\n<\/ul>\n<p><\/p>\n<p><\/p>\t\t\t\t\t\t\t\t<\/div>\n\t\t\t\t<\/div>\n\t\t\t\t\t<\/div>\n\t\t<\/div>\n\t\t\t\t\t<\/div>\n\t\t<\/section>\n\t\t\t\t<\/div>","protected":false},"excerpt":{"rendered":"<p>BUCHUNGSBEDINGUNGEN BUCHUNGS- UND STORNIERUNGSBEDINGUNGEN Die maximale Kapazit\u00e4t des Hauses betr\u00e4gt 6 Personen. El Pedrueco ist nicht verantwortlich f\u00fcr Reservierungen, die nicht schriftlich best\u00e4tigt wurden. Es wird komplett vermietet, mit 1, 2 oder 3 Schlafzimmern. je nach Reservierung und Vertrag. Die \u00dcbernachtung und\/oder der Aufenthalt von [\u2026]<\/p>","protected":false},"author":3,"featured_media":0,"parent":0,"menu_order":0,"comment_status":"closed","ping_status":"closed","template":"","meta":{"_joinchat":[],"footnotes":""},"class_list":["post-196","page","type-page","status-publish","hentry"],"_links":{"self":[{"href":"https:\/\/www.elpedrueco.com\/de\/wp-json\/wp\/v2\/pages\/196","targetHints":{"allow":["GET"]}}],"collection":[{"href":"https:\/\/www.elpedrueco.com\/de\/wp-json\/wp\/v2\/pages"}],"about":[{"href":"https:\/\/www.elpedrueco.com\/de\/wp-json\/wp\/v2\/types\/page"}],"author":[{"embeddable":true,"href":"https:\/\/www.elpedrueco.com\/de\/wp-json\/wp\/v2\/users\/3"}],"replies":[{"embeddable":true,"href":"https:\/\/www.elpedrueco.com\/de\/wp-json\/wp\/v2\/comments?post=196"}],"version-history":[{"count":5,"href":"https:\/\/www.elpedrueco.com\/de\/wp-json\/wp\/v2\/pages\/196\/revisions"}],"predecessor-version":[{"id":5010,"href":"https:\/\/www.elpedrueco.com\/de\/wp-json\/wp\/v2\/pages\/196\/revisions\/5010"}],"wp:attachment":[{"href":"https:\/\/www.elpedrueco.com\/de\/wp-json\/wp\/v2\/media?parent=196"}],"curies":[{"name":"wp","href":"https:\/\/api.w.org\/{rel}","templated":true}]}}