{"id":1361,"date":"2021-03-12T00:05:55","date_gmt":"2021-03-11T23:05:55","guid":{"rendered":"https:\/\/www.elpedrueco.com\/?page_id=1361"},"modified":"2021-03-18T22:52:06","modified_gmt":"2021-03-18T21:52:06","slug":"admision-de-mascotas","status":"publish","type":"page","link":"https:\/\/www.elpedrueco.com\/de\/admision-de-mascotas\/","title":{"rendered":"Haustierzulassung"},"content":{"rendered":"<p><strong>EINTRITT F\u00dcR HAUSTIERE<\/strong><\/p>\n\n\n\n<p><strong>Bedingungen:<\/strong><\/p>\n\n\n\n<p>Auf vorherige Anfrage, an der Leine in den \u00f6ffentlichen Bereichen und immer in Begleitung der Eigent\u00fcmer.<\/p>\n\n\n\n<p>Zuschlag 10 \u20ac\/Nacht\/Haustier.<\/p>\n\n\n\n<p>Zutritt von Hunden und Katzen ohne Gewichtsbeschr\u00e4nkung.<\/p>\n\n\n\n<p>Hunde von Rassen, die als potenziell gef\u00e4hrlich gelten (PPP), sind erlaubt. Bei der Formalisierung des Aufenthalts fordert die Einrichtung die entsprechende Besitzkarte f\u00fcr gef\u00e4hrliche Rassen sowie eine Haftpflichtversicherung f\u00fcr das Tier an und die Einhaltung der diesbez\u00fcglichen Sicherheitsvorschriften ist obligatorisch. Rassen ( Leine, Maulkorb usw.)<\/p>\n\n\n\n<p>Zutritt f\u00fcr ein Haustier pro Aufenthalt.<\/p>\n\n\n\n<p>Es ist nicht gestattet, Ihren Hund im Badezimmer des Zimmers, im Pool oder Teich zu baden oder ihn mit den Handt\u00fcchern der Unterkunft zu trocknen. Aus hygienischen Gr\u00fcnden sollte Ihr Hund nicht auf Betten oder Sofas schlafen. Hierzu stellen wir Ihnen auf Wunsch ein \u201eCanine Kit\u201c zur Verf\u00fcgung.<\/p>\n\n\n\n<p>Der Besitzer haftet f\u00fcr alle durch sein Haustier verursachten Sch\u00e4den, sei es an Dritten oder an M\u00f6beln. Bei Nichteinhaltung dieser Regeln beh\u00e4lt sich \u201eEl Pedrueco\u201c das Recht vor, den Aufenthalt zu stornieren, Sie zum Verlassen der Unterkunft aufzufordern und\/oder den Betrag f\u00fcr etwaige w\u00e4hrend des Aufenthalts entstandene Sch\u00e4den in Rechnung zu stellen.<\/p>","protected":false},"excerpt":{"rendered":"<p>Bedingungen f\u00fcr den Eintritt von Haustieren: Auf vorherige Anfrage, an der Leine in den \u00f6ffentlichen Bereichen und immer in Begleitung der Eigent\u00fcmer. Zuschlag 10 \u20ac\/Nacht\/Haustier. Zutritt von Hunden und Katzen ohne Gewichtsbeschr\u00e4nkung. Hunde von Rassen, die als potenziell gef\u00e4hrlich gelten (PPP), sind erlaubt; die Einrichtung wird bei der Formalisierung des Aufenthalts die entsprechende Hundebesitzkarte verlangen.<\/p>","protected":false},"author":3,"featured_media":0,"parent":0,"menu_order":0,"comment_status":"closed","ping_status":"closed","template":"","meta":{"_joinchat":[],"footnotes":""},"class_list":["post-1361","page","type-page","status-publish","hentry"],"_links":{"self":[{"href":"https:\/\/www.elpedrueco.com\/de\/wp-json\/wp\/v2\/pages\/1361","targetHints":{"allow":["GET"]}}],"collection":[{"href":"https:\/\/www.elpedrueco.com\/de\/wp-json\/wp\/v2\/pages"}],"about":[{"href":"https:\/\/www.elpedrueco.com\/de\/wp-json\/wp\/v2\/types\/page"}],"author":[{"embeddable":true,"href":"https:\/\/www.elpedrueco.com\/de\/wp-json\/wp\/v2\/users\/3"}],"replies":[{"embeddable":true,"href":"https:\/\/www.elpedrueco.com\/de\/wp-json\/wp\/v2\/comments?post=1361"}],"version-history":[{"count":3,"href":"https:\/\/www.elpedrueco.com\/de\/wp-json\/wp\/v2\/pages\/1361\/revisions"}],"predecessor-version":[{"id":2102,"href":"https:\/\/www.elpedrueco.com\/de\/wp-json\/wp\/v2\/pages\/1361\/revisions\/2102"}],"wp:attachment":[{"href":"https:\/\/www.elpedrueco.com\/de\/wp-json\/wp\/v2\/media?parent=1361"}],"curies":[{"name":"wp","href":"https:\/\/api.w.org\/{rel}","templated":true}]}}